{"id":4316,"date":"2023-07-31T12:20:40","date_gmt":"2023-07-31T10:20:40","guid":{"rendered":"https:\/\/mregio.de\/disclaimer\/"},"modified":"2024-11-14T11:51:08","modified_gmt":"2024-11-14T10:51:08","slug":"disclaimer","status":"publish","type":"page","link":"https:\/\/mregio.de\/pt-br\/legal\/disclaimer\/","title":{"rendered":"Disclaimer"},"content":{"rendered":"\n<p>As informa\u00e7\u00f5es fornecidas no mregio.de destinam-se apenas a fins informativos gerais.<\/p>\n\n<p>Nosso software \u00e9 fornecido apenas para fins informativos e ilustrativos. Embora nos esforcemos para garantir precis\u00e3o e confiabilidade, a sa\u00edda do software n\u00e3o deve ser considerada uma representa\u00e7\u00e3o exata do produto final. Recomenda-se verificar todas as medidas e projetos com um profissional antes de prosseguir com qualquer compra.<\/p>\n\n<p>Nosso site fornece um software de design de gabinete on-line &#8220;no estado em que se encontra&#8221;, sem quaisquer garantias expressas ou impl\u00edcitas. Ao usar o software, voc\u00ea concorda que o faz por sua conta e risco, e n\u00e3o damos garantias quanto ao seu desempenho, precis\u00e3o ou adequa\u00e7\u00e3o aos seus prop\u00f3sitos espec\u00edficos.<\/p>\n\n<p>Quaisquer decis\u00f5es tomadas com base na sa\u00edda do software s\u00e3o feitas por sua conta e risco, e encorajamos voc\u00ea a consultar um designer de gabinete qualificado ou outros profissionais relevantes para avaliar suas necessidades e requisitos espec\u00edficos.<\/p>\n\n<p>Os usu\u00e1rios do software de design de gabinete s\u00e3o respons\u00e1veis por suas a\u00e7\u00f5es e projetos. Voc\u00ea assume total responsabilidade pela precis\u00e3o, adequa\u00e7\u00e3o e legalidade dos projetos criados usando nosso software. N\u00e3o seremos respons\u00e1veis por quaisquer danos diretos ou indiretos resultantes do uso ou mau uso do software.<\/p>\n\n<p>Os usu\u00e1rios do software de design de gabinete s\u00e3o respons\u00e1veis por suas a\u00e7\u00f5es e projetos. Voc\u00ea assume total responsabilidade pela precis\u00e3o, adequa\u00e7\u00e3o e legalidade dos projetos criados usando nosso software. N\u00e3o seremos respons\u00e1veis por quaisquer danos diretos ou indiretos resultantes do uso ou mau uso do software.<\/p>\n\n<p>Os usu\u00e1rios do software de design de gabinete s\u00e3o respons\u00e1veis por suas a\u00e7\u00f5es e projetos. Voc\u00ea assume total responsabilidade pela precis\u00e3o, adequa\u00e7\u00e3o e legalidade dos projetos criados usando nosso software. N\u00e3o seremos respons\u00e1veis por quaisquer danos diretos ou indiretos resultantes do uso ou mau uso do software. Ao usar nosso software de design de gabinete on-line, voc\u00ea reconhece que leu e entendeu este aviso legal e concorda com seus termos. Se voc\u00ea n\u00e3o concordar com qualquer parte deste aviso legal, abstenha-se de usar o software.<\/p>\n\n<p>Reservamo-nos o direito de modificar, atualizar ou remover qualquer conte\u00fado ou servi\u00e7os fornecidos em mregio.de sem aviso pr\u00e9vio.<\/p>\n\n<p>Ao usar este site, voc\u00ea reconhece e concorda com os termos de condi\u00e7\u00f5es, este aviso legal e outras pol\u00edticas. Se voc\u00ea n\u00e3o concorda com os termos e isen\u00e7\u00e3o de responsabilidade, por favor, abstenha-se de usar nosso site.<\/p>\n\n<p>\u00daltima modifica\u00e7\u00e3o: 31.07.2023<\/p>\n","protected":false},"excerpt":{"rendered":"<p>As informa\u00e7\u00f5es fornecidas no mregio.de destinam-se apenas a fins informativos gerais. Nosso software \u00e9 fornecido apenas para fins informativos e ilustrativos. Embora nos esforcemos para garantir precis\u00e3o e confiabilidade, a sa\u00edda do software n\u00e3o deve ser considerada uma representa\u00e7\u00e3o exata do produto final. Recomenda-se verificar todas as medidas e projetos com um profissional antes de [&hellip;]<\/p>\n","protected":false},"author":4,"featured_media":0,"parent":10676,"menu_order":0,"comment_status":"closed","ping_status":"closed","template":"","meta":{"footnotes":""},"class_list":["post-4316","page","type-page","status-publish","hentry"],"_links":{"self":[{"href":"https:\/\/mregio.de\/pt-br\/wp-json\/wp\/v2\/pages\/4316","targetHints":{"allow":["GET"]}}],"collection":[{"href":"https:\/\/mregio.de\/pt-br\/wp-json\/wp\/v2\/pages"}],"about":[{"href":"https:\/\/mregio.de\/pt-br\/wp-json\/wp\/v2\/types\/page"}],"author":[{"embeddable":true,"href":"https:\/\/mregio.de\/pt-br\/wp-json\/wp\/v2\/users\/4"}],"replies":[{"embeddable":true,"href":"https:\/\/mregio.de\/pt-br\/wp-json\/wp\/v2\/comments?post=4316"}],"version-history":[{"count":1,"href":"https:\/\/mregio.de\/pt-br\/wp-json\/wp\/v2\/pages\/4316\/revisions"}],"predecessor-version":[{"id":10752,"href":"https:\/\/mregio.de\/pt-br\/wp-json\/wp\/v2\/pages\/4316\/revisions\/10752"}],"up":[{"embeddable":true,"href":"https:\/\/mregio.de\/pt-br\/wp-json\/wp\/v2\/pages\/10676"}],"wp:attachment":[{"href":"https:\/\/mregio.de\/pt-br\/wp-json\/wp\/v2\/media?parent=4316"}],"curies":[{"name":"wp","href":"https:\/\/api.w.org\/{rel}","templated":true}]}}