{"id":3261,"date":"2020-12-04T19:12:52","date_gmt":"2020-12-04T18:12:52","guid":{"rendered":"https:\/\/mregio.de\/impressao\/"},"modified":"2024-11-14T11:12:42","modified_gmt":"2024-11-14T10:12:42","slug":"impressao","status":"publish","type":"page","link":"https:\/\/mregio.de\/pt-br\/legal\/impressao\/","title":{"rendered":"Impress\u00e3o"},"content":{"rendered":"<header class=\"entry-header\">\n<h1 class=\"entry-title\">Impress\u00e3o<\/h1>\n<\/header>\n<div class=\"entry-content\">\n<p>Esta \u00e9 a nossa marca. Aqui voc\u00ea encontrar\u00e1 todas as informa\u00e7\u00f5es relevantes e legais sobre a identifica\u00e7\u00e3o do nosso provedor.<\/p>\n<h2><span id=\"angaben_gemass_5_tmg\">Informa\u00e7\u00f5es de acordo com o \u00a7 5 TMG<\/span><\/h2>\n<p>edv &amp; cad group<br \/>\nBuchbichl 38<br \/>\n83737 Irschenberg<\/p>\n<h2><span id=\"kontakt\">Contato<\/span><\/h2>\n<p>Tel.  <a href=\"http:\/\/Tel:008025995969\">Telefone: +49 (0)8025 995969<\/a><br \/>\nFax +49 (0)8025 995970<\/p>\n<p><a href=\"mailto:info@edv-cad.de\">info@edv-cad.de<\/a><\/p>\n<h2><span id=\"verantwortlich_fur_den_inhalt_nach_55_abs_2_rstv\">Respons\u00e1vel pelo conte\u00fado de acordo com o \u00a7 55 Abs. 2 RStV<\/span><\/h2>\n<p>Hannes Ellmeier<\/p>\n<h2><span id=\"eu-streitschlichtung\">Resolu\u00e7\u00e3o de lit\u00edgios na UE<\/span><\/h2>\n<p>A Comiss\u00e3o Europeia fornece uma plataforma para resolu\u00e7\u00e3o de disputas online (ODR): <a href=\"https:\/\/ec.europa.eu\/consumers\/odr\/main\/index.cfm\" target=\"_blank\" rel=\"noopener noreferrer nofollow\">https:\/\/ec.europa.eu\/consumers\/odr\/main\/index.cfm<\/a><br \/>\nVoc\u00ea pode encontrar nosso endere\u00e7o de e-mail na parte superior da impress\u00e3o.<\/p>\n<h2><span id=\"verbraucherstreitbeilegunguniversalschlichtungsstelle\">Resolu\u00e7\u00e3o de Conflitos de Consumo\/C\u00e2mara de Arbitragem Universal<\/span><\/h2>\n<p>N\u00e3o estamos dispostos ou obrigados a participar em processos de resolu\u00e7\u00e3o de lit\u00edgios perante um conselho de arbitragem de consumidores.<\/p>\n<h2><span id=\"haftung_fur_inhalte\">Responsabilidade pelo conte\u00fado<\/span><\/h2>\n<p>Como prestador de servi\u00e7os, somos obrigados a cumprir o \u00a7 7, par\u00e1grafo 1 A TMG \u00e9 respons\u00e1vel pelo seu pr\u00f3prio conte\u00fado nestas p\u00e1ginas de acordo com as leis gerais. No entanto, de acordo com os \u00a7\u00a7 8 a 10 da TMG, n\u00f3s, como provedor de servi\u00e7os, n\u00e3o somos obrigados a monitorar informa\u00e7\u00f5es de terceiros transmitidas ou armazenadas ou a investigar circunst\u00e2ncias que indiquem atividade ilegal.<\/p>\n<p>As obriga\u00e7\u00f5es de remover ou bloquear o uso de informa\u00e7\u00f5es de acordo com as leis gerais permanecem inalteradas. No entanto, a responsabilidade a este respeito s\u00f3 \u00e9 poss\u00edvel a partir do momento em que se tem conhecimento de uma infrac\u00e7\u00e3o espec\u00edfica. Se tomarmos conhecimento de tais viola\u00e7\u00f5es, removeremos esse conte\u00fado imediatamente. As obriga\u00e7\u00f5es de remover ou bloquear o uso de informa\u00e7\u00f5es de acordo com as leis gerais permanecem inalteradas. No entanto, a responsabilidade a este respeito s\u00f3 \u00e9 poss\u00edvel a partir do momento em que se tem conhecimento de uma infrac\u00e7\u00e3o espec\u00edfica. Se tomarmos conhecimento de tais viola\u00e7\u00f5es, removeremos esse conte\u00fado imediatamente.<\/p>\n<h2><span id=\"haftung_fur_links\">Responsabilidade por links<\/span><\/h2>\n<p>Nosso site cont\u00e9m links para sites externos de terceiros, cujo conte\u00fado n\u00e3o temos influ\u00eancia. Portanto, n\u00e3o podemos assumir qualquer responsabilidade por esses conte\u00fados de terceiros. O respectivo provedor ou operador das p\u00e1ginas \u00e9 sempre respons\u00e1vel pelo conte\u00fado das p\u00e1ginas vinculadas. As p\u00e1ginas vinculadas foram verificadas quanto a poss\u00edveis viola\u00e7\u00f5es legais no momento da vincula\u00e7\u00e3o. O conte\u00fado ilegal n\u00e3o era reconhec\u00edvel no momento da vincula\u00e7\u00e3o.<\/p>\n<p>No entanto, um controle permanente do conte\u00fado das p\u00e1ginas vinculadas n\u00e3o \u00e9 razo\u00e1vel sem ind\u00edcios concretos de viola\u00e7\u00e3o da lei. Se tomarmos conhecimento de quaisquer viola\u00e7\u00f5es legais, removeremos esses links imediatamente.<\/p>\n<h2><span id=\"urheberrecht\">Direitos autorais<\/span><\/h2>\n<p>O conte\u00fado e os trabalhos criados pelos operadores do site nestas p\u00e1ginas est\u00e3o sujeitos \u00e0 lei alem\u00e3 de direitos autorais. A reprodu\u00e7\u00e3o, edi\u00e7\u00e3o, distribui\u00e7\u00e3o e qualquer tipo de explora\u00e7\u00e3o fora dos limites da lei de direitos autorais requerem o consentimento por escrito do respectivo autor ou criador. Downloads e c\u00f3pias deste site s\u00f3 s\u00e3o permitidos para uso privado e n\u00e3o comercial. Na medida em que o conte\u00fado desta p\u00e1gina n\u00e3o tenha sido criado pelo operador, os direitos autorais de terceiros s\u00e3o observados. Em particular, o conte\u00fado de terceiros ser\u00e1 marcado como tal. Se, no entanto, tomar conhecimento de uma viola\u00e7\u00e3o de direitos autorais, informe-nos em conformidade. Se tomarmos conhecimento de quaisquer viola\u00e7\u00f5es legais, removeremos esse conte\u00fado imediatamente.<\/p>\n<\/div>\n","protected":false},"excerpt":{"rendered":"<p>Impress\u00e3o Esta \u00e9 a nossa marca. Aqui voc\u00ea encontrar\u00e1 todas as informa\u00e7\u00f5es relevantes e legais sobre a identifica\u00e7\u00e3o do nosso provedor. Informa\u00e7\u00f5es de acordo com o \u00a7 5 TMG edv &amp; cad group Buchbichl 38 83737 Irschenberg Contato Tel. Telefone: +49 (0)8025 995969 Fax +49 (0)8025 995970 info@edv-cad.de Respons\u00e1vel pelo conte\u00fado de acordo com o [&hellip;]<\/p>\n","protected":false},"author":4,"featured_media":0,"parent":10676,"menu_order":0,"comment_status":"closed","ping_status":"closed","template":"","meta":{"footnotes":""},"class_list":["post-3261","page","type-page","status-publish","hentry"],"_links":{"self":[{"href":"https:\/\/mregio.de\/pt-br\/wp-json\/wp\/v2\/pages\/3261","targetHints":{"allow":["GET"]}}],"collection":[{"href":"https:\/\/mregio.de\/pt-br\/wp-json\/wp\/v2\/pages"}],"about":[{"href":"https:\/\/mregio.de\/pt-br\/wp-json\/wp\/v2\/types\/page"}],"author":[{"embeddable":true,"href":"https:\/\/mregio.de\/pt-br\/wp-json\/wp\/v2\/users\/4"}],"replies":[{"embeddable":true,"href":"https:\/\/mregio.de\/pt-br\/wp-json\/wp\/v2\/comments?post=3261"}],"version-history":[{"count":1,"href":"https:\/\/mregio.de\/pt-br\/wp-json\/wp\/v2\/pages\/3261\/revisions"}],"predecessor-version":[{"id":10685,"href":"https:\/\/mregio.de\/pt-br\/wp-json\/wp\/v2\/pages\/3261\/revisions\/10685"}],"up":[{"embeddable":true,"href":"https:\/\/mregio.de\/pt-br\/wp-json\/wp\/v2\/pages\/10676"}],"wp:attachment":[{"href":"https:\/\/mregio.de\/pt-br\/wp-json\/wp\/v2\/media?parent=3261"}],"curies":[{"name":"wp","href":"https:\/\/api.w.org\/{rel}","templated":true}]}}