{"id":3236,"date":"2020-10-01T07:47:45","date_gmt":"2020-10-01T05:47:45","guid":{"rendered":"https:\/\/mregio.de\/forum-mregio\/"},"modified":"2024-03-22T03:11:23","modified_gmt":"2024-03-22T02:11:23","slug":"forum-mregio","status":"publish","type":"page","link":"https:\/\/mregio.de\/pt-br\/forum-mregio\/","title":{"rendered":"F\u00f3rum"},"content":{"rendered":"<p>O F\u00f3rum MRegio \u00e9 uma fonte valiosa para a troca de informa\u00e7\u00f5es para clientes particulares, arquitetos (interiores), carpinteiros, planejadores, fabricantes de m\u00f3veis ou carpinteiros.<br \/>\nInscreva-se para criar suas pr\u00f3prias postagens e usar todas as funcionalidades do f\u00f3rum.<\/p>\n<p>Voc\u00ea pode encontrar mais informa\u00e7\u00f5es sobre como us\u00e1-lo nas <a href=\"https:\/\/mregio.de\/forum\/forenregeln\/\" target=\"_blank\" rel=\"noopener noreferrer\">regras do f\u00f3rum<\/a>.<\/p>\n<div id=\"af-wrapper\"><div id=\"forum-header\"><div id=\"forum-navigation-mobile\"><a><span class=\"fas fa-bars\"><\/span>Menu<\/a><\/div><span class=\"screen-reader-text\">Navega\u00e7\u00e3o no f\u00f3rum<\/span><div id=\"forum-navigation\"><a class=\"home-link\" href=\"https:\/\/mregio.de\/pt-br\/forum\" target=\"_self\">F\u00f3rum<\/a><a class=\"activity-link\" href=\"https:\/\/mregio.de\/pt-br\/forum\/activity\/\" target=\"_self\">Atividade<\/a><\/div><div id=\"forum-search\"><span class=\"search-icon fas fa-search\"><\/span><form method=\"get\" action=\"https:\/\/mregio.de\/pt-br\/forum\/search\/\"><input name=\"keywords\" type=\"search\" placeholder=\"Buscar ...\" value=\"\"><\/form><\/div><div class=\"clear\"><\/div><\/div><div id=\"forum-breadcrumbs\" itemscope itemtype=\"http:\/\/schema.org\/BreadcrumbList\"><span class=\"screen-reader-text\">Caminho de navega\u00e7\u00e3o do f\u00f3rum - Voc\u00ea est\u00e1 aqui:<\/span><span class=\"breadcrumb-icon fas fa-home\"><\/span><span itemprop=\"itemListElement\" itemscope itemtype=\"https:\/\/schema.org\/ListItem\"><a itemprop=\"item\" href=\"https:\/\/mregio.de\/pt-br\/forum\" title=\"Forum MRegio\"><span itemprop=\"name\">Forum MRegio<\/span><\/a><meta itemprop=\"position\" content=\"1\"><\/span><span class=\"breadcrumb-icon fas fa-chevron-right separator\"><\/span><\/div><h1 class=\"main-title main-title-\">Forum MRegio<\/h1><div class=\"title-element\" id=\"forum-category-28\">Mitteilungen - Notifications<span class=\"last-post-headline\">\u00daltima postagem:<\/span><\/div><div class=\"content-container\"><div class=\"content-element forum\" id=\"forum-7\"><div class=\"forum-status read\"><i class=\"fas fa-comments\"><\/i><\/div><div class=\"forum-name\"><a class=\"forum-title\" href=\"https:\/\/mregio.de\/pt-br\/forum\/forum\/elements-web\/\">Mitteilungen - Notifications<\/a><small class=\"forum-description\">Wichtige Mitteilungen des Herstellers - Important notifications from the manufacturer<\/small><small class=\"forum-stats\">0 T\u00f3pico&nbsp;&middot;&nbsp;  0 Post \n\n <\/small><small class=\"forum-lastpost-small\"><small class=\"no-topics\">Sem t\u00f3picos ainda!<\/small><\/small><small class=\"forum-subforums\"><b>Subf\u00f3runs:<\/b>&nbsp;<a href=\"https:\/\/mregio.de\/pt-br\/forum\/forum\/projekte\/\">DE<\/a>&nbsp;&middot;&nbsp;<a href=\"https:\/\/mregio.de\/pt-br\/forum\/forum\/artikel\/\">US<\/a>&nbsp;&middot;&nbsp;<a href=\"https:\/\/mregio.de\/pt-br\/forum\/forum\/sonstiges\/\">ES<\/a>&nbsp;&middot;&nbsp;<a href=\"https:\/\/mregio.de\/pt-br\/forum\/forum\/fr-3\/\">FR<\/a>&nbsp;&middot;&nbsp;<a href=\"https:\/\/mregio.de\/pt-br\/forum\/forum\/it-3\/\">IT<\/a><\/small><\/div><div class=\"forum-poster\"><small class=\"no-topics\">Sem t\u00f3picos ainda!<\/small><\/div><\/div><\/div><div class=\"title-element\" id=\"forum-category-27\">Allgemein - Common<span class=\"last-post-headline\">\u00daltima postagem:<\/span><\/div><div class=\"content-container\"><div class=\"content-element forum\" id=\"forum-5\"><div class=\"forum-status unread\"><i class=\"fas fa-comments\"><\/i><\/div><div class=\"forum-name\"><a class=\"forum-title\" href=\"https:\/\/mregio.de\/pt-br\/forum\/forum\/wichtige-mitteilungen-des-herstellers\/\">Allgemein - Common<\/a><small class=\"forum-description\">Allgemeine Anwenderfragen - Common user questions<\/small><small class=\"forum-stats\">1 T\u00f3pico&nbsp;&middot;&nbsp;  1 Post \n\n <\/small><small class=\"forum-lastpost-small\">\u00daltimo post:&nbsp;<a href=\"https:\/\/mregio.de\/pt-br\/forum\/topic\/veroeffentlichung-link-zum-online-schrankplaner\/#postid-2\">Ver\u00f6ffentlichung \/ Link zum Online &#8230;<\/a>&nbsp;&middot;&nbsp;<a href=\"https:\/\/mregio.de\/pt-br\/forum\/topic\/veroeffentlichung-link-zum-online-schrankplaner\/#postid-2\">6 anos atr\u00e1s<\/a>&nbsp;&middot;&nbsp;<a class=\"profile-link highlight-admin\" href=\"https:\/\/mregio.de\/pt-br\/forum\/profile\/joel\/\">joel<\/a><\/small><small class=\"forum-subforums\"><b>Subf\u00f3runs:<\/b>&nbsp;<a href=\"https:\/\/mregio.de\/pt-br\/forum\/forum\/de\/\">DE<\/a>&nbsp;&middot;&nbsp;<a href=\"https:\/\/mregio.de\/pt-br\/forum\/forum\/us\/\">US<\/a>&nbsp;&middot;&nbsp;<a href=\"https:\/\/mregio.de\/pt-br\/forum\/forum\/es\/\">ES<\/a>&nbsp;&middot;&nbsp;<a href=\"https:\/\/mregio.de\/pt-br\/forum\/forum\/fr\/\">FR<\/a>&nbsp;&middot;&nbsp;<a href=\"https:\/\/mregio.de\/pt-br\/forum\/forum\/it\/\">IT<\/a><\/small><\/div><div class=\"forum-poster\"><div class=\"forum-poster-summary\"><a href=\"https:\/\/mregio.de\/pt-br\/forum\/topic\/veroeffentlichung-link-zum-online-schrankplaner\/#postid-2\">Ver\u00f6ffentlichung \/ Link z &#8230;<\/a><br><small><a href=\"https:\/\/mregio.de\/pt-br\/forum\/topic\/veroeffentlichung-link-zum-online-schrankplaner\/#postid-2\">6 anos atr\u00e1s<\/a><span>&nbsp;&middot;&nbsp;<\/span><a class=\"profile-link highlight-admin\" href=\"https:\/\/mregio.de\/pt-br\/forum\/profile\/joel\/\">joel<\/a><\/small><\/div><\/div><\/div><\/div><div class=\"title-element\" id=\"forum-category-29\">Online M\u00f6belplaner - Online furnishing planner<span class=\"last-post-headline\">\u00daltima postagem:<\/span><\/div><div class=\"content-container\"><div class=\"content-element forum\" id=\"forum-6\"><div class=\"forum-status read\"><i class=\"fas fa-comments\"><\/i><\/div><div class=\"forum-name\"><a class=\"forum-title\" href=\"https:\/\/mregio.de\/pt-br\/forum\/forum\/online-schrankplaner\/\">Online Schrankplaner - Online cabinet maker<\/a><small class=\"forum-description\">Forum Online Schrankplaner - Online cabinet maker<\/small><small class=\"forum-stats\">0 T\u00f3pico&nbsp;&middot;&nbsp;  0 Post \n\n <\/small><small class=\"forum-lastpost-small\"><small class=\"no-topics\">Sem t\u00f3picos ainda!<\/small><\/small><small class=\"forum-subforums\"><b>Subf\u00f3runs:<\/b>&nbsp;<a href=\"https:\/\/mregio.de\/pt-br\/forum\/forum\/de-2\/\">DE<\/a>&nbsp;&middot;&nbsp;<a href=\"https:\/\/mregio.de\/pt-br\/forum\/forum\/us-2\/\">US<\/a>&nbsp;&middot;&nbsp;<a href=\"https:\/\/mregio.de\/pt-br\/forum\/forum\/es-2\/\">ES<\/a>&nbsp;&middot;&nbsp;<a href=\"https:\/\/mregio.de\/pt-br\/forum\/forum\/fr-2\/\">FR<\/a>&nbsp;&middot;&nbsp;<a href=\"https:\/\/mregio.de\/pt-br\/forum\/forum\/it-2\/\">IT<\/a><\/small><\/div><div class=\"forum-poster\"><small class=\"no-topics\">Sem t\u00f3picos ainda!<\/small><\/div><\/div><\/div><div id=\"read-unread\"><span class=\"indicator unread\"><\/span><span class=\"indicator-label\">Novos posts<\/span><span class=\"indicator read\"><\/span><span class=\"indicator-label\">Nada novo<\/span><span class=\"indicator-label\"><span class=\"fas fa-check\"><\/span><a href=\"https:\/\/mregio.de\/pt-br\/forum\/markallread\/?_wpnonce=0347f7f87d\">Marcar todos como lidos<\/a><\/span><span class=\"indicator-label\"><span class=\"fas fa-history\"><\/span><a href=\"https:\/\/mregio.de\/pt-br\/forum\/unread\/\">Mostrar t\u00f3picos n\u00e3o lidos<\/a><\/span><div class=\"clear\"><\/div><\/div><div id=\"bottom-navigation\"><\/div><div class=\"clear\"><\/div><\/div>\n","protected":false},"excerpt":{"rendered":"<p>O F\u00f3rum MRegio \u00e9 uma fonte valiosa para a troca de informa\u00e7\u00f5es para clientes particulares, arquitetos (interiores), carpinteiros, planejadores, fabricantes de m\u00f3veis ou carpinteiros. Inscreva-se para criar suas pr\u00f3prias postagens e usar todas as funcionalidades do f\u00f3rum. Voc\u00ea pode encontrar mais informa\u00e7\u00f5es sobre como us\u00e1-lo nas regras do f\u00f3rum.<\/p>\n","protected":false},"author":1,"featured_media":0,"parent":0,"menu_order":0,"comment_status":"closed","ping_status":"closed","template":"","meta":{"footnotes":""},"class_list":["post-3236","page","type-page","status-publish","hentry"],"_links":{"self":[{"href":"https:\/\/mregio.de\/pt-br\/wp-json\/wp\/v2\/pages\/3236","targetHints":{"allow":["GET"]}}],"collection":[{"href":"https:\/\/mregio.de\/pt-br\/wp-json\/wp\/v2\/pages"}],"about":[{"href":"https:\/\/mregio.de\/pt-br\/wp-json\/wp\/v2\/types\/page"}],"author":[{"embeddable":true,"href":"https:\/\/mregio.de\/pt-br\/wp-json\/wp\/v2\/users\/1"}],"replies":[{"embeddable":true,"href":"https:\/\/mregio.de\/pt-br\/wp-json\/wp\/v2\/comments?post=3236"}],"version-history":[{"count":1,"href":"https:\/\/mregio.de\/pt-br\/wp-json\/wp\/v2\/pages\/3236\/revisions"}],"predecessor-version":[{"id":10074,"href":"https:\/\/mregio.de\/pt-br\/wp-json\/wp\/v2\/pages\/3236\/revisions\/10074"}],"wp:attachment":[{"href":"https:\/\/mregio.de\/pt-br\/wp-json\/wp\/v2\/media?parent=3236"}],"curies":[{"name":"wp","href":"https:\/\/api.w.org\/{rel}","templated":true}]}}