{"id":3234,"date":"2023-10-23T11:30:27","date_gmt":"2023-10-23T09:30:27","guid":{"rendered":"https:\/\/mregio.de\/torne-se-um-parceiro-afiliado\/"},"modified":"2023-10-23T11:30:27","modified_gmt":"2023-10-23T09:30:27","slug":"torne-se-um-parceiro-afiliado","status":"publish","type":"page","link":"https:\/\/mregio.de\/pt-br\/torne-se-um-parceiro-afiliado\/","title":{"rendered":"Torne-se um parceiro afiliado"},"content":{"rendered":"<h2><span style=\"font-family: Arial, Helvetica, sans-serif;\">Torne-se nosso parceiro afiliado agora!<\/span><\/h2>\n<p><span style=\"font-family: Arial, Helvetica, sans-serif;\">Voc\u00ea est\u00e1 interessado em nossos produtos?<\/span><\/p>\n<p><span style=\"font-family: Arial, Helvetica, sans-serif;\">Voc\u00ea tem seu pr\u00f3prio site ou canais de m\u00eddia social que s\u00e3o visitados regularmente?  <\/span><\/p>\n<p><span style=\"font-family: Arial, Helvetica, sans-serif;\">Ent\u00e3o vamos trabalhar juntos! Atrav\u00e9s do nosso programa de parceiros afiliados, voc\u00ea pode comercializar todos os itens listados em nossa loja sob <a href=\"https:\/\/shop.edv-cad.de\" target=\"_blank\" rel=\"noopener sponsored nofollow\">shop.edv-cad.de<\/a> .  <\/span><\/p>\n<p><span style=\"font-family: Arial, Helvetica, sans-serif;\">Em nosso sortimento voc\u00ea encontrar\u00e1 produtos que carpinteiros, planejadores, arquitetos (de interiores), lojas, feiras e montadores de interiores precisam para seu trabalho di\u00e1rio de escrit\u00f3rio.<\/span><\/p>\n<p><span style=\"font-family: Arial, Helvetica, sans-serif;\">  Com o nosso programa de parceiros afiliados, voc\u00ea pode ganhar comiss\u00f5es atraentes.  <\/span><\/p>\n<p><span style=\"font-family: Arial, Helvetica, sans-serif;\">Voc\u00ea receber\u00e1 uma comiss\u00e3o de at\u00e9 40% por cada pedido confirmado, outras condi\u00e7\u00f5es podem ser acordadas.<\/span><\/p>\n<h3><strong><span style=\"font-family: Arial, Helvetica, sans-serif;\">Por que anunciar como parceiro afiliado?<\/span><\/strong><\/h3>\n<ul>\n<li><span style=\"font-family: Arial, Helvetica, sans-serif;\"><span style=\"font-family: Arial, Helvetica, sans-serif;\">Inscri\u00e7\u00e3o e participa\u00e7\u00e3o f\u00e1cil e gratuita<\/span><\/span><\/li>\n<li><span style=\"font-family: Arial, Helvetica, sans-serif;\"><span style=\"font-family: Arial, Helvetica, sans-serif;\">O programa de afiliados \u00e9 convenientemente tratado atrav\u00e9s da nossa plataforma de loja<\/span><\/span><\/li>\n<li><span style=\"font-family: Arial, Helvetica, sans-serif;\"><span style=\"font-family: Arial, Helvetica, sans-serif;\">A tecnologia de rastreamento comprovada garante que voc\u00ea receba a comiss\u00e3o certa<\/span><\/span><\/li>\n<li><span style=\"font-family: Arial, Helvetica, sans-serif;\"><span style=\"font-family: Arial, Helvetica, sans-serif;\">Acesso direto a an\u00fancios de texto e banners<\/span><\/span><\/li>\n<li><span style=\"font-family: Arial, Helvetica, sans-serif;\"><span style=\"font-family: Arial, Helvetica, sans-serif;\">Dados de alta qualidade em todos os produtos gerenciados<\/span><\/span><\/li>\n<li><span style=\"font-family: Arial, Helvetica, sans-serif;\">Recupera\u00e7\u00e3o r\u00e1pida<\/span><\/li>\n<\/ul>\n<p>&nbsp;<\/p>\n<p><span style=\"text-decoration: underline; background-color: #99ccff; font-size: 24pt;\"><a style=\"background-color: #99ccff;\" href=\"https:\/\/shop.edv-cad.de\" target=\"_blank\" rel=\"noopener nofollow\"><span style=\"background-color: #99ccff;\"><strong><span style=\"font-family: Arial, Helvetica, sans-serif; color: #800000; text-decoration: underline;\">Sim, quero participar!<\/span><\/strong><\/span><\/a><\/span><\/p>\n<ol>\n<li><span style=\"font-family: Arial, Helvetica, sans-serif;\"><a href=\"https:\/\/shop.edv-cad.de\/de\/anmeldung\" target=\"_blank\" rel=\"noopener nofollow\">Inscreva-se no https:\/\/shop.edv-cad.de<\/a><\/span><\/li>\n<li><span style=\"font-family: Arial, Helvetica, sans-serif;\">Cadastre-se e clique no link do parceiro afiliado<\/span><span style=\"font-family: Arial, Helvetica, sans-serif;\"><img decoding=\"async\" class=\"alignnone size-medium wp-image-2657\" src=\"https:\/\/mregio.de\/wp-content\/uploads\/2023\/10\/Prestashop-become-partner-affiliate-software-interior-planungen-138x300.png\" alt=\"Prestashop-become-partner-affiliate-software-interior-planning\" width=\"138\" height=\"300\" title=\"\" srcset=\"https:\/\/mregio.de\/wp-content\/uploads\/2023\/10\/Prestashop-become-partner-affiliate-software-interior-planungen-138x300.png 138w, https:\/\/mregio.de\/wp-content\/uploads\/2023\/10\/Prestashop-become-partner-affiliate-software-interior-planungen-473x1024.png 473w, https:\/\/mregio.de\/wp-content\/uploads\/2023\/10\/Prestashop-become-partner-affiliate-software-interior-planungen.png 553w\" sizes=\"(max-width: 138px) 100vw, 138px\" \/><\/span><\/li>\n<li><span style=\"font-family: Arial, Helvetica, sans-serif;\">Insira seus dados de contato, site e URL do site&#8230;<\/span><\/li>\n<\/ol>\n<p><img decoding=\"async\" class=\"alignnone size-medium wp-image-2673\" src=\"https:\/\/mregio.de\/wp-content\/uploads\/2023\/10\/formular-affiliate-partner-webseite-300x145.png\" alt=\"Formul\u00e1rio Site do Parceiro Afiliado\" width=\"300\" height=\"145\" title=\"\" srcset=\"https:\/\/mregio.de\/wp-content\/uploads\/2023\/10\/formular-affiliate-partner-webseite-300x145.png 300w, https:\/\/mregio.de\/wp-content\/uploads\/2023\/10\/formular-affiliate-partner-webseite-1024x494.png 1024w, https:\/\/mregio.de\/wp-content\/uploads\/2023\/10\/formular-affiliate-partner-webseite-768x371.png 768w, https:\/\/mregio.de\/wp-content\/uploads\/2023\/10\/formular-affiliate-partner-webseite.png 1366w\" sizes=\"(max-width: 300px) 100vw, 300px\" \/><\/p>\n<p><span style=\"font-family: Arial, Helvetica, sans-serif;\">&#8220;Canais Alvo para Marketing de Afiliados&#8221;: Insira seus links aqui sob os quais voc\u00ea ir\u00e1 comercializar nossos produtos em seu site e canais.<\/span><\/p>\n<hr>\n<p><span style=\"font-family: Arial, Helvetica, sans-serif;\"><br \/>\nDepois de ter enviado o pedido, o seu pedido ser\u00e1 analisado por n\u00f3s.<\/span><\/p>\n<p><span style=\"font-family: Arial, Helvetica, sans-serif;\">Em seguida, alocaremos as comiss\u00f5es para voc\u00ea e ativaremos sua conta.<\/span><\/p>\n<h3><strong><span style=\"font-family: Arial, Helvetica, sans-serif;\">Feito &#8211; sua conta de parceiro agora est\u00e1 ativada!<\/span><\/strong><\/h3>\n<p><img decoding=\"async\" class=\"alignnone size-medium wp-image-2698\" src=\"https:\/\/mregio.de\/wp-content\/uploads\/2023\/10\/Prestashop-partnerkonto-affiliate-software-interior-planungen-145x300.png\" alt=\"Prestashop-affiliate-account-affiliate-software-interior-planning\" width=\"145\" height=\"300\" title=\"\" srcset=\"https:\/\/mregio.de\/wp-content\/uploads\/2023\/10\/Prestashop-partnerkonto-affiliate-software-interior-planungen-145x300.png 145w, https:\/\/mregio.de\/wp-content\/uploads\/2023\/10\/Prestashop-partnerkonto-affiliate-software-interior-planungen.png 473w\" sizes=\"(max-width: 145px) 100vw, 145px\" \/><\/p>\n<p>&nbsp;<\/p>\n<h3><strong><span style=\"font-family: Arial, Helvetica, sans-serif;\">As seguintes \u00e1reas agora est\u00e3o acess\u00edveis para voc\u00ea:<\/span><\/strong><\/h3>\n<h4><strong><span style=\"font-family: Arial, Helvetica, sans-serif;\">Minha conta de parceiro<\/span><\/strong><br \/>\n<img loading=\"lazy\" decoding=\"async\" class=\"alignnone size-large wp-image-2864\" src=\"https:\/\/mregio.de\/wp-content\/uploads\/2023\/10\/Prestashop-partnerkonto-ads-affiliate-software-interior-planungen-1024x193.png\" alt=\"Prestashop-affiliate-account-ads-affiliate-software-interior-planning\" width=\"1024\" height=\"193\" title=\"\" srcset=\"https:\/\/mregio.de\/wp-content\/uploads\/2023\/10\/Prestashop-partnerkonto-ads-affiliate-software-interior-planungen-1024x193.png 1024w, https:\/\/mregio.de\/wp-content\/uploads\/2023\/10\/Prestashop-partnerkonto-ads-affiliate-software-interior-planungen-300x57.png 300w, https:\/\/mregio.de\/wp-content\/uploads\/2023\/10\/Prestashop-partnerkonto-ads-affiliate-software-interior-planungen-768x145.png 768w, https:\/\/mregio.de\/wp-content\/uploads\/2023\/10\/Prestashop-partnerkonto-ads-affiliate-software-interior-planungen-1536x290.png 1536w, https:\/\/mregio.de\/wp-content\/uploads\/2023\/10\/Prestashop-partnerkonto-ads-affiliate-software-interior-planungen-2048x387.png 2048w\" sizes=\"(max-width: 1024px) 100vw, 1024px\" \/><\/h4>\n<p><span style=\"font-family: Arial, Helvetica, sans-serif;\">Aqui voc\u00ea pode encontrar o link de afiliado para a nossa loja. Assim que um cliente clica neste link, ele pousa em nossa loja.<\/span><br \/>\n<span style=\"font-family: Arial, Helvetica, sans-serif;\">Seu link de parceiro \u00e9 &#8220;rastreado&#8221;, ou seja, \u00e9 rastreado, por exemplo, se e quais produtos o cliente compra.<\/span><\/p>\n<p><span style=\"font-family: Arial, Helvetica, sans-serif;\">Se os an\u00fancios publicit\u00e1rios forem armazenados em nosso back-end, os bot\u00f5es correspondentes aparecer\u00e3o no canto superior direito.<\/span><br \/>\n<span style=\"font-family: Arial, Helvetica, sans-serif;\">Voc\u00ea pode usar esses links para explorar o conte\u00fado ou o c\u00f3digo-fonte diretamente.<\/span><\/p>\n<p><img loading=\"lazy\" decoding=\"async\" class=\"alignnone wp-image-2869 size-medium\" src=\"https:\/\/mregio.de\/wp-content\/uploads\/2023\/10\/Prestashop-partnerkonto-werbeanzeige-affiliate-software-interior-planungen-195x300.png\" alt=\"Prestashop-affiliate-account-ad-affiliate-software-interior-planning\" width=\"195\" height=\"300\" title=\"\" srcset=\"https:\/\/mregio.de\/wp-content\/uploads\/2023\/10\/Prestashop-partnerkonto-werbeanzeige-affiliate-software-interior-planungen-195x300.png 195w, https:\/\/mregio.de\/wp-content\/uploads\/2023\/10\/Prestashop-partnerkonto-werbeanzeige-affiliate-software-interior-planungen-666x1024.png 666w, https:\/\/mregio.de\/wp-content\/uploads\/2023\/10\/Prestashop-partnerkonto-werbeanzeige-affiliate-software-interior-planungen-768x1182.png 768w, https:\/\/mregio.de\/wp-content\/uploads\/2023\/10\/Prestashop-partnerkonto-werbeanzeige-affiliate-software-interior-planungen-998x1536.png 998w, https:\/\/mregio.de\/wp-content\/uploads\/2023\/10\/Prestashop-partnerkonto-werbeanzeige-affiliate-software-interior-planungen.png 1014w\" sizes=\"(max-width: 195px) 100vw, 195px\" \/><\/p>\n<p>&nbsp;<\/p>\n<h4><strong><span style=\"font-family: Arial, Helvetica, sans-serif;\">Resumo<\/span><\/strong><br \/>\n<span style=\"font-family: Arial, Helvetica, sans-serif;\"><img loading=\"lazy\" decoding=\"async\" class=\"alignnone wp-image-2708 size-large\" src=\"https:\/\/mregio.de\/wp-content\/uploads\/2023\/10\/Prestashop-partnerkonto-zusammenfassung-affiliate-software-interior-planungen-1024x372.png\" alt=\"Prestashop-affiliate-account-summary-affiliate-software-interior-planning\" width=\"1024\" height=\"372\" title=\"\" srcset=\"https:\/\/mregio.de\/wp-content\/uploads\/2023\/10\/Prestashop-partnerkonto-zusammenfassung-affiliate-software-interior-planungen-1024x372.png 1024w, https:\/\/mregio.de\/wp-content\/uploads\/2023\/10\/Prestashop-partnerkonto-zusammenfassung-affiliate-software-interior-planungen-300x109.png 300w, https:\/\/mregio.de\/wp-content\/uploads\/2023\/10\/Prestashop-partnerkonto-zusammenfassung-affiliate-software-interior-planungen-768x279.png 768w, https:\/\/mregio.de\/wp-content\/uploads\/2023\/10\/Prestashop-partnerkonto-zusammenfassung-affiliate-software-interior-planungen-1536x557.png 1536w, https:\/\/mregio.de\/wp-content\/uploads\/2023\/10\/Prestashop-partnerkonto-zusammenfassung-affiliate-software-interior-planungen-2048x743.png 2048w\" sizes=\"(max-width: 1024px) 100vw, 1024px\" \/><\/span><\/h4>\n<p><span style=\"font-family: Arial, Helvetica, sans-serif;\">Aqui voc\u00ea pode ver uma vis\u00e3o geral de suas vendas<\/span><\/p>\n<h4><strong><span style=\"font-family: Arial, Helvetica, sans-serif;\">Campanha<\/span><\/strong><br \/>\n<span style=\"font-family: Arial, Helvetica, sans-serif;\"><img loading=\"lazy\" decoding=\"async\" class=\"alignnone wp-image-2713 size-large\" src=\"https:\/\/mregio.de\/wp-content\/uploads\/2023\/10\/Prestashop-partnerkonto-kampagne-affiliate-software-interior-planungen-1024x201.png\" alt=\"Prestashop-affiliate-account-campaign-affiliate-software-interior-planning\" width=\"1024\" height=\"201\" title=\"\" srcset=\"https:\/\/mregio.de\/wp-content\/uploads\/2023\/10\/Prestashop-partnerkonto-kampagne-affiliate-software-interior-planungen-1024x201.png 1024w, https:\/\/mregio.de\/wp-content\/uploads\/2023\/10\/Prestashop-partnerkonto-kampagne-affiliate-software-interior-planungen-300x59.png 300w, https:\/\/mregio.de\/wp-content\/uploads\/2023\/10\/Prestashop-partnerkonto-kampagne-affiliate-software-interior-planungen-768x151.png 768w, https:\/\/mregio.de\/wp-content\/uploads\/2023\/10\/Prestashop-partnerkonto-kampagne-affiliate-software-interior-planungen-1536x301.png 1536w, https:\/\/mregio.de\/wp-content\/uploads\/2023\/10\/Prestashop-partnerkonto-kampagne-affiliate-software-interior-planungen-2048x402.png 2048w\" sizes=\"(max-width: 1024px) 100vw, 1024px\" \/><\/span><\/h4>\n<p><span style=\"font-family: Arial, Helvetica, sans-serif;\">Aqui voc\u00ea pode criar suas pr\u00f3prias campanhas. Links individuais s\u00e3o gerados para essas campanhas, para que voc\u00ea obtenha avalia\u00e7\u00f5es muito espec\u00edficas.<\/span><\/p>\n<p><span style=\"font-family: Arial, Helvetica, sans-serif;\"><img loading=\"lazy\" decoding=\"async\" class=\"alignnone wp-image-2733 size-medium\" src=\"https:\/\/mregio.de\/wp-content\/uploads\/2023\/10\/Prestashop-partnerkonto-kampagne-detail-affiliate-software-interior-planungen-300x184.png\" alt=\"Prestashop-affiliate-account-campaign-detail--affiliate-software-interior-planning\" width=\"300\" height=\"184\" title=\"\" srcset=\"https:\/\/mregio.de\/wp-content\/uploads\/2023\/10\/Prestashop-partnerkonto-kampagne-detail-affiliate-software-interior-planungen-300x184.png 300w, https:\/\/mregio.de\/wp-content\/uploads\/2023\/10\/Prestashop-partnerkonto-kampagne-detail-affiliate-software-interior-planungen-1024x627.png 1024w, https:\/\/mregio.de\/wp-content\/uploads\/2023\/10\/Prestashop-partnerkonto-kampagne-detail-affiliate-software-interior-planungen-768x470.png 768w, https:\/\/mregio.de\/wp-content\/uploads\/2023\/10\/Prestashop-partnerkonto-kampagne-detail-affiliate-software-interior-planungen-1536x940.png 1536w, https:\/\/mregio.de\/wp-content\/uploads\/2023\/10\/Prestashop-partnerkonto-kampagne-detail-affiliate-software-interior-planungen.png 2014w\" sizes=\"(max-width: 300px) 100vw, 300px\" \/><\/span><\/p>\n<p>&nbsp;<\/p>\n<h4><strong><span style=\"font-family: Arial, Helvetica, sans-serif;\">Produtos &amp; Comiss\u00f5es<\/span><\/strong><br \/>\n<span style=\"font-family: Arial, Helvetica, sans-serif;\"><img loading=\"lazy\" decoding=\"async\" class=\"alignnone size-large wp-image-2718\" src=\"https:\/\/mregio.de\/wp-content\/uploads\/2023\/10\/Prestashop-partnerkonto-produkte-provisionen-affiliate-software-interior-planungen-1024x310.png\" alt=\"Prestashop-affiliate-account-products-commissions-affiliate-software-interior-planning\" width=\"1024\" height=\"310\" title=\"\" srcset=\"https:\/\/mregio.de\/wp-content\/uploads\/2023\/10\/Prestashop-partnerkonto-produkte-provisionen-affiliate-software-interior-planungen-1024x310.png 1024w, https:\/\/mregio.de\/wp-content\/uploads\/2023\/10\/Prestashop-partnerkonto-produkte-provisionen-affiliate-software-interior-planungen-300x91.png 300w, https:\/\/mregio.de\/wp-content\/uploads\/2023\/10\/Prestashop-partnerkonto-produkte-provisionen-affiliate-software-interior-planungen-768x232.png 768w, https:\/\/mregio.de\/wp-content\/uploads\/2023\/10\/Prestashop-partnerkonto-produkte-provisionen-affiliate-software-interior-planungen-1536x465.png 1536w, https:\/\/mregio.de\/wp-content\/uploads\/2023\/10\/Prestashop-partnerkonto-produkte-provisionen-affiliate-software-interior-planungen-2048x620.png 2048w\" sizes=\"(max-width: 1024px) 100vw, 1024px\" \/><\/span><\/h4>\n<p><span style=\"font-family: Arial, Helvetica, sans-serif;\">Todos os produtos da loja est\u00e3o listados aqui&#8230;<\/span><\/p>\n<p>&nbsp;<\/p>\n<h4><strong><span style=\"font-family: Arial, Helvetica, sans-serif;\">Vendas e Comiss\u00f5es<\/span><\/strong><\/h4>\n<p><span style=\"font-family: Arial, Helvetica, sans-serif;\"><img loading=\"lazy\" decoding=\"async\" class=\"alignnone size-large wp-image-2723\" src=\"https:\/\/mregio.de\/wp-content\/uploads\/2023\/10\/Prestashop-partnerkonto-verkaeufe-provisionen-affiliate-software-interior-planungen-1024x155.png\" alt=\"Prestashop-affiliate-account-sales-commissions-affiliate-software-interior-planning\" width=\"1024\" height=\"155\" title=\"\" srcset=\"https:\/\/mregio.de\/wp-content\/uploads\/2023\/10\/Prestashop-partnerkonto-verkaeufe-provisionen-affiliate-software-interior-planungen-1024x155.png 1024w, https:\/\/mregio.de\/wp-content\/uploads\/2023\/10\/Prestashop-partnerkonto-verkaeufe-provisionen-affiliate-software-interior-planungen-300x45.png 300w, https:\/\/mregio.de\/wp-content\/uploads\/2023\/10\/Prestashop-partnerkonto-verkaeufe-provisionen-affiliate-software-interior-planungen-768x116.png 768w, https:\/\/mregio.de\/wp-content\/uploads\/2023\/10\/Prestashop-partnerkonto-verkaeufe-provisionen-affiliate-software-interior-planungen-1536x232.png 1536w, https:\/\/mregio.de\/wp-content\/uploads\/2023\/10\/Prestashop-partnerkonto-verkaeufe-provisionen-affiliate-software-interior-planungen-2048x309.png 2048w\" sizes=\"(max-width: 1024px) 100vw, 1024px\" \/><\/span><\/p>\n<p><span style=\"font-family: Arial, Helvetica, sans-serif;\">Aqui voc\u00ea pode ver uma vis\u00e3o geral de suas vendas&#8230;<\/span><\/p>\n<p>&nbsp;<\/p>\n<h4><strong><span style=\"font-family: Arial, Helvetica, sans-serif;\">Minhas Associa\u00e7\u00f5es Vital\u00edcias<\/span><\/strong><\/h4>\n<p><span style=\"font-family: Arial, Helvetica, sans-serif;\"><img loading=\"lazy\" decoding=\"async\" class=\"alignnone size-large wp-image-2728\" src=\"https:\/\/mregio.de\/wp-content\/uploads\/2023\/10\/Prestashop-partnerkonto-lebenslange-mitgliedschaften-affiliate-software-interior-planungen-1024x152.png\" alt=\"prestashop-affiliate-account-lifetime-memberships-affiliate-software-interior-planning\" width=\"1024\" height=\"152\" title=\"\" srcset=\"https:\/\/mregio.de\/wp-content\/uploads\/2023\/10\/Prestashop-partnerkonto-lebenslange-mitgliedschaften-affiliate-software-interior-planungen-1024x152.png 1024w, https:\/\/mregio.de\/wp-content\/uploads\/2023\/10\/Prestashop-partnerkonto-lebenslange-mitgliedschaften-affiliate-software-interior-planungen-300x45.png 300w, https:\/\/mregio.de\/wp-content\/uploads\/2023\/10\/Prestashop-partnerkonto-lebenslange-mitgliedschaften-affiliate-software-interior-planungen-768x114.png 768w, https:\/\/mregio.de\/wp-content\/uploads\/2023\/10\/Prestashop-partnerkonto-lebenslange-mitgliedschaften-affiliate-software-interior-planungen-1536x228.png 1536w, https:\/\/mregio.de\/wp-content\/uploads\/2023\/10\/Prestashop-partnerkonto-lebenslange-mitgliedschaften-affiliate-software-interior-planungen-2048x304.png 2048w\" sizes=\"(max-width: 1024px) 100vw, 1024px\" \/><\/span><\/p>\n<p><span style=\"font-family: Arial, Helvetica, sans-serif;\">Aqui voc\u00ea pode ver se a configura\u00e7\u00e3o para comiss\u00f5es vital\u00edcias est\u00e1 ativa.<\/span><br \/>\n<span style=\"font-family: Arial, Helvetica, sans-serif;\">Quando esta op\u00e7\u00e3o \u00e9 ativada, cada cliente que \u00e9 trazido para o seu site por um afiliado receber\u00e1 comiss\u00f5es vital\u00edcias sobre todas as suas vendas.  <\/span><br \/>\n<span style=\"font-family: Arial, Helvetica, sans-serif;\">O parceiro vital\u00edcio s\u00f3 \u00e9 atribu\u00eddo quando o cliente faz um pedido  <\/span><\/p>\n","protected":false},"excerpt":{"rendered":"<p>Torne-se nosso parceiro afiliado agora! Voc\u00ea est\u00e1 interessado em nossos produtos? Voc\u00ea tem seu pr\u00f3prio site ou canais de m\u00eddia social que s\u00e3o visitados regularmente? Ent\u00e3o vamos trabalhar juntos! Atrav\u00e9s do nosso programa de parceiros afiliados, voc\u00ea pode comercializar todos os itens listados em nossa loja sob shop.edv-cad.de . Em nosso sortimento voc\u00ea encontrar\u00e1 produtos [&hellip;]<\/p>\n","protected":false},"author":1,"featured_media":0,"parent":0,"menu_order":0,"comment_status":"closed","ping_status":"closed","template":"","meta":{"footnotes":""},"class_list":["post-3234","page","type-page","status-publish","hentry"],"_links":{"self":[{"href":"https:\/\/mregio.de\/pt-br\/wp-json\/wp\/v2\/pages\/3234","targetHints":{"allow":["GET"]}}],"collection":[{"href":"https:\/\/mregio.de\/pt-br\/wp-json\/wp\/v2\/pages"}],"about":[{"href":"https:\/\/mregio.de\/pt-br\/wp-json\/wp\/v2\/types\/page"}],"author":[{"embeddable":true,"href":"https:\/\/mregio.de\/pt-br\/wp-json\/wp\/v2\/users\/1"}],"replies":[{"embeddable":true,"href":"https:\/\/mregio.de\/pt-br\/wp-json\/wp\/v2\/comments?post=3234"}],"version-history":[{"count":0,"href":"https:\/\/mregio.de\/pt-br\/wp-json\/wp\/v2\/pages\/3234\/revisions"}],"wp:attachment":[{"href":"https:\/\/mregio.de\/pt-br\/wp-json\/wp\/v2\/media?parent=3234"}],"curies":[{"name":"wp","href":"https:\/\/api.w.org\/{rel}","templated":true}]}}