{"id":3209,"date":"2020-09-28T17:46:59","date_gmt":"2020-09-28T15:46:59","guid":{"rendered":"https:\/\/mregio.de\/perguntas-frequentes\/"},"modified":"2024-03-04T04:48:06","modified_gmt":"2024-03-04T03:48:06","slug":"perguntas-frequentes","status":"publish","type":"page","link":"https:\/\/mregio.de\/pt-br\/perguntas-frequentes\/","title":{"rendered":"Perguntas Frequentes"},"content":{"rendered":"<div  class=\"ewd-ufaq-faq-list ewd-ufaq-page-type-load_more ewd-ufaq-category-tabs- ewd-ufaq-faq-category-title-accordion\" id='ewd-ufaq-faq-list'>\n\n\t<input type='hidden' name='show_on_load' value='' id='ewd-ufaq-show-on-load' \/>\n<input type='hidden' name='include_category' value='' id='ewd-ufaq-include-category' \/>\n<input type='hidden' name='exclude_category' value='' id='ewd-ufaq-exclude-category' \/>\n<input type='hidden' name='orderby' value='date' id='ewd-ufaq-orderby' \/>\n<input type='hidden' name='order' value='desc' id='ewd-ufaq-order' \/>\n<input type='hidden' name='post_count' value='-1' id='ewd-ufaq-post-count' \/>\n<input type='hidden' name='current_url' value='\/pt-br\/wp-json\/wp\/v2\/pages\/3209' id='ewd-ufaq-current-url' \/>\n\t\n\t\n\t<div class='ewd-ufaq-faqs'>\n\n\t\t<div  class=\"ewd-ufaq-faq-div ewd-ufaq-faq-column-count-one ewd-ufaq-faq-responsive-columns- ewd-ufaq-faq-display-style-default ewd-ufaq-can-be-toggled\" id='ewd-ufaq-post-3733-iHU5v8VF8y' data-post_id='3733'>\n\n\t\t\n\t<div class='ewd-ufaq-faq-title ewd-ufaq-faq-toggle'>\n\t\n\t<a class='ewd-ufaq-post-margin'  href='#' role=\"button\">\n\n\t\t<div class='ewd-ufaq-post-margin-symbol ewd-ufaq-square'>\n\t\t\t<span >a<\/span>\n\t\t<\/div>\n\n\t\t<div class='ewd-ufaq-faq-title-text'>\n\n\t\t\t<h4>\n\t\t\t\tQuando o MRegio Cabinet Planner estar\u00e1 dispon\u00edvel?\t\t\t<\/h4>\n\n\t\t<\/div>\n\n\t\t<div class='ewd-ufaq-clear'><\/div>\n\n\t<\/a>\n\t\n<\/div>\n\t\n\t<div class='ewd-ufaq-faq-body ewd-ufaq-hidden' >\n\n\t\t\n\t\t\t\n\t\t\n\t\t\t<div class='ewd-ufaq-post-margin ewd-ufaq-faq-post'>\n\tO MRegio Online Furniture Planner est\u00e1 dispon\u00edvel desde 27.10.2023.\n\nVamos mant\u00ea-lo atualizado com as \u00faltimas not\u00edcias sobre o planejador de m\u00f3veis em nosso blog de not\u00edcias.<\/div>\n\t\t\n\t\t\t<div class='ewd-ufaq-faq-custom-fields'>\n\n\t\n<\/div>\n\t\t\n\t\t\t\n\t\t\n\t\t\t\n\t\t\n\t\t\t\n\t\t\n\t\t\t\n\t\t\n\t\t\t\n\t\t\n\t\t\t\n\t\t\n\t\t\t<div class='ewd-ufaq-back-to-top'>\n\t\n\t<a class='ewd-ufaq-back-to-top-link'>\n\t\tBack to Top\t<\/a>\n\n<\/div>\n\t\t\n\t<\/div>\n\n<\/div><div  class=\"ewd-ufaq-faq-div ewd-ufaq-faq-column-count-one ewd-ufaq-faq-responsive-columns- ewd-ufaq-faq-display-style-default ewd-ufaq-can-be-toggled\" id='ewd-ufaq-post-3720-ICtVyLBNrf' data-post_id='3720'>\n\n\t\t\n\t<div class='ewd-ufaq-faq-title ewd-ufaq-faq-toggle'>\n\t\n\t<a class='ewd-ufaq-post-margin'  href='#' role=\"button\">\n\n\t\t<div class='ewd-ufaq-post-margin-symbol ewd-ufaq-square'>\n\t\t\t<span >a<\/span>\n\t\t<\/div>\n\n\t\t<div class='ewd-ufaq-faq-title-text'>\n\n\t\t\t<h4>\n\t\t\t\tComo artes\u00e3os, prestadores de servi\u00e7os e fabricantes podem se beneficiar do MRegio?\t\t\t<\/h4>\n\n\t\t<\/div>\n\n\t\t<div class='ewd-ufaq-clear'><\/div>\n\n\t<\/a>\n\t\n<\/div>\n\t\n\t<div class='ewd-ufaq-faq-body ewd-ufaq-hidden' >\n\n\t\t\n\t\t\t\n\t\t\n\t\t\t<div class='ewd-ufaq-post-margin ewd-ufaq-faq-post'>\n\t<p><strong>Voc\u00ea \u00e9 um artes\u00e3o, carpinteiro, loja, feira, montador de interiores ou planejador?<\/strong><\/p>\n<p>O planejador de m\u00f3veis MRegio apoia voc\u00ea no local ou no local do cliente na fase de projeto, bem como no aconselhamento pessoal ao cliente.<\/p>\n<p>Voc\u00ea pode rapidamente e facilmente planejar uma unidade de parede e muitos outros m\u00f3veis para seus clientes no local.<br \/>\nNosso planejador de m\u00f3veis para internet \u00e9 r\u00e1pido e f\u00e1cil de usar.<br \/>\nNo menor tempo poss\u00edvel, voc\u00ea criar\u00e1 propostas de planejamento significativas para os novos m\u00f3veis da casa.<\/p>\n<p>Designers de interiores e decoradores de interiores planejam e projetam m\u00f3veis individuais para e com seus clientes.<br \/>\nAo contr\u00e1rio de muitas outras ferramentas de planejamento de arm\u00e1rios de internet, oferecemos uma ferramenta que permite que voc\u00ea exiba claramente v\u00e1rios m\u00f3veis, arm\u00e1rios e prateleiras em seu navegador da web.<br \/>\nCom situa\u00e7\u00f5es reais de quarto, voc\u00ea tem uma impress\u00e3o realista de como ser\u00e1 seu quarto mais tarde com os m\u00f3veis artesanais da Internet.<\/p>\n<p><strong>Apoio na prepara\u00e7\u00e3o e produ\u00e7\u00e3o do trabalho<\/strong><br \/>\nNeste ponto, nosso planejador de m\u00f3veis de internet apoia o processo de prepara\u00e7\u00e3o do trabalho.<br \/>\nDeixe o artes\u00e3o desenhar os m\u00f3veis que voc\u00ea quer com o nosso planejador de arm\u00e1rios on-line.<br \/>\nA partir desse mobili\u00e1rio, \u00e9 gerado um arquivo em segundo plano, que cont\u00e9m todas as informa\u00e7\u00f5es para produ\u00e7\u00e3o.<\/p>\n<p>Nosso planejador de m\u00f3veis on-line se concentra no design de seus m\u00f3veis.<br \/>\nDetalhes t\u00e9cnicos como o sulco da parede traseira, acess\u00f3rios, bordas ou juntas de canto s\u00e3o posteriormente facilmente atribu\u00eddos \u00e0 carca\u00e7a atrav\u00e9s de especifica\u00e7\u00f5es.<br \/>\nOs planos criados podem ser importados para o seu programa CAD atrav\u00e9s de interfaces.<\/p>\n<p>Os clientes do nosso software ElementsCAD podem at\u00e9 importar m\u00f3veis 1:1, enquanto as parametrias completas s\u00e3o mantidas.<\/p>\n<\/div>\n\t\t\n\t\t\t<div class='ewd-ufaq-faq-custom-fields'>\n\n\t\n<\/div>\n\t\t\n\t\t\t\n\t\t\n\t\t\t\n\t\t\n\t\t\t\n\t\t\n\t\t\t\n\t\t\n\t\t\t\n\t\t\n\t\t\t\n\t\t\n\t\t\t<div class='ewd-ufaq-back-to-top'>\n\t\n\t<a class='ewd-ufaq-back-to-top-link'>\n\t\tBack to Top\t<\/a>\n\n<\/div>\n\t\t\n\t<\/div>\n\n<\/div><div  class=\"ewd-ufaq-faq-div ewd-ufaq-faq-column-count-one ewd-ufaq-faq-responsive-columns- ewd-ufaq-faq-display-style-default ewd-ufaq-can-be-toggled\" id='ewd-ufaq-post-3726-hsS9kl5p4t' data-post_id='3726'>\n\n\t\t\n\t<div class='ewd-ufaq-faq-title ewd-ufaq-faq-toggle'>\n\t\n\t<a class='ewd-ufaq-post-margin'  href='#' role=\"button\">\n\n\t\t<div class='ewd-ufaq-post-margin-symbol ewd-ufaq-square'>\n\t\t\t<span >a<\/span>\n\t\t<\/div>\n\n\t\t<div class='ewd-ufaq-faq-title-text'>\n\n\t\t\t<h4>\n\t\t\t\tO que torna o MRegio Furniture Planner diferente de outros planejadores de arm\u00e1rios online?\t\t\t<\/h4>\n\n\t\t<\/div>\n\n\t\t<div class='ewd-ufaq-clear'><\/div>\n\n\t<\/a>\n\t\n<\/div>\n\t\n\t<div class='ewd-ufaq-faq-body ewd-ufaq-hidden' >\n\n\t\t\n\t\t\t\n\t\t\n\t\t\t<div class='ewd-ufaq-post-margin ewd-ufaq-faq-post'>\n\t<p><span style=\"font-size: 14pt;font-family: arial, helvetica, sans-serif\">Um dos principais crit\u00e9rios do planejador de m\u00f3veis online MRegio \u00e9 o fator divers\u00e3o. Com o nosso planejador de arm\u00e1rios, voc\u00ea pode projetar seus m\u00f3veis dos sonhos de forma l\u00fadica. N\u00e3o h\u00e1 necessidade de inserir milhares de par\u00e2metros.<\/span><\/p>\n<p><span style=\"font-size: 14pt;font-family: arial, helvetica, sans-serif\">Ao contr\u00e1rio da maioria dos outros planejadores de gabinete, voc\u00ea pode deixar sua criatividade correr solta conosco.<br \/>\nN\u00f3s nos concentramos na apar\u00eancia dos m\u00f3veis acabados.<\/span><\/p>\n<p><span style=\"font-size: 14pt;font-family: arial, helvetica, sans-serif\">Para n\u00f3s, o foco n\u00e3o est\u00e1 na atribui\u00e7\u00e3o r\u00edgida de dimens\u00f5es e propriedades, mas no design criativo e l\u00fadico.<\/span><\/p>\n<p>\u00a0<\/p>\n<\/div>\n\t\t\n\t\t\t<div class='ewd-ufaq-faq-custom-fields'>\n\n\t\n<\/div>\n\t\t\n\t\t\t\n\t\t\n\t\t\t\n\t\t\n\t\t\t\n\t\t\n\t\t\t\n\t\t\n\t\t\t\n\t\t\n\t\t\t\n\t\t\n\t\t\t<div class='ewd-ufaq-back-to-top'>\n\t\n\t<a class='ewd-ufaq-back-to-top-link'>\n\t\tBack to Top\t<\/a>\n\n<\/div>\n\t\t\n\t<\/div>\n\n<\/div><div  class=\"ewd-ufaq-faq-div ewd-ufaq-faq-column-count-one ewd-ufaq-faq-responsive-columns- ewd-ufaq-faq-display-style-default ewd-ufaq-can-be-toggled\" id='ewd-ufaq-post-3731-0pEA52N2Bu' data-post_id='3731'>\n\n\t\t\n\t<div class='ewd-ufaq-faq-title ewd-ufaq-faq-toggle'>\n\t\n\t<a class='ewd-ufaq-post-margin'  href='#' role=\"button\">\n\n\t\t<div class='ewd-ufaq-post-margin-symbol ewd-ufaq-square'>\n\t\t\t<span >a<\/span>\n\t\t<\/div>\n\n\t\t<div class='ewd-ufaq-faq-title-text'>\n\n\t\t\t<h4>\n\t\t\t\tQuais dispositivos s\u00e3o compat\u00edveis?\t\t\t<\/h4>\n\n\t\t<\/div>\n\n\t\t<div class='ewd-ufaq-clear'><\/div>\n\n\t<\/a>\n\t\n<\/div>\n\t\n\t<div class='ewd-ufaq-faq-body ewd-ufaq-hidden' >\n\n\t\t\n\t\t\t\n\t\t\n\t\t\t<div class='ewd-ufaq-post-margin ewd-ufaq-faq-post'>\n\t<p><span style=\"font-size: 14pt;font-family: arial, helvetica, sans-serif\">O planejador de m\u00f3veis on-line requer uma conex\u00e3o com a internet com um navegador de internet.<br \/>\nEm primeiro lugar, o programa pode <\/span><span style=\"font-size: 14pt;font-family: arial, helvetica, sans-serif\">ser executado em PCs desktop e Macs.<\/span><br \/>\n<span style=\"font-size: 14pt;font-family: arial, helvetica, sans-serif\">Uma solu\u00e7\u00e3o offline tamb\u00e9m \u00e9 poss\u00edvel para o Windows.<\/span><\/p>\n<p><span style=\"font-size: 14pt;font-family: arial, helvetica, sans-serif\">Um aplicativo para smartphones deve estar dispon\u00edvel no in\u00edcio de 2024.<\/span><\/p>\n<p><span style=\"font-size: 14pt;font-family: arial, helvetica, sans-serif\">Nota: Em dispositivos Android, voc\u00ea tamb\u00e9m pode alternar para &#8220;Desktop Website&#8221; no canto superior direito do seu navegador.<br \/>\nDepois disso, o planejador de gabinete deve come\u00e7ar.<\/span><\/p>\n<p><img fetchpriority=\"high\" decoding=\"async\" class=\"alignnone size-full wp-image-2754\" src=\"https:\/\/mregio.de\/wp-content\/uploads\/2023\/10\/faq-android-desktop-site.png\" alt=\"FAQ Android Desktop Site\" width=\"209\" height=\"423\" title=\"\" srcset=\"https:\/\/mregio.de\/wp-content\/uploads\/2023\/10\/faq-android-desktop-site.png 209w, https:\/\/mregio.de\/wp-content\/uploads\/2023\/10\/faq-android-desktop-site-148x300.png 148w\" sizes=\"(max-width: 209px) 100vw, 209px\" \/><\/p>\n<\/div>\n\t\t\n\t\t\t<div class='ewd-ufaq-faq-custom-fields'>\n\n\t\n<\/div>\n\t\t\n\t\t\t\n\t\t\n\t\t\t\n\t\t\n\t\t\t\n\t\t\n\t\t\t\n\t\t\n\t\t\t\n\t\t\n\t\t\t\n\t\t\n\t\t\t<div class='ewd-ufaq-back-to-top'>\n\t\n\t<a class='ewd-ufaq-back-to-top-link'>\n\t\tBack to Top\t<\/a>\n\n<\/div>\n\t\t\n\t<\/div>\n\n<\/div><div  class=\"ewd-ufaq-faq-div ewd-ufaq-faq-column-count-one ewd-ufaq-faq-responsive-columns- ewd-ufaq-faq-display-style-default ewd-ufaq-can-be-toggled\" id='ewd-ufaq-post-3721-ZSM1HYBWQh' data-post_id='3721'>\n\n\t\t\n\t<div class='ewd-ufaq-faq-title ewd-ufaq-faq-toggle'>\n\t\n\t<a class='ewd-ufaq-post-margin'  href='#' role=\"button\">\n\n\t\t<div class='ewd-ufaq-post-margin-symbol ewd-ufaq-square'>\n\t\t\t<span >a<\/span>\n\t\t<\/div>\n\n\t\t<div class='ewd-ufaq-faq-title-text'>\n\n\t\t\t<h4>\n\t\t\t\tQuais s\u00e3o os benef\u00edcios do MRegio para carpinteiros ou arquitetos (interiores)?\t\t\t<\/h4>\n\n\t\t<\/div>\n\n\t\t<div class='ewd-ufaq-clear'><\/div>\n\n\t<\/a>\n\t\n<\/div>\n\t\n\t<div class='ewd-ufaq-faq-body ewd-ufaq-hidden' >\n\n\t\t\n\t\t\t\n\t\t\n\t\t\t<div class='ewd-ufaq-post-margin ewd-ufaq-faq-post'>\n\t<p><span style=\"font-size: 14pt;font-family: arial, helvetica, sans-serif\">Com o programa de planejamento on-line, voc\u00ea pode planejar e salvar seus projetos convenientemente em casa, em movimento ou diretamente no site do cliente.<\/span><\/p>\n<\/div>\n\t\t\n\t\t\t<div class='ewd-ufaq-faq-custom-fields'>\n\n\t\n<\/div>\n\t\t\n\t\t\t\n\t\t\n\t\t\t\n\t\t\n\t\t\t\n\t\t\n\t\t\t\n\t\t\n\t\t\t\n\t\t\n\t\t\t\t<div id=\"respond\" class=\"comment-respond\">\n\t\t<h3 id=\"reply-title\" class=\"comment-reply-title\">Deixe um coment\u00e1rio<\/h3><p class=\"must-log-in\">Voc\u00ea precisa fazer o <a href=\"https:\/\/mregio.de\/wp-login.php?redirect_to=https%3A%2F%2Fmregio.de%2Fpt-br%2Fufaqs%2Fquais-sao-os-beneficios-do-mregio-para-carpinteiros-ou-arquitetos-interiores%2F\">login<\/a> para publicar um coment\u00e1rio.<\/p>\t<\/div><!-- #respond -->\n\t\n\t\t\n\t\t\t<div class='ewd-ufaq-back-to-top'>\n\t\n\t<a class='ewd-ufaq-back-to-top-link'>\n\t\tBack to Top\t<\/a>\n\n<\/div>\n\t\t\n\t<\/div>\n\n<\/div><div  class=\"ewd-ufaq-faq-div ewd-ufaq-faq-column-count-one ewd-ufaq-faq-responsive-columns- ewd-ufaq-faq-display-style-default ewd-ufaq-can-be-toggled\" id='ewd-ufaq-post-3732-XZZ1CQxckV' data-post_id='3732'>\n\n\t\t\n\t<div class='ewd-ufaq-faq-title ewd-ufaq-faq-toggle'>\n\t\n\t<a class='ewd-ufaq-post-margin'  href='#' role=\"button\">\n\n\t\t<div class='ewd-ufaq-post-margin-symbol ewd-ufaq-square'>\n\t\t\t<span >a<\/span>\n\t\t<\/div>\n\n\t\t<div class='ewd-ufaq-faq-title-text'>\n\n\t\t\t<h4>\n\t\t\t\tPara quais grupos-alvo o MRegio foi projetado?\t\t\t<\/h4>\n\n\t\t<\/div>\n\n\t\t<div class='ewd-ufaq-clear'><\/div>\n\n\t<\/a>\n\t\n<\/div>\n\t\n\t<div class='ewd-ufaq-faq-body ewd-ufaq-hidden' >\n\n\t\t\n\t\t\t\n\t\t\n\t\t\t<div class='ewd-ufaq-post-margin ewd-ufaq-faq-post'>\n\t<ul>\n<li><span style=\"font-size: 14pt;font-family: arial, helvetica, sans-serif\">Para carpinteiros, marceneiros, arquitetos (de interiores), lojas, feiras e designers de interiores&#8230;<\/span><\/li>\n<li><span style=\"font-size: 14pt;font-family: arial, helvetica, sans-serif\">Para clientes particulares, clientes comerciais, restaurantes, hot\u00e9is&#8230;<\/span><\/li>\n<li><span style=\"font-size: 14pt;font-family: arial, helvetica, sans-serif\">Para fornecedores, decora\u00e7\u00e3o, acess\u00f3rios, fabricantes de pain\u00e9is&#8230;<\/span><\/li>\n<\/ul>\n<\/div>\n\t\t\n\t\t\t<div class='ewd-ufaq-faq-custom-fields'>\n\n\t\n<\/div>\n\t\t\n\t\t\t\n\t\t\n\t\t\t\n\t\t\n\t\t\t\n\t\t\n\t\t\t\n\t\t\n\t\t\t\n\t\t\n\t\t\t\t<div id=\"respond\" class=\"comment-respond\">\n\t\t<h3 id=\"reply-title\" class=\"comment-reply-title\">Deixe um coment\u00e1rio<\/h3><p class=\"must-log-in\">Voc\u00ea precisa fazer o <a href=\"https:\/\/mregio.de\/wp-login.php?redirect_to=https%3A%2F%2Fmregio.de%2Fpt-br%2Fufaqs%2Fpara-quais-grupos-alvo-o-mregio-foi-projetado%2F\">login<\/a> para publicar um coment\u00e1rio.<\/p>\t<\/div><!-- #respond -->\n\t\n\t\t\n\t\t\t<div class='ewd-ufaq-back-to-top'>\n\t\n\t<a class='ewd-ufaq-back-to-top-link'>\n\t\tBack to Top\t<\/a>\n\n<\/div>\n\t\t\n\t<\/div>\n\n<\/div><div  class=\"ewd-ufaq-faq-div ewd-ufaq-faq-column-count-one ewd-ufaq-faq-responsive-columns- ewd-ufaq-faq-display-style-default ewd-ufaq-can-be-toggled\" id='ewd-ufaq-post-3719-BGw0S1nHho' data-post_id='3719'>\n\n\t\t\n\t<div class='ewd-ufaq-faq-title ewd-ufaq-faq-toggle'>\n\t\n\t<a class='ewd-ufaq-post-margin'  href='#' role=\"button\">\n\n\t\t<div class='ewd-ufaq-post-margin-symbol ewd-ufaq-square'>\n\t\t\t<span >a<\/span>\n\t\t<\/div>\n\n\t\t<div class='ewd-ufaq-faq-title-text'>\n\n\t\t\t<h4>\n\t\t\t\tComo funciona o MRegio para clientes particulares?\t\t\t<\/h4>\n\n\t\t<\/div>\n\n\t\t<div class='ewd-ufaq-clear'><\/div>\n\n\t<\/a>\n\t\n<\/div>\n\t\n\t<div class='ewd-ufaq-faq-body ewd-ufaq-hidden' >\n\n\t\t\n\t\t\t\n\t\t\n\t\t\t<div class='ewd-ufaq-post-margin ewd-ufaq-faq-post'>\n\t<p><strong><span style=\"font-family: Arial, Helvetica, sans-serif\">Voc\u00ea \u00e9 um cliente particular?<\/span><\/strong><\/p>\n<p><span style=\"font-size: 14pt;font-family: arial, helvetica, sans-serif\">Com nosso planejador de arm\u00e1rios on-line, voc\u00ea pode planejar seus m\u00f3veis e enviar o planejamento por e-mail para seu carpinteiro pr\u00f3ximo.<br \/>\nCom base nesse planejamento, voc\u00ea pode processar diretamente mais detalhes e, finalmente, o pedido com o carpinteiro em quest\u00e3o.<\/span><\/p>\n<p><span style=\"font-size: 14pt;font-family: arial, helvetica, sans-serif\">Em vers\u00f5es posteriores, voc\u00ea pode se registrar on-line.<br \/>\n<\/span><span style=\"font-size: 14pt;font-family: arial, helvetica, sans-serif\">Depois disso, voc\u00ea ser\u00e1 mostrado carpinteiros adequados ou prestadores de servi\u00e7os em sua vizinhan\u00e7a com base em seu c\u00f3digo postal.<\/span><\/p>\n<\/div>\n\t\t\n\t\t\t<div class='ewd-ufaq-faq-custom-fields'>\n\n\t\n<\/div>\n\t\t\n\t\t\t\n\t\t\n\t\t\t\n\t\t\n\t\t\t\n\t\t\n\t\t\t\n\t\t\n\t\t\t\n\t\t\n\t\t\t\n\t\t\n\t\t\t<div class='ewd-ufaq-back-to-top'>\n\t\n\t<a class='ewd-ufaq-back-to-top-link'>\n\t\tBack to Top\t<\/a>\n\n<\/div>\n\t\t\n\t<\/div>\n\n<\/div>\n\t<\/div>\n\n\t\n<\/div>\n","protected":false},"excerpt":{"rendered":"<p>A Como funciona o MRegio para clientes particulares? Voc\u00ea \u00e9 um cliente particular? Com nosso planejador de arm\u00e1rios on-line, voc\u00ea pode planejar seus m\u00f3veis e enviar o planejamento por e-mail para seu carpinteiro pr\u00f3ximo. Com base nesse planejamento, voc\u00ea pode processar diretamente mais detalhes e, finalmente, o pedido com o carpinteiro em quest\u00e3o. Em vers\u00f5es [&hellip;]<\/p>\n","protected":false},"author":1,"featured_media":0,"parent":0,"menu_order":0,"comment_status":"closed","ping_status":"closed","template":"","meta":{"footnotes":""},"class_list":["post-3209","page","type-page","status-publish","hentry"],"_links":{"self":[{"href":"https:\/\/mregio.de\/pt-br\/wp-json\/wp\/v2\/pages\/3209","targetHints":{"allow":["GET"]}}],"collection":[{"href":"https:\/\/mregio.de\/pt-br\/wp-json\/wp\/v2\/pages"}],"about":[{"href":"https:\/\/mregio.de\/pt-br\/wp-json\/wp\/v2\/types\/page"}],"author":[{"embeddable":true,"href":"https:\/\/mregio.de\/pt-br\/wp-json\/wp\/v2\/users\/1"}],"replies":[{"embeddable":true,"href":"https:\/\/mregio.de\/pt-br\/wp-json\/wp\/v2\/comments?post=3209"}],"version-history":[{"count":0,"href":"https:\/\/mregio.de\/pt-br\/wp-json\/wp\/v2\/pages\/3209\/revisions"}],"wp:attachment":[{"href":"https:\/\/mregio.de\/pt-br\/wp-json\/wp\/v2\/media?parent=3209"}],"curies":[{"name":"wp","href":"https:\/\/api.w.org\/{rel}","templated":true}]}}