{"id":4315,"date":"2023-07-31T12:20:40","date_gmt":"2023-07-31T10:20:40","guid":{"rendered":"https:\/\/mregio.de\/zrzeczenie-sie\/"},"modified":"2024-11-14T11:51:07","modified_gmt":"2024-11-14T10:51:07","slug":"zrzeczenie-sie","status":"publish","type":"page","link":"https:\/\/mregio.de\/pl\/prawnych\/zrzeczenie-sie\/","title":{"rendered":"Zrzeczenie si\u0119"},"content":{"rendered":"\n<p>Informacje zawarte na mregio.de maj\u0105 charakter wy\u0142\u0105cznie informacyjny.<\/p>\n\n<p>Nasze oprogramowanie jest udost\u0119pniane wy\u0142\u0105cznie w celach informacyjnych i ilustracyjnych. Chocia\u017c dok\u0142adamy wszelkich stara\u0144, aby zapewni\u0107 dok\u0142adno\u015b\u0107 i niezawodno\u015b\u0107, dane wyj\u015bciowe oprogramowania nie powinny by\u0107 traktowane jako dok\u0142adna reprezentacja produktu ko\u0144cowego. Zaleca si\u0119 zweryfikowanie wszystkich pomiar\u00f3w i projekt\u00f3w z profesjonalist\u0105 przed przyst\u0105pieniem do jakiegokolwiek zakupu.<\/p>\n\n<p>Nasza strona internetowa zapewnia oprogramowanie do projektowania szafek online &#8222;tak jak jest&#8221;, bez \u017cadnych wyra\u017anych lub dorozumianych gwarancji. Korzystaj\u0105c z oprogramowania, u\u017cytkownik zgadza si\u0119, \u017ce robi to na w\u0142asne ryzyko, a my nie udzielamy \u017cadnych gwarancji dotycz\u0105cych jego dzia\u0142ania, dok\u0142adno\u015bci lub przydatno\u015bci do okre\u015blonych cel\u00f3w.<\/p>\n\n<p>Wszelkie decyzje podejmowane na podstawie danych wyj\u015bciowych oprogramowania s\u0105 podejmowane na w\u0142asne ryzyko i zach\u0119camy do skonsultowania si\u0119 z wykwalifikowanym projektantem szaf lub innymi odpowiednimi specjalistami w celu oceny konkretnych potrzeb i wymaga\u0144.<\/p>\n\n<p>U\u017cytkownicy oprogramowania do projektowania szaf s\u0105 odpowiedzialni za swoje dzia\u0142ania i projekty. Ponosisz pe\u0142n\u0105 odpowiedzialno\u015b\u0107 za dok\u0142adno\u015b\u0107, przydatno\u015b\u0107 i legalno\u015b\u0107 projekt\u00f3w stworzonych za pomoc\u0105 naszego oprogramowania. Nie ponosimy odpowiedzialno\u015bci za jakiekolwiek bezpo\u015brednie lub po\u015brednie szkody wynikaj\u0105ce z u\u017cytkowania lub niew\u0142a\u015bciwego u\u017cytkowania oprogramowania.<\/p>\n\n<p>U\u017cytkownicy oprogramowania do projektowania szaf s\u0105 odpowiedzialni za swoje dzia\u0142ania i projekty. Ponosisz pe\u0142n\u0105 odpowiedzialno\u015b\u0107 za dok\u0142adno\u015b\u0107, przydatno\u015b\u0107 i legalno\u015b\u0107 projekt\u00f3w stworzonych za pomoc\u0105 naszego oprogramowania. Nie ponosimy odpowiedzialno\u015bci za jakiekolwiek bezpo\u015brednie lub po\u015brednie szkody wynikaj\u0105ce z u\u017cytkowania lub niew\u0142a\u015bciwego u\u017cytkowania oprogramowania.<\/p>\n\n<p>U\u017cytkownicy oprogramowania do projektowania szaf s\u0105 odpowiedzialni za swoje dzia\u0142ania i projekty. Ponosisz pe\u0142n\u0105 odpowiedzialno\u015b\u0107 za dok\u0142adno\u015b\u0107, przydatno\u015b\u0107 i legalno\u015b\u0107 projekt\u00f3w stworzonych za pomoc\u0105 naszego oprogramowania. Nie ponosimy odpowiedzialno\u015bci za jakiekolwiek bezpo\u015brednie lub po\u015brednie szkody wynikaj\u0105ce z u\u017cytkowania lub niew\u0142a\u015bciwego u\u017cytkowania oprogramowania. Korzystaj\u0105c z naszego oprogramowania do projektowania szafek online, potwierdzasz, \u017ce przeczyta\u0142e\u015b i zrozumia\u0142e\u015b niniejsze wy\u0142\u0105czenie odpowiedzialno\u015bci oraz zgadzasz si\u0119 na jego warunki. Je\u015bli nie zgadzasz si\u0119 z jak\u0105kolwiek cz\u0119\u015bci\u0105 niniejszego wy\u0142\u0105czenia odpowiedzialno\u015bci, prosimy o powstrzymanie si\u0119 od korzystania z oprogramowania.<\/p>\n\n<p>Zastrzegamy sobie prawo do modyfikowania, aktualizowania lub usuwania wszelkich tre\u015bci lub us\u0142ug udost\u0119pnianych na mregio.de bez wcze\u015bniejszego powiadomienia.<\/p>\n\n<p>Korzystaj\u0105c z tej witryny, u\u017cytkownik przyjmuje do wiadomo\u015bci i zgadza si\u0119 na warunki, niniejsze wy\u0142\u0105czenie odpowiedzialno\u015bci i inne zasady. Je\u015bli nie zgadzasz si\u0119 z warunkami i zrzeczeniem si\u0119 odpowiedzialno\u015bci, powstrzymaj si\u0119 od korzystania z naszej strony internetowej.<\/p>\n\n<p>Ostatnia aktualizacja: 31.07.2023<\/p>\n","protected":false},"excerpt":{"rendered":"<p>Informacje zawarte na mregio.de maj\u0105 charakter wy\u0142\u0105cznie informacyjny. Nasze oprogramowanie jest udost\u0119pniane wy\u0142\u0105cznie w celach informacyjnych i ilustracyjnych. Chocia\u017c dok\u0142adamy wszelkich stara\u0144, aby zapewni\u0107 dok\u0142adno\u015b\u0107 i niezawodno\u015b\u0107, dane wyj\u015bciowe oprogramowania nie powinny by\u0107 traktowane jako dok\u0142adna reprezentacja produktu ko\u0144cowego. Zaleca si\u0119 zweryfikowanie wszystkich pomiar\u00f3w i projekt\u00f3w z profesjonalist\u0105 przed przyst\u0105pieniem do jakiegokolwiek zakupu. Nasza strona [&hellip;]<\/p>\n","protected":false},"author":4,"featured_media":0,"parent":10675,"menu_order":0,"comment_status":"closed","ping_status":"closed","template":"","meta":{"footnotes":""},"class_list":["post-4315","page","type-page","status-publish","hentry"],"_links":{"self":[{"href":"https:\/\/mregio.de\/pl\/wp-json\/wp\/v2\/pages\/4315","targetHints":{"allow":["GET"]}}],"collection":[{"href":"https:\/\/mregio.de\/pl\/wp-json\/wp\/v2\/pages"}],"about":[{"href":"https:\/\/mregio.de\/pl\/wp-json\/wp\/v2\/types\/page"}],"author":[{"embeddable":true,"href":"https:\/\/mregio.de\/pl\/wp-json\/wp\/v2\/users\/4"}],"replies":[{"embeddable":true,"href":"https:\/\/mregio.de\/pl\/wp-json\/wp\/v2\/comments?post=4315"}],"version-history":[{"count":1,"href":"https:\/\/mregio.de\/pl\/wp-json\/wp\/v2\/pages\/4315\/revisions"}],"predecessor-version":[{"id":10751,"href":"https:\/\/mregio.de\/pl\/wp-json\/wp\/v2\/pages\/4315\/revisions\/10751"}],"up":[{"embeddable":true,"href":"https:\/\/mregio.de\/pl\/wp-json\/wp\/v2\/pages\/10675"}],"wp:attachment":[{"href":"https:\/\/mregio.de\/pl\/wp-json\/wp\/v2\/media?parent=4315"}],"curies":[{"name":"wp","href":"https:\/\/api.w.org\/{rel}","templated":true}]}}