{"id":3245,"date":"2023-07-19T11:30:54","date_gmt":"2023-07-19T09:30:54","guid":{"rendered":"https:\/\/mregio.de\/rejestracja\/"},"modified":"2024-05-02T10:38:27","modified_gmt":"2024-05-02T08:38:27","slug":"rejestracja","status":"publish","type":"page","link":"https:\/\/mregio.de\/pl\/rejestracja\/","title":{"rendered":"Rejestracja"},"content":{"rendered":"\t\t<div data-elementor-type=\"wp-page\" data-elementor-id=\"3245\" class=\"elementor elementor-3245 elementor-1773\" data-elementor-post-type=\"page\">\n\t\t\t\t<div class=\"elementor-element elementor-element-48499f9a e-con-full e-flex e-con e-parent\" data-id=\"48499f9a\" data-element_type=\"container\">\n\t\t<div class=\"elementor-element elementor-element-79ef16ba e-con-full e-flex e-con e-child\" data-id=\"79ef16ba\" data-element_type=\"container\">\n\t\t<div class=\"elementor-element elementor-element-1f12b66e e-con-full e-flex e-con e-child\" data-id=\"1f12b66e\" data-element_type=\"container\">\n\t\t\t\t<div class=\"elementor-element elementor-element-650779cf elementor-invisible elementor-widget elementor-widget-heading\" data-id=\"650779cf\" data-element_type=\"widget\" data-settings=\"{&quot;_animation&quot;:&quot;fadeIn&quot;}\" data-widget_type=\"heading.default\">\n\t\t\t\t<div class=\"elementor-widget-container\">\n\t\t\t\t\t<h1 class=\"elementor-heading-title elementor-size-default\">Rachunek  <br>\nTworzy\u0107<\/h1>\t\t\t\t<\/div>\n\t\t\t\t<\/div>\n\t\t\t\t<div class=\"elementor-element elementor-element-4fa33b7e elementor-widget-divider--view-line elementor-invisible elementor-widget elementor-widget-divider\" data-id=\"4fa33b7e\" data-element_type=\"widget\" data-settings=\"{&quot;_animation&quot;:&quot;fadeIn&quot;,&quot;_animation_delay&quot;:&quot;200&quot;}\" data-widget_type=\"divider.default\">\n\t\t\t\t<div class=\"elementor-widget-container\">\n\t\t\t\t\t\t\t<div class=\"elementor-divider\">\n\t\t\t<span class=\"elementor-divider-separator\">\n\t\t\t\t\t\t<\/span>\n\t\t<\/div>\n\t\t\t\t\t\t<\/div>\n\t\t\t\t<\/div>\n\t\t\t\t<div class=\"elementor-element elementor-element-465c17af elementor-widget elementor-widget-text-editor\" data-id=\"465c17af\" data-element_type=\"widget\" data-widget_type=\"text-editor.default\">\n\t\t\t\t<div class=\"elementor-widget-container\">\n\t\t\t\t\t\t\t\t\t<p>Zarejestruj si\u0119 teraz za darmo, aby uzyska\u0107 sw\u00f3j w\u0142asny planer szafek online.<\/p>\n\t\t\t\t\t\t\t\t<\/div>\n\t\t\t\t<\/div>\n\t\t\t\t<\/div>\n\t\t\t\t<\/div>\n\t\t<div class=\"elementor-element elementor-element-29b06013 e-con-full e-flex elementor-invisible e-con e-child\" data-id=\"29b06013\" data-element_type=\"container\" data-settings=\"{&quot;background_background&quot;:&quot;classic&quot;,&quot;animation&quot;:&quot;slideInRight&quot;}\">\n\t\t\t\t<\/div>\n\t\t\t\t<\/div>\n\t\t<div class=\"elementor-element elementor-element-fbf0559 e-con-full e-flex e-con e-parent\" data-id=\"fbf0559\" data-element_type=\"container\" data-settings=\"{&quot;background_background&quot;:&quot;classic&quot;}\">\n\t\t<div class=\"elementor-element elementor-element-40bd387 e-con-full e-flex e-con e-child\" data-id=\"40bd387\" data-element_type=\"container\">\n\t\t\t\t<div class=\"elementor-element elementor-element-11a4c64 elementor-invisible elementor-widget elementor-widget-heading\" data-id=\"11a4c64\" data-element_type=\"widget\" data-settings=\"{&quot;_animation&quot;:&quot;fadeIn&quot;}\" data-widget_type=\"heading.default\">\n\t\t\t\t<div class=\"elementor-widget-container\">\n\t\t\t\t\t<h2 class=\"elementor-heading-title elementor-size-default\">Przejd\u017a na technologi\u0119 cyfrow\u0105 ju\u017c teraz<\/h2>\t\t\t\t<\/div>\n\t\t\t\t<\/div>\n\t\t\t\t<div class=\"elementor-element elementor-element-8d223f1 elementor-widget-divider--view-line elementor-invisible elementor-widget elementor-widget-divider\" data-id=\"8d223f1\" data-element_type=\"widget\" data-settings=\"{&quot;_animation&quot;:&quot;fadeIn&quot;,&quot;_animation_delay&quot;:&quot;200&quot;}\" data-widget_type=\"divider.default\">\n\t\t\t\t<div class=\"elementor-widget-container\">\n\t\t\t\t\t\t\t<div class=\"elementor-divider\">\n\t\t\t<span class=\"elementor-divider-separator\">\n\t\t\t\t\t\t<\/span>\n\t\t<\/div>\n\t\t\t\t\t\t<\/div>\n\t\t\t\t<\/div>\n\t\t<div class=\"elementor-element elementor-element-35794d2 e-con-full e-flex e-con e-child\" data-id=\"35794d2\" data-element_type=\"container\" data-settings=\"{&quot;background_background&quot;:&quot;classic&quot;}\">\n\t\t<div class=\"elementor-element elementor-element-15b7464 e-con-full e-flex e-con e-child\" data-id=\"15b7464\" data-element_type=\"container\">\n\t\t\t\t<div class=\"elementor-element elementor-element-4e017f3 elementor-position-inline-start elementor-view-default elementor-mobile-position-block-start elementor-widget elementor-widget-icon-box\" data-id=\"4e017f3\" data-element_type=\"widget\" data-widget_type=\"icon-box.default\">\n\t\t\t\t<div class=\"elementor-widget-container\">\n\t\t\t\t\t\t\t<div class=\"elementor-icon-box-wrapper\">\n\n\t\t\t\t\t\t<div class=\"elementor-icon-box-icon\">\n\t\t\t\t<span  class=\"elementor-icon\">\n\t\t\t\t<svg aria-hidden=\"true\" class=\"e-font-icon-svg e-fas-check\" viewBox=\"0 0 512 512\" xmlns=\"http:\/\/www.w3.org\/2000\/svg\"><path d=\"M173.898 439.404l-166.4-166.4c-9.997-9.997-9.997-26.206 0-36.204l36.203-36.204c9.997-9.998 26.207-9.998 36.204 0L192 312.69 432.095 72.596c9.997-9.997 26.207-9.997 36.204 0l36.203 36.204c9.997 9.997 9.997 26.206 0 36.204l-294.4 294.401c-9.998 9.997-26.207 9.997-36.204-.001z\"><\/path><\/svg>\t\t\t\t<\/span>\n\t\t\t<\/div>\n\t\t\t\n\t\t\t\t\t\t<div class=\"elementor-icon-box-content\">\n\n\t\t\t\t\t\t\t\t\t<h3 class=\"elementor-icon-box-title\">\n\t\t\t\t\t\t<span  >\n\t\t\t\t\t\t\tBezp\u0142atna wersja pr\u00f3bna ze wszystkimi funkcjami\t\t\t\t\t\t<\/span>\n\t\t\t\t\t<\/h3>\n\t\t\t\t\n\t\t\t\t\n\t\t\t<\/div>\n\t\t\t\n\t\t<\/div>\n\t\t\t\t\t\t<\/div>\n\t\t\t\t<\/div>\n\t\t\t\t<div class=\"elementor-element elementor-element-7ca7d4e elementor-position-inline-start elementor-view-default elementor-mobile-position-block-start elementor-widget elementor-widget-icon-box\" data-id=\"7ca7d4e\" data-element_type=\"widget\" data-widget_type=\"icon-box.default\">\n\t\t\t\t<div class=\"elementor-widget-container\">\n\t\t\t\t\t\t\t<div class=\"elementor-icon-box-wrapper\">\n\n\t\t\t\t\t\t<div class=\"elementor-icon-box-icon\">\n\t\t\t\t<span  class=\"elementor-icon\">\n\t\t\t\t<svg aria-hidden=\"true\" class=\"e-font-icon-svg e-fas-check\" viewBox=\"0 0 512 512\" xmlns=\"http:\/\/www.w3.org\/2000\/svg\"><path d=\"M173.898 439.404l-166.4-166.4c-9.997-9.997-9.997-26.206 0-36.204l36.203-36.204c9.997-9.998 26.207-9.998 36.204 0L192 312.69 432.095 72.596c9.997-9.997 26.207-9.997 36.204 0l36.203 36.204c9.997 9.997 9.997 26.206 0 36.204l-294.4 294.401c-9.998 9.997-26.207 9.997-36.204-.001z\"><\/path><\/svg>\t\t\t\t<\/span>\n\t\t\t<\/div>\n\t\t\t\n\t\t\t\t\t\t<div class=\"elementor-icon-box-content\">\n\n\t\t\t\t\t\t\t\t\t<h3 class=\"elementor-icon-box-title\">\n\t\t\t\t\t\t<span  >\n\t\t\t\t\t\t\tBrak abonamentu\t\t\t\t\t\t<\/span>\n\t\t\t\t\t<\/h3>\n\t\t\t\t\n\t\t\t\t\n\t\t\t<\/div>\n\t\t\t\n\t\t<\/div>\n\t\t\t\t\t\t<\/div>\n\t\t\t\t<\/div>\n\t\t\t\t<div class=\"elementor-element elementor-element-1bbf37f elementor-position-inline-start elementor-view-default elementor-mobile-position-block-start elementor-widget elementor-widget-icon-box\" data-id=\"1bbf37f\" data-element_type=\"widget\" data-widget_type=\"icon-box.default\">\n\t\t\t\t<div class=\"elementor-widget-container\">\n\t\t\t\t\t\t\t<div class=\"elementor-icon-box-wrapper\">\n\n\t\t\t\t\t\t<div class=\"elementor-icon-box-icon\">\n\t\t\t\t<span  class=\"elementor-icon\">\n\t\t\t\t<svg aria-hidden=\"true\" class=\"e-font-icon-svg e-fas-check\" viewBox=\"0 0 512 512\" xmlns=\"http:\/\/www.w3.org\/2000\/svg\"><path d=\"M173.898 439.404l-166.4-166.4c-9.997-9.997-9.997-26.206 0-36.204l36.203-36.204c9.997-9.998 26.207-9.998 36.204 0L192 312.69 432.095 72.596c9.997-9.997 26.207-9.997 36.204 0l36.203 36.204c9.997 9.997 9.997 26.206 0 36.204l-294.4 294.401c-9.998 9.997-26.207 9.997-36.204-.001z\"><\/path><\/svg>\t\t\t\t<\/span>\n\t\t\t<\/div>\n\t\t\t\n\t\t\t\t\t\t<div class=\"elementor-icon-box-content\">\n\n\t\t\t\t\t\t\t\t\t<h3 class=\"elementor-icon-box-title\">\n\t\t\t\t\t\t<span  >\n\t\t\t\t\t\t\tNie s\u0105 wymagane \u017cadne dane dotycz\u0105ce p\u0142atno\u015bci\t\t\t\t\t\t<\/span>\n\t\t\t\t\t<\/h3>\n\t\t\t\t\n\t\t\t\t\n\t\t\t<\/div>\n\t\t\t\n\t\t<\/div>\n\t\t\t\t\t\t<\/div>\n\t\t\t\t<\/div>\n\t\t\t\t<\/div>\n\t\t<div class=\"elementor-element elementor-element-3a876c4 e-con-full e-flex e-con e-child\" data-id=\"3a876c4\" data-element_type=\"container\">\n\t\t\t\t<div class=\"elementor-element elementor-element-5e3ee7f elementor-widget elementor-widget-heading\" data-id=\"5e3ee7f\" data-element_type=\"widget\" data-widget_type=\"heading.default\">\n\t\t\t\t<div class=\"elementor-widget-container\">\n\t\t\t\t\t<h2 class=\"elementor-heading-title elementor-size-default\">Za\u0142\u00f3\u017c konto<\/h2>\t\t\t\t<\/div>\n\t\t\t\t<\/div>\n\t\t\t\t<div class=\"elementor-element elementor-element-c5399a3 elementor-view-default elementor-widget elementor-widget-icon\" data-id=\"c5399a3\" data-element_type=\"widget\" data-widget_type=\"icon.default\">\n\t\t\t\t<div class=\"elementor-widget-container\">\n\t\t\t\t\t\t\t<div class=\"elementor-icon-wrapper\">\n\t\t\t<div class=\"elementor-icon\">\n\t\t\t<svg aria-hidden=\"true\" class=\"e-font-icon-svg e-fas-user\" viewBox=\"0 0 448 512\" xmlns=\"http:\/\/www.w3.org\/2000\/svg\"><path d=\"M224 256c70.7 0 128-57.3 128-128S294.7 0 224 0 96 57.3 96 128s57.3 128 128 128zm89.6 32h-16.7c-22.2 10.2-46.9 16-72.9 16s-50.6-5.8-72.9-16h-16.7C60.2 288 0 348.2 0 422.4V464c0 26.5 21.5 48 48 48h352c26.5 0 48-21.5 48-48v-41.6c0-74.2-60.2-134.4-134.4-134.4z\"><\/path><\/svg>\t\t\t<\/div>\n\t\t<\/div>\n\t\t\t\t\t\t<\/div>\n\t\t\t\t<\/div>\n\t\t\t\t<div class=\"elementor-element elementor-element-a354505 elementor-widget elementor-widget-text-editor\" data-id=\"a354505\" data-element_type=\"widget\" data-widget_type=\"text-editor.default\">\n\t\t\t\t<div class=\"elementor-widget-container\">\n\t\t\t\t\t\t\t\t\t<p>Zarejestruj si\u0119, aby kontynuowa\u0107<br \/>Jeste\u015b ju\u017c zarejestrowany?  <a href=\"https:\/\/mregio.de\/pl\/moje-konto\/\">Zapisz si\u0119 tutaj<\/a><\/p>\n\t\t\t\t\t\t\t\t<\/div>\n\t\t\t\t<\/div>\n\t\t\t\t<div class=\"elementor-element elementor-element-2714288 elementor-widget elementor-widget-global elementor-global-7614 elementor-global-7603 elementor-widget-shortcode\" data-id=\"2714288\" data-element_type=\"widget\" data-widget_type=\"shortcode.default\">\n\t\t\t\t<div class=\"elementor-widget-container\">\n\t\t\t\t\t\t\t<div class=\"elementor-shortcode\">\t<div class='user-registration ur-frontend-form ur-frontend-form--flat ' id='user-registration-form-1772'>\n\t\t\t\t\t<form method='post' class='register' data-form-id=\"1772\"\n\t\t\t\tdata-enable-strength-password=\"1\" data-minimum-password-strength=\"2\"\n\t\t\t\t\t\t\t\t\t\t\t\t\t\t\t data-captcha-enabled=\"1\">\n\n\t\t\t\t\t\t\t\t\t\t\t<div class='ur-form-row'>\n\t\t\t\t\t\t\t\t\t\t\t\t\t\t\t\t\t\t<div class=\"ur-form-grid ur-grid-1\"\n\t\t\t\t\t\t\t\t\t\t\t\tstyle=\"width:99%\">\n\t\t\t\t\t\t\t\t\t\t\t\t\t\t\t\t\t\t\t\t\t\t\t\t\t\t<div  data-field-id=\"user_login\" class=\"ur-field-item field-user_login \">\n\t\t\t\t\t\t\t\t\t\t\t\t\t\t<div class=\"form-row validate-required\" id=\"user_login_field\" data-priority=\"\" > <span class=\"input-wrapper\"> <input data-rules=\"\" data-id=\"user_login\" type=\"text\" class=\"input-text  without_icon input-text ur-frontend-field  \" name=\"user_login\" id=\"user_login\" placeholder=\"Nazwa u\u017cytkownika *\"  value=\"\" required=\"required\" data-label=\"Nazwa u\u017cytkownika\" data-username-character=\"1\"\/> <\/span> <\/div>\t\t\t\t\t\t\t\t\t\t\t\t\t\t\t\t<\/div>\n\t\t\t\t\t\t\t\t\t\t\t\t\t\t\t\t\t\t\t\t\t\t\t\t\t\t\t\t\t\t<div  data-field-id=\"user_email\" class=\"ur-field-item field-user_email \">\n\t\t\t\t\t\t\t\t\t\t\t\t\t\t<div class=\"form-row validate-required\" id=\"user_email_field\" data-priority=\"\" > <span class=\"input-wrapper\"> <input data-rules=\"\" data-id=\"user_email\" type=\"email\" class=\"input-text  without_icon input-email ur-frontend-field  \" name=\"user_email\" id=\"user_email\" placeholder=\"E-mail*\"  value=\"\" required=\"required\" data-label=\"E-Mail\" \/> <\/span> <\/div>\t\t\t\t\t\t\t\t\t\t\t\t\t\t\t\t<\/div>\n\t\t\t\t\t\t\t\t\t\t\t\t\t\t\t\t\t\t\t\t\t\t\t\t\t\t\t\t\t\t<div  data-field-id=\"user_pass\" class=\"ur-field-item field-user_pass \">\n\t\t\t\t\t\t\t\t\t\t\t\t\t\t<div class=\"form-row validate-required hide_show_password\" id=\"user_pass_field\" data-priority=\"\"> <span class=\"input-wrapper\"> <span class=\"password-input-group input-form-field-icons\"><input data-rules=\"\" data-id=\"user_pass\" type=\"password\" class=\"input-text without_icon input-password ur-frontend-field  \" name=\"user_pass\" id=\"user_pass\" placeholder=\"Has\u0142o*\"  value=\"\" required=\"required\" data-label=\"Has\u0142o\" \/><\/span> <\/span> <\/div>\t\t\t\t\t\t\t\t\t\t\t\t\t\t\t\t<\/div>\n\t\t\t\t\t\t\t\t\t\t\t\t\t\t\t\t\t\t\t\t\t\t\t\t\t\t\t\t\t\t<div  data-field-id=\"user_confirm_password\" class=\"ur-field-item field-user_confirm_password \">\n\t\t\t\t\t\t\t\t\t\t\t\t\t\t<div class=\"form-row validate-required hide_show_password\" id=\"user_confirm_password_field\" data-priority=\"\"> <span class=\"input-wrapper\"> <span class=\"password-input-group input-form-field-icons\"><input data-rules=\"\" data-id=\"user_confirm_password\" type=\"password\" class=\"input-text without_icon input-password ur-frontend-field  \" name=\"user_confirm_password\" id=\"user_confirm_password\" placeholder=\"Potwierd\u017a has\u0142o *\"  value=\"\" required=\"required\" data-label=\"Potwierd\u017a has\u0142o\" \/><\/span> <\/span> <\/div>\t\t\t\t\t\t\t\t\t\t\t\t\t\t\t\t<\/div>\n\t\t\t\t\t\t\t\t\t\t\t\t\t\t\t\t\t\t\t\t\t\t\t\t\t\t\t\t\t\t<div  data-field-id=\"accept_terms_conditions_vendor\" class=\"ur-field-item field-privacy_policy \">\n\t\t\t\t\t\t\t\t\t\t\t\t\t\t<div class=\"form-row validate-required\" id=\"accept_terms_conditions_vendor_field\" data-priority=\"\" ><label class=\"ur-label checkbox\" required=\"required\" data-label=\"Przeczyta\u0142em i akceptuj\u0119 regulamin dla sprzedawc\u00f3w.\">\n\t\t\t\t\t\t\t<input data-rules=\"\" data-id=\"accept_terms_conditions_vendor\" required=\"required\" data-label=\"Przeczyta\u0142em i akceptuj\u0119 regulamin dla sprzedawc\u00f3w.\" data-value=\"\" type=\"checkbox\" class=\"input-checkbox ur-frontend-field \" name=\"accept_terms_conditions_vendor\" id=\"accept_terms_conditions_vendor\" value=\"1\"  \/> Przeczyta\u0142em i akceptuj\u0119 regulamin dla sprzedawc\u00f3w. <abbr class=\"required\" title=\"required\">*<\/abbr><\/label><span class=\"description\">Mo\u017cna go znale\u017a\u0107 tutaj: <a href=\"https:\/\/mregio.de\/pl\/warunki-uzytkowania-dostawca\/\" target=\"_blank\">Warunki dla sprzedawc\u00f3w<\/a>.<\/span><\/div>\t\t\t\t\t\t\t\t\t\t\t\t\t\t\t\t<\/div>\n\t\t\t\t\t\t\t\t\t\t\t\t\t\t\t\t\t\t\t\t\t\t\t\t\t\t\t\t\t\t<div  data-field-id=\"accept_privacy_policy\" class=\"ur-field-item field-privacy_policy \">\n\t\t\t\t\t\t\t\t\t\t\t\t\t\t<div class=\"form-row validate-required\" id=\"accept_privacy_policy_field\" data-priority=\"\" ><label class=\"ur-label checkbox\" required=\"required\" data-label=\"Zapozna\u0142em si\u0119 i akceptuj\u0119 polityk\u0119 prywatno\u015bci.\">\n\t\t\t\t\t\t\t<input data-rules=\"\" data-id=\"accept_privacy_policy\" required=\"required\" data-label=\"Zapozna\u0142em si\u0119 i akceptuj\u0119 polityk\u0119 prywatno\u015bci.\" data-value=\"\" type=\"checkbox\" class=\"input-checkbox ur-frontend-field \" name=\"accept_privacy_policy\" id=\"accept_privacy_policy\" value=\"1\"  \/> Zapozna\u0142em si\u0119 i akceptuj\u0119 polityk\u0119 prywatno\u015bci. <abbr class=\"required\" title=\"required\">*<\/abbr><\/label><span class=\"description\">Znajdziesz j\u0105 tutaj: <a href=\"https:\/\/mregio.de\/pl\/polityka-prywatnosci\/\" target=\"_blank\">Polityka prywatno\u015bci<\/a>.<\/span><\/div>\t\t\t\t\t\t\t\t\t\t\t\t\t\t\t\t<\/div>\n\t\t\t\t\t\t\t\t\t\t\t\t\t\t\t\t\t\t\t\t\t\t\t\t\t<\/div>\n\t\t\t\t\t\t\t\t\t\t\t\t\t\t\t\t\t<\/div>\n\t\t\t\t\t\t\t\t<div class=\"ur-form-row ur-honeypot-container\" style=\"display: none!important;position: absolute!important;left: -9000px!important;\">\n\t\t\t\t<div class=\"ur-form-grid ur-grid-1\" style=\"width:99%\">\n\t\t\t\t\t<div class=\"ur-field-item field-honeypot\">\n\t\t\t\t\t\t<div class=\"form-row \" id=\"honeypot_field\" data-priority=\"\">\n\t\t\t\t\t\t\t<label for=\"honeypot\" class=\"ur-label\">Name\t\t\t\t\t\t\t<\/label>\n\t\t\t\t\t\t\t<input data-rules=\"\" data-id=\"honeypot\" type=\"text\" class=\"input-text input-text ur-frontend-field  \" name=\"honeypot\" id=\"honeypot\" placeholder=\"\" value=\"\" data-label=\"\">\n\t\t\t\t\t\t<\/div>\n\t\t\t\t\t<\/div>\n\t\t\t\t<\/div>\n\t\t\t<\/div>\n\t\t\t\t\t\t\t\t\t<div id=\"ur-recaptcha-node\"> <div id=\"node_recaptcha_register\" class=\"g-recaptcha-hcaptcha\"><\/div><\/div>\t\t\t\t\t\t<div class=\"ur-button-container \" >\n\t\t\t\t\t\t\t\t\t\t\t\t\t\t<button type=\"submit\" class=\"btn button ur-submit-button \" conditional_rules=\"&quot;&quot;\">\n\t\t\t\t\t\t\t\t<span><\/span>\n\t\t\t\t\t\t\t\tZarejestruj si\u0119 teraz\t\t\t\t\t\t\t<\/button>\n\t\t\t\t\t\t\t\t\t\t\t\t\t\t\t\t\t\t\t\t<\/div>\n\t\t\t\t\t\t\n\t\t\t\t<div style=\"clear:both\"><\/div>\n\t\t\t\t\t\t\t\t<input type=\"hidden\" name=\"ur-user-form-id\" value=\"1772\"\/>\n\t\t\t\t<input type=\"hidden\" name=\"ur-redirect-url\" value=\"\"\/>\n\t\t\t\t<input type=\"hidden\" id=\"ur_frontend_form_nonce\" name=\"ur_frontend_form_nonce\" value=\"53110e604c\" \/>\n\t\t\t\t\t\t\t<\/form>\n\t\t\t\n\t\t<div style=\"clear:both\"><\/div>\n\t<\/div>\n<\/div>\n\t\t\t\t\t\t<\/div>\n\t\t\t\t<\/div>\n\t\t\t\t<\/div>\n\t\t\t\t<\/div>\n\t\t\t\t<\/div>\n\t\t\t\t<\/div>\n\t\t\t\t<\/div>\n\t\t","protected":false},"excerpt":{"rendered":"<p>Rachunek Tworzy\u0107 Zarejestruj si\u0119 teraz za darmo, aby uzyska\u0107 sw\u00f3j w\u0142asny planer szafek online. Przejd\u017a na technologi\u0119 cyfrow\u0105 ju\u017c teraz Bezp\u0142atna wersja pr\u00f3bna ze wszystkimi funkcjami Brak abonamentu Nie s\u0105 wymagane \u017cadne dane dotycz\u0105ce p\u0142atno\u015bci Za\u0142\u00f3\u017c konto Zarejestruj si\u0119, aby kontynuowa\u0107Jeste\u015b ju\u017c zarejestrowany? Zapisz si\u0119 tutaj<\/p>\n","protected":false},"author":4,"featured_media":0,"parent":0,"menu_order":0,"comment_status":"closed","ping_status":"closed","template":"","meta":{"footnotes":""},"class_list":["post-3245","page","type-page","status-publish","hentry"],"_links":{"self":[{"href":"https:\/\/mregio.de\/pl\/wp-json\/wp\/v2\/pages\/3245","targetHints":{"allow":["GET"]}}],"collection":[{"href":"https:\/\/mregio.de\/pl\/wp-json\/wp\/v2\/pages"}],"about":[{"href":"https:\/\/mregio.de\/pl\/wp-json\/wp\/v2\/types\/page"}],"author":[{"embeddable":true,"href":"https:\/\/mregio.de\/pl\/wp-json\/wp\/v2\/users\/4"}],"replies":[{"embeddable":true,"href":"https:\/\/mregio.de\/pl\/wp-json\/wp\/v2\/comments?post=3245"}],"version-history":[{"count":5,"href":"https:\/\/mregio.de\/pl\/wp-json\/wp\/v2\/pages\/3245\/revisions"}],"predecessor-version":[{"id":10584,"href":"https:\/\/mregio.de\/pl\/wp-json\/wp\/v2\/pages\/3245\/revisions\/10584"}],"wp:attachment":[{"href":"https:\/\/mregio.de\/pl\/wp-json\/wp\/v2\/media?parent=3245"}],"curies":[{"name":"wp","href":"https:\/\/api.w.org\/{rel}","templated":true}]}}