{"id":3233,"date":"2023-10-23T11:30:27","date_gmt":"2023-10-23T09:30:27","guid":{"rendered":"https:\/\/mregio.de\/zostan-partnerem-afiliacyjnym\/"},"modified":"2023-10-23T11:30:27","modified_gmt":"2023-10-23T09:30:27","slug":"zostan-partnerem-afiliacyjnym","status":"publish","type":"page","link":"https:\/\/mregio.de\/pl\/zostan-partnerem-afiliacyjnym\/","title":{"rendered":"Zosta\u0144 partnerem afiliacyjnym"},"content":{"rendered":"<h2><span style=\"font-family: Arial, Helvetica, sans-serif;\">Zosta\u0144 naszym partnerem afiliacyjnym ju\u017c teraz!<\/span><\/h2>\n<p><span style=\"font-family: Arial, Helvetica, sans-serif;\">Jeste\u015b zainteresowany naszymi produktami?<\/span><\/p>\n<p><span style=\"font-family: Arial, Helvetica, sans-serif;\">Czy masz w\u0142asn\u0105 stron\u0119 internetow\u0105 lub kana\u0142y medi\u00f3w spo\u0142eczno\u015bciowych, kt\u00f3re s\u0105 regularnie odwiedzane?  <\/span><\/p>\n<p><span style=\"font-family: Arial, Helvetica, sans-serif;\">W takim razie pracujmy razem! Dzi\u0119ki naszemu programowi partnerskiemu mo\u017cesz sprzedawa\u0107 wszystkie przedmioty wymienione w naszym sklepie pod <a href=\"https:\/\/shop.edv-cad.de\" target=\"_blank\" rel=\"noopener sponsored nofollow\">shop.edv-cad.de<\/a> .  <\/span><\/p>\n<p><span style=\"font-family: Arial, Helvetica, sans-serif;\">W naszym asortymencie znajdziesz produkty, kt\u00f3rych stolarze, plani\u015bci, architekci (wn\u0119trz), sklepi\u015bci, targowcy i monterzy wn\u0119trz potrzebuj\u0105 do codziennej pracy biurowej.<\/span><\/p>\n<p><span style=\"font-family: Arial, Helvetica, sans-serif;\">  Dzi\u0119ki naszemu programowi partnerskiemu mo\u017cesz zarabia\u0107 atrakcyjne prowizje.  <\/span><\/p>\n<p><span style=\"font-family: Arial, Helvetica, sans-serif;\">Za ka\u017cde potwierdzone zam\u00f3wienie otrzymasz prowizj\u0119 w wysoko\u015bci do 40%, dalsze warunki mo\u017cna uzgodni\u0107.<\/span><\/p>\n<h3><strong><span style=\"font-family: Arial, Helvetica, sans-serif;\">Dlaczego warto reklamowa\u0107 si\u0119 jako partner afiliacyjny?<\/span><\/strong><\/h3>\n<ul>\n<li><span style=\"font-family: Arial, Helvetica, sans-serif;\"><span style=\"font-family: Arial, Helvetica, sans-serif;\">\u0141atwa i bezp\u0142atna rejestracja i uczestnictwo<\/span><\/span><\/li>\n<li><span style=\"font-family: Arial, Helvetica, sans-serif;\"><span style=\"font-family: Arial, Helvetica, sans-serif;\">Program partnerski jest wygodnie obs\u0142ugiwany za po\u015brednictwem naszej platformy sklepowej<\/span><\/span><\/li>\n<li><span style=\"font-family: Arial, Helvetica, sans-serif;\"><span style=\"font-family: Arial, Helvetica, sans-serif;\">Sprawdzona technologia \u015bledzenia zapewnia odpowiedni\u0105 prowizj\u0119<\/span><\/span><\/li>\n<li><span style=\"font-family: Arial, Helvetica, sans-serif;\"><span style=\"font-family: Arial, Helvetica, sans-serif;\">Bezpo\u015bredni dost\u0119p do reklam tekstowych i baner\u00f3w reklamowych<\/span><\/span><\/li>\n<li><span style=\"font-family: Arial, Helvetica, sans-serif;\"><span style=\"font-family: Arial, Helvetica, sans-serif;\">Wysokiej jako\u015bci dane o wszystkich zarz\u0105dzanych produktach<\/span><\/span><\/li>\n<li><span style=\"font-family: Arial, Helvetica, sans-serif;\">Szybka realizacja<\/span><\/li>\n<\/ul>\n<p>&nbsp;<\/p>\n<p><span style=\"text-decoration: underline; background-color: #99ccff; font-size: 24pt;\"><a style=\"background-color: #99ccff;\" href=\"https:\/\/shop.edv-cad.de\" target=\"_blank\" rel=\"noopener nofollow\"><span style=\"background-color: #99ccff;\"><strong><span style=\"font-family: Arial, Helvetica, sans-serif; color: #800000; text-decoration: underline;\">Tak, chc\u0119 wzi\u0105\u0107 udzia\u0142!<\/span><\/strong><\/span><\/a><\/span><\/p>\n<ol>\n<li><span style=\"font-family: Arial, Helvetica, sans-serif;\">Zarejestruj si\u0119 na <a href=\"https:\/\/shop.edv-cad.de\/de\/anmeldung\" target=\"_blank\" rel=\"noopener nofollow\">https:\/\/shop.edv-cad.de<\/a><\/span><\/li>\n<li><span style=\"font-family: Arial, Helvetica, sans-serif;\">Zarejestruj si\u0119 i kliknij link partnera afiliacyjnego<\/span><span style=\"font-family: Arial, Helvetica, sans-serif;\"><img decoding=\"async\" class=\"alignnone size-medium wp-image-2657\" src=\"https:\/\/mregio.de\/wp-content\/uploads\/2023\/10\/Prestashop-become-partner-affiliate-software-interior-planungen-138x300.png\" alt=\"Prestashop-zosta\u0144-partnerem-afiliacyjnym-oprogramowanie-do planowania wn\u0119trz\" width=\"138\" height=\"300\" title=\"\" srcset=\"https:\/\/mregio.de\/wp-content\/uploads\/2023\/10\/Prestashop-become-partner-affiliate-software-interior-planungen-138x300.png 138w, https:\/\/mregio.de\/wp-content\/uploads\/2023\/10\/Prestashop-become-partner-affiliate-software-interior-planungen-473x1024.png 473w, https:\/\/mregio.de\/wp-content\/uploads\/2023\/10\/Prestashop-become-partner-affiliate-software-interior-planungen.png 553w\" sizes=\"(max-width: 138px) 100vw, 138px\" \/><\/span><\/li>\n<li><span style=\"font-family: Arial, Helvetica, sans-serif;\">Wprowad\u017a swoje dane kontaktowe, stron\u0119 internetow\u0105 i adres URL witryny&#8230;<\/span><\/li>\n<\/ol>\n<p><img decoding=\"async\" class=\"alignnone size-medium wp-image-2673\" src=\"https:\/\/mregio.de\/wp-content\/uploads\/2023\/10\/formular-affiliate-partner-webseite-300x145.png\" alt=\"Formularz Strona internetowa partnera afiliacyjnego\" width=\"300\" height=\"145\" title=\"\" srcset=\"https:\/\/mregio.de\/wp-content\/uploads\/2023\/10\/formular-affiliate-partner-webseite-300x145.png 300w, https:\/\/mregio.de\/wp-content\/uploads\/2023\/10\/formular-affiliate-partner-webseite-1024x494.png 1024w, https:\/\/mregio.de\/wp-content\/uploads\/2023\/10\/formular-affiliate-partner-webseite-768x371.png 768w, https:\/\/mregio.de\/wp-content\/uploads\/2023\/10\/formular-affiliate-partner-webseite.png 1366w\" sizes=\"(max-width: 300px) 100vw, 300px\" \/><\/p>\n<p><span style=\"font-family: Arial, Helvetica, sans-serif;\">&#8222;Kana\u0142y docelowe dla marketingu afiliacyjnego&#8221;: Wprowad\u017a tutaj swoje linki, pod kt\u00f3rymi b\u0119dziesz sprzedawa\u0107 nasze produkty na swojej stronie internetowej i kana\u0142ach.<\/span><\/p>\n<hr>\n<p><span style=\"font-family: Arial, Helvetica, sans-serif;\"><br \/>\nPo wys\u0142aniu wniosku zostanie on przez nas rozpatrzony.<\/span><\/p>\n<p><span style=\"font-family: Arial, Helvetica, sans-serif;\">Nast\u0119pnie przydzielimy Ci prowizje i aktywujemy Twoje konto.<\/span><\/p>\n<h3><strong><span style=\"font-family: Arial, Helvetica, sans-serif;\">Gotowe &#8211; Twoje konto partnerskie jest teraz aktywowane!<\/span><\/strong><\/h3>\n<p><img decoding=\"async\" class=\"alignnone size-medium wp-image-2698\" src=\"https:\/\/mregio.de\/wp-content\/uploads\/2023\/10\/Prestashop-partnerkonto-affiliate-software-interior-planungen-145x300.png\" alt=\"Prestashop-konto-partnerskie-oprogramowanie-afiliacyjne-planowanie wn\u0119trz\" width=\"145\" height=\"300\" title=\"\" srcset=\"https:\/\/mregio.de\/wp-content\/uploads\/2023\/10\/Prestashop-partnerkonto-affiliate-software-interior-planungen-145x300.png 145w, https:\/\/mregio.de\/wp-content\/uploads\/2023\/10\/Prestashop-partnerkonto-affiliate-software-interior-planungen.png 473w\" sizes=\"(max-width: 145px) 100vw, 145px\" \/><\/p>\n<p>&nbsp;<\/p>\n<h3><strong><span style=\"font-family: Arial, Helvetica, sans-serif;\">Nast\u0119puj\u0105ce obszary s\u0105 teraz dost\u0119pne:<\/span><\/strong><\/h3>\n<h4><strong><span style=\"font-family: Arial, Helvetica, sans-serif;\">Moje konto partnerskie<\/span><\/strong><br \/>\n<img loading=\"lazy\" decoding=\"async\" class=\"alignnone size-large wp-image-2864\" src=\"https:\/\/mregio.de\/wp-content\/uploads\/2023\/10\/Prestashop-partnerkonto-ads-affiliate-software-interior-planungen-1024x193.png\" alt=\"Prestashop-konto-partnerskie-reklamy-oprogramowanie-partnerskie-planowanie-wn\u0119trz\" width=\"1024\" height=\"193\" title=\"\" srcset=\"https:\/\/mregio.de\/wp-content\/uploads\/2023\/10\/Prestashop-partnerkonto-ads-affiliate-software-interior-planungen-1024x193.png 1024w, https:\/\/mregio.de\/wp-content\/uploads\/2023\/10\/Prestashop-partnerkonto-ads-affiliate-software-interior-planungen-300x57.png 300w, https:\/\/mregio.de\/wp-content\/uploads\/2023\/10\/Prestashop-partnerkonto-ads-affiliate-software-interior-planungen-768x145.png 768w, https:\/\/mregio.de\/wp-content\/uploads\/2023\/10\/Prestashop-partnerkonto-ads-affiliate-software-interior-planungen-1536x290.png 1536w, https:\/\/mregio.de\/wp-content\/uploads\/2023\/10\/Prestashop-partnerkonto-ads-affiliate-software-interior-planungen-2048x387.png 2048w\" sizes=\"(max-width: 1024px) 100vw, 1024px\" \/><\/h4>\n<p><span style=\"font-family: Arial, Helvetica, sans-serif;\">Tutaj znajdziesz link partnerski do naszego sklepu. Gdy tylko klient kliknie w ten link, trafia do naszego sklepu.<\/span><br \/>\n<span style=\"font-family: Arial, Helvetica, sans-serif;\">Tw\u00f3j link partnerski jest &#8222;\u015bledzony&#8221;, tzn. \u015bledzony jest na przyk\u0142ad to, czy i jakie produkty kupuje klient.<\/span><\/p>\n<p><span style=\"font-family: Arial, Helvetica, sans-serif;\">Je\u015bli reklamy reklamowe s\u0105 przechowywane w naszym backendzie, odpowiednie przyciski pojawi\u0105 si\u0119 w prawym g\u00f3rnym rogu.<\/span><br \/>\n<span style=\"font-family: Arial, Helvetica, sans-serif;\">Mo\u017cesz u\u017cy\u0107 tych link\u00f3w, aby bezpo\u015brednio wykorzysta\u0107 zawarto\u015b\u0107 lub kod \u017ar\u00f3d\u0142owy.<\/span><\/p>\n<p><img loading=\"lazy\" decoding=\"async\" class=\"alignnone wp-image-2869 size-medium\" src=\"https:\/\/mregio.de\/wp-content\/uploads\/2023\/10\/Prestashop-partnerkonto-werbeanzeige-affiliate-software-interior-planungen-195x300.png\" alt=\"Prestashop-konto-partnerskie-reklama-oprogramowanie-afiliacyjne-planowanie wn\u0119trz\" width=\"195\" height=\"300\" title=\"\" srcset=\"https:\/\/mregio.de\/wp-content\/uploads\/2023\/10\/Prestashop-partnerkonto-werbeanzeige-affiliate-software-interior-planungen-195x300.png 195w, https:\/\/mregio.de\/wp-content\/uploads\/2023\/10\/Prestashop-partnerkonto-werbeanzeige-affiliate-software-interior-planungen-666x1024.png 666w, https:\/\/mregio.de\/wp-content\/uploads\/2023\/10\/Prestashop-partnerkonto-werbeanzeige-affiliate-software-interior-planungen-768x1182.png 768w, https:\/\/mregio.de\/wp-content\/uploads\/2023\/10\/Prestashop-partnerkonto-werbeanzeige-affiliate-software-interior-planungen-998x1536.png 998w, https:\/\/mregio.de\/wp-content\/uploads\/2023\/10\/Prestashop-partnerkonto-werbeanzeige-affiliate-software-interior-planungen.png 1014w\" sizes=\"(max-width: 195px) 100vw, 195px\" \/><\/p>\n<p>&nbsp;<\/p>\n<h4><strong><span style=\"font-family: Arial, Helvetica, sans-serif;\">Streszczenie<\/span><\/strong><br \/>\n<span style=\"font-family: Arial, Helvetica, sans-serif;\"><img loading=\"lazy\" decoding=\"async\" class=\"alignnone wp-image-2708 size-large\" src=\"https:\/\/mregio.de\/wp-content\/uploads\/2023\/10\/Prestashop-partnerkonto-zusammenfassung-affiliate-software-interior-planungen-1024x372.png\" alt=\"Prestashop-podsumowanie-konta-partnerskiego-oprogramowanie-afiliacyjne-planowanie-wn\u0119trz\" width=\"1024\" height=\"372\" title=\"\" srcset=\"https:\/\/mregio.de\/wp-content\/uploads\/2023\/10\/Prestashop-partnerkonto-zusammenfassung-affiliate-software-interior-planungen-1024x372.png 1024w, https:\/\/mregio.de\/wp-content\/uploads\/2023\/10\/Prestashop-partnerkonto-zusammenfassung-affiliate-software-interior-planungen-300x109.png 300w, https:\/\/mregio.de\/wp-content\/uploads\/2023\/10\/Prestashop-partnerkonto-zusammenfassung-affiliate-software-interior-planungen-768x279.png 768w, https:\/\/mregio.de\/wp-content\/uploads\/2023\/10\/Prestashop-partnerkonto-zusammenfassung-affiliate-software-interior-planungen-1536x557.png 1536w, https:\/\/mregio.de\/wp-content\/uploads\/2023\/10\/Prestashop-partnerkonto-zusammenfassung-affiliate-software-interior-planungen-2048x743.png 2048w\" sizes=\"(max-width: 1024px) 100vw, 1024px\" \/><\/span><\/h4>\n<p><span style=\"font-family: Arial, Helvetica, sans-serif;\">Tutaj mo\u017cesz zobaczy\u0107 przegl\u0105d swojej sprzeda\u017cy<\/span><\/p>\n<h4><strong><span style=\"font-family: Arial, Helvetica, sans-serif;\">Kampania<\/span><\/strong><br \/>\n<span style=\"font-family: Arial, Helvetica, sans-serif;\"><img loading=\"lazy\" decoding=\"async\" class=\"alignnone wp-image-2713 size-large\" src=\"https:\/\/mregio.de\/wp-content\/uploads\/2023\/10\/Prestashop-partnerkonto-kampagne-affiliate-software-interior-planungen-1024x201.png\" alt=\"Prestashop-konto-partnerski-kampania-partnerska-oprogramowanie-wewn\u0119trzne-planowanie\" width=\"1024\" height=\"201\" title=\"\" srcset=\"https:\/\/mregio.de\/wp-content\/uploads\/2023\/10\/Prestashop-partnerkonto-kampagne-affiliate-software-interior-planungen-1024x201.png 1024w, https:\/\/mregio.de\/wp-content\/uploads\/2023\/10\/Prestashop-partnerkonto-kampagne-affiliate-software-interior-planungen-300x59.png 300w, https:\/\/mregio.de\/wp-content\/uploads\/2023\/10\/Prestashop-partnerkonto-kampagne-affiliate-software-interior-planungen-768x151.png 768w, https:\/\/mregio.de\/wp-content\/uploads\/2023\/10\/Prestashop-partnerkonto-kampagne-affiliate-software-interior-planungen-1536x301.png 1536w, https:\/\/mregio.de\/wp-content\/uploads\/2023\/10\/Prestashop-partnerkonto-kampagne-affiliate-software-interior-planungen-2048x402.png 2048w\" sizes=\"(max-width: 1024px) 100vw, 1024px\" \/><\/span><\/h4>\n<p><span style=\"font-family: Arial, Helvetica, sans-serif;\">Tutaj mo\u017cesz tworzy\u0107 w\u0142asne kampanie. Dla tych kampanii generowane s\u0105 indywidualne linki, dzi\u0119ki czemu otrzymujesz bardzo konkretne oceny.<\/span><\/p>\n<p><span style=\"font-family: Arial, Helvetica, sans-serif;\"><img loading=\"lazy\" decoding=\"async\" class=\"alignnone wp-image-2733 size-medium\" src=\"https:\/\/mregio.de\/wp-content\/uploads\/2023\/10\/Prestashop-partnerkonto-kampagne-detail-affiliate-software-interior-planungen-300x184.png\" alt=\"Prestashop-affiliate-account-event-campaign-affiliate-software-interior-planning\" width=\"300\" height=\"184\" title=\"\" srcset=\"https:\/\/mregio.de\/wp-content\/uploads\/2023\/10\/Prestashop-partnerkonto-kampagne-detail-affiliate-software-interior-planungen-300x184.png 300w, https:\/\/mregio.de\/wp-content\/uploads\/2023\/10\/Prestashop-partnerkonto-kampagne-detail-affiliate-software-interior-planungen-1024x627.png 1024w, https:\/\/mregio.de\/wp-content\/uploads\/2023\/10\/Prestashop-partnerkonto-kampagne-detail-affiliate-software-interior-planungen-768x470.png 768w, https:\/\/mregio.de\/wp-content\/uploads\/2023\/10\/Prestashop-partnerkonto-kampagne-detail-affiliate-software-interior-planungen-1536x940.png 1536w, https:\/\/mregio.de\/wp-content\/uploads\/2023\/10\/Prestashop-partnerkonto-kampagne-detail-affiliate-software-interior-planungen.png 2014w\" sizes=\"(max-width: 300px) 100vw, 300px\" \/><\/span><\/p>\n<p>&nbsp;<\/p>\n<h4><strong><span style=\"font-family: Arial, Helvetica, sans-serif;\">Produkty i prowizje<\/span><\/strong><br \/>\n<span style=\"font-family: Arial, Helvetica, sans-serif;\"><img loading=\"lazy\" decoding=\"async\" class=\"alignnone size-large wp-image-2718\" src=\"https:\/\/mregio.de\/wp-content\/uploads\/2023\/10\/Prestashop-partnerkonto-produkte-provisionen-affiliate-software-interior-planungen-1024x310.png\" alt=\"Prestashop-konto-partnerskie-produkty-prowizje-oprogramowanie-partnerskie-planowanie-wn\u0119trz\" width=\"1024\" height=\"310\" title=\"\" srcset=\"https:\/\/mregio.de\/wp-content\/uploads\/2023\/10\/Prestashop-partnerkonto-produkte-provisionen-affiliate-software-interior-planungen-1024x310.png 1024w, https:\/\/mregio.de\/wp-content\/uploads\/2023\/10\/Prestashop-partnerkonto-produkte-provisionen-affiliate-software-interior-planungen-300x91.png 300w, https:\/\/mregio.de\/wp-content\/uploads\/2023\/10\/Prestashop-partnerkonto-produkte-provisionen-affiliate-software-interior-planungen-768x232.png 768w, https:\/\/mregio.de\/wp-content\/uploads\/2023\/10\/Prestashop-partnerkonto-produkte-provisionen-affiliate-software-interior-planungen-1536x465.png 1536w, https:\/\/mregio.de\/wp-content\/uploads\/2023\/10\/Prestashop-partnerkonto-produkte-provisionen-affiliate-software-interior-planungen-2048x620.png 2048w\" sizes=\"(max-width: 1024px) 100vw, 1024px\" \/><\/span><\/h4>\n<p><span style=\"font-family: Arial, Helvetica, sans-serif;\">Wszystkie produkty sklepu s\u0105 wymienione tutaj&#8230;<\/span><\/p>\n<p>&nbsp;<\/p>\n<h4><strong><span style=\"font-family: Arial, Helvetica, sans-serif;\">Sprzeda\u017c i prowizje<\/span><\/strong><\/h4>\n<p><span style=\"font-family: Arial, Helvetica, sans-serif;\"><img loading=\"lazy\" decoding=\"async\" class=\"alignnone size-large wp-image-2723\" src=\"https:\/\/mregio.de\/wp-content\/uploads\/2023\/10\/Prestashop-partnerkonto-verkaeufe-provisionen-affiliate-software-interior-planungen-1024x155.png\" alt=\"Prestashop-konto-partnerskie-prowizje-sprzeda\u017cy-oprogramowanie-partnerskie-planowanie-wn\u0119trz\" width=\"1024\" height=\"155\" title=\"\" srcset=\"https:\/\/mregio.de\/wp-content\/uploads\/2023\/10\/Prestashop-partnerkonto-verkaeufe-provisionen-affiliate-software-interior-planungen-1024x155.png 1024w, https:\/\/mregio.de\/wp-content\/uploads\/2023\/10\/Prestashop-partnerkonto-verkaeufe-provisionen-affiliate-software-interior-planungen-300x45.png 300w, https:\/\/mregio.de\/wp-content\/uploads\/2023\/10\/Prestashop-partnerkonto-verkaeufe-provisionen-affiliate-software-interior-planungen-768x116.png 768w, https:\/\/mregio.de\/wp-content\/uploads\/2023\/10\/Prestashop-partnerkonto-verkaeufe-provisionen-affiliate-software-interior-planungen-1536x232.png 1536w, https:\/\/mregio.de\/wp-content\/uploads\/2023\/10\/Prestashop-partnerkonto-verkaeufe-provisionen-affiliate-software-interior-planungen-2048x309.png 2048w\" sizes=\"(max-width: 1024px) 100vw, 1024px\" \/><\/span><\/p>\n<p><span style=\"font-family: Arial, Helvetica, sans-serif;\">Tutaj mo\u017cesz zobaczy\u0107 przegl\u0105d swojej sprzeda\u017cy &#8230;<\/span><\/p>\n<p>&nbsp;<\/p>\n<h4><strong><span style=\"font-family: Arial, Helvetica, sans-serif;\">Moje do\u017cywotnie cz\u0142onkostwo<\/span><\/strong><\/h4>\n<p><span style=\"font-family: Arial, Helvetica, sans-serif;\"><img loading=\"lazy\" decoding=\"async\" class=\"alignnone size-large wp-image-2728\" src=\"https:\/\/mregio.de\/wp-content\/uploads\/2023\/10\/Prestashop-partnerkonto-lebenslange-mitgliedschaften-affiliate-software-interior-planungen-1024x152.png\" alt=\"prestashop-konto-partnerskie-do\u017cywotnie-cz\u0142onkostwo-oprogramowanie-partnerskie-planowanie-wn\u0119trz\" width=\"1024\" height=\"152\" title=\"\" srcset=\"https:\/\/mregio.de\/wp-content\/uploads\/2023\/10\/Prestashop-partnerkonto-lebenslange-mitgliedschaften-affiliate-software-interior-planungen-1024x152.png 1024w, https:\/\/mregio.de\/wp-content\/uploads\/2023\/10\/Prestashop-partnerkonto-lebenslange-mitgliedschaften-affiliate-software-interior-planungen-300x45.png 300w, https:\/\/mregio.de\/wp-content\/uploads\/2023\/10\/Prestashop-partnerkonto-lebenslange-mitgliedschaften-affiliate-software-interior-planungen-768x114.png 768w, https:\/\/mregio.de\/wp-content\/uploads\/2023\/10\/Prestashop-partnerkonto-lebenslange-mitgliedschaften-affiliate-software-interior-planungen-1536x228.png 1536w, https:\/\/mregio.de\/wp-content\/uploads\/2023\/10\/Prestashop-partnerkonto-lebenslange-mitgliedschaften-affiliate-software-interior-planungen-2048x304.png 2048w\" sizes=\"(max-width: 1024px) 100vw, 1024px\" \/><\/span><\/p>\n<p><span style=\"font-family: Arial, Helvetica, sans-serif;\">Tutaj mo\u017cesz sprawdzi\u0107, czy ustawienie prowizji do\u017cywotnich jest aktywne.<\/span><br \/>\n<span style=\"font-family: Arial, Helvetica, sans-serif;\">Gdy ta opcja jest w\u0142\u0105czona, ka\u017cdy klient, kt\u00f3ry zostanie przyprowadzony do Twojej witryny przez partnera, otrzyma do\u017cywotni\u0105 prowizj\u0119 od ca\u0142ej swojej sprzeda\u017cy.  <\/span><br \/>\n<span style=\"font-family: Arial, Helvetica, sans-serif;\">Partner do\u017cywotni jest przypisywany tylko wtedy, gdy klient z\u0142o\u017cy zam\u00f3wienie  <\/span><\/p>\n","protected":false},"excerpt":{"rendered":"<p>Zosta\u0144 naszym partnerem afiliacyjnym ju\u017c teraz! Jeste\u015b zainteresowany naszymi produktami? Czy masz w\u0142asn\u0105 stron\u0119 internetow\u0105 lub kana\u0142y medi\u00f3w spo\u0142eczno\u015bciowych, kt\u00f3re s\u0105 regularnie odwiedzane? W takim razie pracujmy razem! Dzi\u0119ki naszemu programowi partnerskiemu mo\u017cesz sprzedawa\u0107 wszystkie przedmioty wymienione w naszym sklepie pod shop.edv-cad.de . W naszym asortymencie znajdziesz produkty, kt\u00f3rych stolarze, plani\u015bci, architekci (wn\u0119trz), sklepi\u015bci, targowcy [&hellip;]<\/p>\n","protected":false},"author":1,"featured_media":0,"parent":0,"menu_order":0,"comment_status":"closed","ping_status":"closed","template":"","meta":{"footnotes":""},"class_list":["post-3233","page","type-page","status-publish","hentry"],"_links":{"self":[{"href":"https:\/\/mregio.de\/pl\/wp-json\/wp\/v2\/pages\/3233","targetHints":{"allow":["GET"]}}],"collection":[{"href":"https:\/\/mregio.de\/pl\/wp-json\/wp\/v2\/pages"}],"about":[{"href":"https:\/\/mregio.de\/pl\/wp-json\/wp\/v2\/types\/page"}],"author":[{"embeddable":true,"href":"https:\/\/mregio.de\/pl\/wp-json\/wp\/v2\/users\/1"}],"replies":[{"embeddable":true,"href":"https:\/\/mregio.de\/pl\/wp-json\/wp\/v2\/comments?post=3233"}],"version-history":[{"count":0,"href":"https:\/\/mregio.de\/pl\/wp-json\/wp\/v2\/pages\/3233\/revisions"}],"wp:attachment":[{"href":"https:\/\/mregio.de\/pl\/wp-json\/wp\/v2\/media?parent=3233"}],"curies":[{"name":"wp","href":"https:\/\/api.w.org\/{rel}","templated":true}]}}