{"id":3222,"date":"2020-12-04T19:12:52","date_gmt":"2020-12-04T18:12:52","guid":{"rendered":"https:\/\/mregio.de\/impressum\/"},"modified":"2024-11-14T11:12:42","modified_gmt":"2024-11-14T10:12:42","slug":"impressum","status":"publish","type":"page","link":"https:\/\/mregio.de\/pl\/prawnych\/impressum\/","title":{"rendered":"Impressum"},"content":{"rendered":"<header class=\"entry-header\">\n<h1 class=\"entry-title\">Impressum<\/h1>\n<\/header>\n<div class=\"entry-content\">\n<p>To jest nasz nadruk. Tutaj znajdziesz wszystkie istotne i prawne informacje dotycz\u0105ce identyfikacji naszego dostawcy.<\/p>\n<h2><span id=\"angaben_gemass_5_tmg\">Informacje zgodnie z \u00a7 5 TMG<\/span><\/h2>\n<p>edv &amp; cad group<br \/>\nBuchbichl 38<br \/>\n83737 Irschenberg<\/p>\n<h2><span id=\"kontakt\">Kontakt<\/span><\/h2>\n<p>Tel.  <a href=\"http:\/\/Tel:008025995969\">Osoba kontaktowa &#8211; numer telefonu: +49 (0)8025 995969<\/a><br \/>\nFaks: +49 (0)8025 995970<\/p>\n<p><a href=\"mailto:info@edv-cad.de\">info@edv-cad.de<\/a><\/p>\n<h2><span id=\"verantwortlich_fur_den_inhalt_nach_55_abs_2_rstv\">Odpowiedzialno\u015b\u0107 za tre\u015b\u0107 zgodnie z \u00a7 55 Abs. 2 Przeka\u017aniki RStV<\/span><\/h2>\n<p>Hannes Ellmeier<\/p>\n<h2><span id=\"eu-streitschlichtung\">Rozstrzyganie spor\u00f3w w UE<\/span><\/h2>\n<p>Komisja Europejska udost\u0119pnia platform\u0119 do internetowego rozstrzygania spor\u00f3w (ODR): <a href=\"https:\/\/ec.europa.eu\/consumers\/odr\/main\/index.cfm\" target=\"_blank\" rel=\"noopener noreferrer nofollow\">https:\/\/ec.europa.eu\/consumers\/odr\/main\/index.cfm<\/a><br \/>\nNasz adres e-mail znajduje si\u0119 na g\u00f3rze stopki redakcyjnej.<\/p>\n<h2><span id=\"verbraucherstreitbeilegunguniversalschlichtungsstelle\">Rozstrzyganie spor\u00f3w konsumenckich\/Powszechna Rada Arbitra\u017cowa<\/span><\/h2>\n<p>Nie chcemy ani nie jeste\u015bmy zobowi\u0105zani do udzia\u0142u w procedurze rozstrzygania spor\u00f3w przed konsumenck\u0105 komisj\u0105 arbitra\u017cow\u0105.<\/p>\n<h2><span id=\"haftung_fur_inhalte\">Odpowiedzialno\u015b\u0107 za tre\u015bci<\/span><\/h2>\n<p>Jako us\u0142ugodawca jeste\u015bmy zobowi\u0105zani do przestrzegania \u00a7 7 ust. 1 TMG ponosi odpowiedzialno\u015b\u0107 za w\u0142asne tre\u015bci na tych stronach zgodnie z og\u00f3lnymi przepisami prawa. Zgodnie z \u00a7\u00a7 8 do 10 TMG jako us\u0142ugodawca nie jeste\u015bmy jednak zobowi\u0105zani do monitorowania przekazywanych lub przechowywanych informacji os\u00f3b trzecich ani do badania okoliczno\u015bci wskazuj\u0105cych na dzia\u0142alno\u015b\u0107 niezgodn\u0105 z prawem.<\/p>\n<p>Zobowi\u0105zania do usuni\u0119cia lub zablokowania korzystania z informacji zgodnie z og\u00f3lnymi przepisami prawa pozostaj\u0105 nienaruszone. Odpowiedzialno\u015b\u0107 w tym zakresie jest jednak mo\u017cliwa dopiero od momentu powzi\u0119cia wiadomo\u015bci o konkretnym naruszeniu. Je\u015bli dowiemy si\u0119 o takich naruszeniach, natychmiast usuniemy te tre\u015bci. Zobowi\u0105zania do usuni\u0119cia lub zablokowania korzystania z informacji zgodnie z og\u00f3lnymi przepisami prawa pozostaj\u0105 nienaruszone. Odpowiedzialno\u015b\u0107 w tym zakresie jest jednak mo\u017cliwa dopiero od momentu powzi\u0119cia wiadomo\u015bci o konkretnym naruszeniu. Je\u015bli dowiemy si\u0119 o takich naruszeniach, natychmiast usuniemy te tre\u015bci.<\/p>\n<h2><span id=\"haftung_fur_links\">Odpowiedzialno\u015b\u0107 za linki<\/span><\/h2>\n<p>Nasza strona internetowa zawiera linki do zewn\u0119trznych stron internetowych os\u00f3b trzecich, na kt\u00f3rych tre\u015b\u0107 nie mamy wp\u0142ywu. W zwi\u0105zku z tym nie ponosimy \u017cadnej odpowiedzialno\u015bci za te tre\u015bci os\u00f3b trzecich. Za tre\u015b\u0107 stron, do kt\u00f3rych prowadz\u0105 linki, odpowiada zawsze dany dostawca lub operator stron. Strony, do kt\u00f3rych prowadz\u0105 linki, zosta\u0142y sprawdzone pod k\u0105tem ewentualnych narusze\u0144 prawa w momencie umieszczania link\u00f3w. Nielegalne tre\u015bci nie by\u0142y rozpoznawalne w momencie umieszczania link\u00f3w.<\/p>\n<p>Sta\u0142a kontrola tre\u015bci stron, do kt\u00f3rych prowadz\u0105 linki, nie jest jednak uzasadniona bez konkretnych przes\u0142anek wskazuj\u0105cych na naruszenie prawa. Je\u015bli dowiemy si\u0119 o jakichkolwiek naruszeniach prawa, natychmiast usuniemy takie linki.<\/p>\n<h2><span id=\"urheberrecht\">Prawo autorskie<\/span><\/h2>\n<p>Tre\u015bci i dzie\u0142a stworzone przez operator\u00f3w stron na tych stronach podlegaj\u0105 niemieckiemu prawu autorskiemu. Powielanie, przetwarzanie, rozpowszechnianie i wszelkiego rodzaju wykorzystywanie wykraczaj\u0105ce poza granice prawa autorskiego wymaga pisemnej zgody danego autora lub tw\u00f3rcy. Pliki do pobrania i kopie tej strony s\u0105 dozwolone wy\u0142\u0105cznie do u\u017cytku prywatnego, niekomercyjnego. O ile tre\u015bci na tej stronie nie zosta\u0142y stworzone przez operatora, przestrzegane s\u0105 prawa autorskie os\u00f3b trzecich. W szczeg\u00f3lno\u015bci tre\u015bci os\u00f3b trzecich b\u0119d\u0105 oznaczone jako takie. Je\u015bli mimo to dowiedz\u0105 si\u0119 Pa\u0144stwo o naruszeniu praw autorskich, prosimy o poinformowanie nas o tym. Je\u015bli dowiemy si\u0119 o jakichkolwiek naruszeniach prawa, natychmiast usuniemy takie tre\u015bci.<\/p>\n<\/div>\n","protected":false},"excerpt":{"rendered":"<p>Impressum To jest nasz nadruk. Tutaj znajdziesz wszystkie istotne i prawne informacje dotycz\u0105ce identyfikacji naszego dostawcy. Informacje zgodnie z \u00a7 5 TMG edv &amp; cad group Buchbichl 38 83737 Irschenberg Kontakt Tel. Osoba kontaktowa &#8211; numer telefonu: +49 (0)8025 995969 Faks: +49 (0)8025 995970 info@edv-cad.de Odpowiedzialno\u015b\u0107 za tre\u015b\u0107 zgodnie z \u00a7 55 Abs. 2 Przeka\u017aniki [&hellip;]<\/p>\n","protected":false},"author":4,"featured_media":0,"parent":10675,"menu_order":0,"comment_status":"closed","ping_status":"closed","template":"","meta":{"footnotes":""},"class_list":["post-3222","page","type-page","status-publish","hentry"],"_links":{"self":[{"href":"https:\/\/mregio.de\/pl\/wp-json\/wp\/v2\/pages\/3222","targetHints":{"allow":["GET"]}}],"collection":[{"href":"https:\/\/mregio.de\/pl\/wp-json\/wp\/v2\/pages"}],"about":[{"href":"https:\/\/mregio.de\/pl\/wp-json\/wp\/v2\/types\/page"}],"author":[{"embeddable":true,"href":"https:\/\/mregio.de\/pl\/wp-json\/wp\/v2\/users\/4"}],"replies":[{"embeddable":true,"href":"https:\/\/mregio.de\/pl\/wp-json\/wp\/v2\/comments?post=3222"}],"version-history":[{"count":1,"href":"https:\/\/mregio.de\/pl\/wp-json\/wp\/v2\/pages\/3222\/revisions"}],"predecessor-version":[{"id":10684,"href":"https:\/\/mregio.de\/pl\/wp-json\/wp\/v2\/pages\/3222\/revisions\/10684"}],"up":[{"embeddable":true,"href":"https:\/\/mregio.de\/pl\/wp-json\/wp\/v2\/pages\/10675"}],"wp:attachment":[{"href":"https:\/\/mregio.de\/pl\/wp-json\/wp\/v2\/media?parent=3222"}],"curies":[{"name":"wp","href":"https:\/\/api.w.org\/{rel}","templated":true}]}}