{"id":3210,"date":"2020-10-01T07:47:45","date_gmt":"2020-10-01T05:47:45","guid":{"rendered":"https:\/\/mregio.de\/forum-mregio\/"},"modified":"2024-03-22T03:11:21","modified_gmt":"2024-03-22T02:11:21","slug":"forum-mregio","status":"publish","type":"page","link":"https:\/\/mregio.de\/pl\/forum-mregio\/","title":{"rendered":"Forum"},"content":{"rendered":"<p>Forum MRegio jest cennym \u017ar\u00f3d\u0142em wymiany informacji dla klient\u00f3w prywatnych, architekt\u00f3w (wn\u0119trz), stolarzy, planist\u00f3w, producent\u00f3w mebli czy stolarzy.<br \/>\nZarejestruj si\u0119, aby tworzy\u0107 w\u0142asne posty i korzysta\u0107 z pe\u0142nej funkcjonalno\u015bci forum.<\/p>\n<p>Wi\u0119cej informacji o tym, jak z niego korzysta\u0107, znajdziesz w <a href=\"https:\/\/mregio.de\/forum\/forenregeln\/\" target=\"_blank\" rel=\"noopener noreferrer\">regulaminie forum<\/a>.<\/p>\n<div id=\"af-wrapper\"><div id=\"forum-header\"><div id=\"forum-navigation-mobile\"><a><span class=\"fas fa-bars\"><\/span>Menu<\/a><\/div><span class=\"screen-reader-text\">Nawigacja po forum<\/span><div id=\"forum-navigation\"><a class=\"home-link\" href=\"https:\/\/mregio.de\/pl\/forum\" target=\"_self\">Forum<\/a><a class=\"activity-link\" href=\"https:\/\/mregio.de\/pl\/forum\/activity\/\" target=\"_self\">Aktywno\u015b\u0107<\/a><\/div><div id=\"forum-search\"><span class=\"search-icon fas fa-search\"><\/span><form method=\"get\" action=\"https:\/\/mregio.de\/pl\/forum\/search\/\"><input name=\"keywords\" type=\"search\" placeholder=\"Szukaj ...\" value=\"\"><\/form><\/div><div class=\"clear\"><\/div><\/div><div id=\"forum-breadcrumbs\" itemscope itemtype=\"http:\/\/schema.org\/BreadcrumbList\"><span class=\"screen-reader-text\">\u015acie\u017cka forum - jeste\u015b tutaj:<\/span><span class=\"breadcrumb-icon fas fa-home\"><\/span><span itemprop=\"itemListElement\" itemscope itemtype=\"https:\/\/schema.org\/ListItem\"><a itemprop=\"item\" href=\"https:\/\/mregio.de\/pl\/forum\" title=\"Forum MRegio\"><span itemprop=\"name\">Forum MRegio<\/span><\/a><meta itemprop=\"position\" content=\"1\"><\/span><span class=\"breadcrumb-icon fas fa-chevron-right separator\"><\/span><\/div><h1 class=\"main-title main-title-\">Forum MRegio<\/h1><div class=\"title-element\" id=\"forum-category-28\">Mitteilungen - Notifications<span class=\"last-post-headline\">Ostatni wpis<\/span><\/div><div class=\"content-container\"><div class=\"content-element forum\" id=\"forum-7\"><div class=\"forum-status read\"><i class=\"fas fa-comments\"><\/i><\/div><div class=\"forum-name\"><a class=\"forum-title\" href=\"https:\/\/mregio.de\/pl\/forum\/forum\/elements-web\/\">Mitteilungen - Notifications<\/a><small class=\"forum-description\">Wichtige Mitteilungen des Herstellers - Important notifications from the manufacturer<\/small><small class=\"forum-stats\">0 temat\u00f3w&nbsp;&middot;&nbsp;0 wpis\u00f3w<\/small><small class=\"forum-lastpost-small\"><small class=\"no-topics\">Na razie brak temat\u00f3w!<\/small><\/small><small class=\"forum-subforums\"><b>Subfora:<\/b>&nbsp;<a href=\"https:\/\/mregio.de\/pl\/forum\/forum\/projekte\/\">DE<\/a>&nbsp;&middot;&nbsp;<a href=\"https:\/\/mregio.de\/pl\/forum\/forum\/artikel\/\">US<\/a>&nbsp;&middot;&nbsp;<a href=\"https:\/\/mregio.de\/pl\/forum\/forum\/sonstiges\/\">ES<\/a>&nbsp;&middot;&nbsp;<a href=\"https:\/\/mregio.de\/pl\/forum\/forum\/fr-3\/\">FR<\/a>&nbsp;&middot;&nbsp;<a href=\"https:\/\/mregio.de\/pl\/forum\/forum\/it-3\/\">IT<\/a><\/small><\/div><div class=\"forum-poster\"><small class=\"no-topics\">Na razie brak temat\u00f3w!<\/small><\/div><\/div><\/div><div class=\"title-element\" id=\"forum-category-27\">Allgemein - Common<span class=\"last-post-headline\">Ostatni wpis<\/span><\/div><div class=\"content-container\"><div class=\"content-element forum\" id=\"forum-5\"><div class=\"forum-status unread\"><i class=\"fas fa-comments\"><\/i><\/div><div class=\"forum-name\"><a class=\"forum-title\" href=\"https:\/\/mregio.de\/pl\/forum\/forum\/wichtige-mitteilungen-des-herstellers\/\">Allgemein - Common<\/a><small class=\"forum-description\">Allgemeine Anwenderfragen - Common user questions<\/small><small class=\"forum-stats\">1 temat&nbsp;&middot;&nbsp;1 wpis<\/small><small class=\"forum-lastpost-small\">Ostatni post:&nbsp;<a href=\"https:\/\/mregio.de\/pl\/forum\/topic\/veroeffentlichung-link-zum-online-schrankplaner\/#postid-2\">Ver\u00f6ffentlichung \/ Link zum Online &#8230;<\/a>&nbsp;&middot;&nbsp;<a href=\"https:\/\/mregio.de\/pl\/forum\/topic\/veroeffentlichung-link-zum-online-schrankplaner\/#postid-2\">6 lat temu<\/a>&nbsp;&middot;&nbsp;<a class=\"profile-link highlight-admin\" href=\"https:\/\/mregio.de\/pl\/forum\/profile\/joel\/\">joel<\/a><\/small><small class=\"forum-subforums\"><b>Subfora:<\/b>&nbsp;<a href=\"https:\/\/mregio.de\/pl\/forum\/forum\/de\/\">DE<\/a>&nbsp;&middot;&nbsp;<a href=\"https:\/\/mregio.de\/pl\/forum\/forum\/us\/\">US<\/a>&nbsp;&middot;&nbsp;<a href=\"https:\/\/mregio.de\/pl\/forum\/forum\/es\/\">ES<\/a>&nbsp;&middot;&nbsp;<a href=\"https:\/\/mregio.de\/pl\/forum\/forum\/fr\/\">FR<\/a>&nbsp;&middot;&nbsp;<a href=\"https:\/\/mregio.de\/pl\/forum\/forum\/it\/\">IT<\/a><\/small><\/div><div class=\"forum-poster\"><div class=\"forum-poster-summary\"><a href=\"https:\/\/mregio.de\/pl\/forum\/topic\/veroeffentlichung-link-zum-online-schrankplaner\/#postid-2\">Ver\u00f6ffentlichung \/ Link z &#8230;<\/a><br><small><a href=\"https:\/\/mregio.de\/pl\/forum\/topic\/veroeffentlichung-link-zum-online-schrankplaner\/#postid-2\">6 lat temu<\/a><span>&nbsp;&middot;&nbsp;<\/span><a class=\"profile-link highlight-admin\" href=\"https:\/\/mregio.de\/pl\/forum\/profile\/joel\/\">joel<\/a><\/small><\/div><\/div><\/div><\/div><div class=\"title-element\" id=\"forum-category-29\">Online M\u00f6belplaner - Online furnishing planner<span class=\"last-post-headline\">Ostatni wpis<\/span><\/div><div class=\"content-container\"><div class=\"content-element forum\" id=\"forum-6\"><div class=\"forum-status read\"><i class=\"fas fa-comments\"><\/i><\/div><div class=\"forum-name\"><a class=\"forum-title\" href=\"https:\/\/mregio.de\/pl\/forum\/forum\/online-schrankplaner\/\">Online Schrankplaner - Online cabinet maker<\/a><small class=\"forum-description\">Forum Online Schrankplaner - Online cabinet maker<\/small><small class=\"forum-stats\">0 temat\u00f3w&nbsp;&middot;&nbsp;0 wpis\u00f3w<\/small><small class=\"forum-lastpost-small\"><small class=\"no-topics\">Na razie brak temat\u00f3w!<\/small><\/small><small class=\"forum-subforums\"><b>Subfora:<\/b>&nbsp;<a href=\"https:\/\/mregio.de\/pl\/forum\/forum\/de-2\/\">DE<\/a>&nbsp;&middot;&nbsp;<a href=\"https:\/\/mregio.de\/pl\/forum\/forum\/us-2\/\">US<\/a>&nbsp;&middot;&nbsp;<a href=\"https:\/\/mregio.de\/pl\/forum\/forum\/es-2\/\">ES<\/a>&nbsp;&middot;&nbsp;<a href=\"https:\/\/mregio.de\/pl\/forum\/forum\/fr-2\/\">FR<\/a>&nbsp;&middot;&nbsp;<a href=\"https:\/\/mregio.de\/pl\/forum\/forum\/it-2\/\">IT<\/a><\/small><\/div><div class=\"forum-poster\"><small class=\"no-topics\">Na razie brak temat\u00f3w!<\/small><\/div><\/div><\/div><div id=\"read-unread\"><span class=\"indicator unread\"><\/span><span class=\"indicator-label\">Nowe wpisy<\/span><span class=\"indicator read\"><\/span><span class=\"indicator-label\">Nic nowego<\/span><span class=\"indicator-label\"><span class=\"fas fa-check\"><\/span><a href=\"https:\/\/mregio.de\/pl\/forum\/markallread\/?_wpnonce=0347f7f87d\">Oznacz wszystkie jako przeczytane<\/a><\/span><span class=\"indicator-label\"><span class=\"fas fa-history\"><\/span><a href=\"https:\/\/mregio.de\/pl\/forum\/unread\/\">Poka\u017c nieprzeczytane tematy<\/a><\/span><div class=\"clear\"><\/div><\/div><div id=\"bottom-navigation\"><\/div><div class=\"clear\"><\/div><\/div>\n","protected":false},"excerpt":{"rendered":"<p>Forum MRegio jest cennym \u017ar\u00f3d\u0142em wymiany informacji dla klient\u00f3w prywatnych, architekt\u00f3w (wn\u0119trz), stolarzy, planist\u00f3w, producent\u00f3w mebli czy stolarzy. Zarejestruj si\u0119, aby tworzy\u0107 w\u0142asne posty i korzysta\u0107 z pe\u0142nej funkcjonalno\u015bci forum. Wi\u0119cej informacji o tym, jak z niego korzysta\u0107, znajdziesz w regulaminie forum.<\/p>\n","protected":false},"author":1,"featured_media":0,"parent":0,"menu_order":0,"comment_status":"closed","ping_status":"closed","template":"","meta":{"footnotes":""},"class_list":["post-3210","page","type-page","status-publish","hentry"],"_links":{"self":[{"href":"https:\/\/mregio.de\/pl\/wp-json\/wp\/v2\/pages\/3210","targetHints":{"allow":["GET"]}}],"collection":[{"href":"https:\/\/mregio.de\/pl\/wp-json\/wp\/v2\/pages"}],"about":[{"href":"https:\/\/mregio.de\/pl\/wp-json\/wp\/v2\/types\/page"}],"author":[{"embeddable":true,"href":"https:\/\/mregio.de\/pl\/wp-json\/wp\/v2\/users\/1"}],"replies":[{"embeddable":true,"href":"https:\/\/mregio.de\/pl\/wp-json\/wp\/v2\/comments?post=3210"}],"version-history":[{"count":1,"href":"https:\/\/mregio.de\/pl\/wp-json\/wp\/v2\/pages\/3210\/revisions"}],"predecessor-version":[{"id":10072,"href":"https:\/\/mregio.de\/pl\/wp-json\/wp\/v2\/pages\/3210\/revisions\/10072"}],"wp:attachment":[{"href":"https:\/\/mregio.de\/pl\/wp-json\/wp\/v2\/media?parent=3210"}],"curies":[{"name":"wp","href":"https:\/\/api.w.org\/{rel}","templated":true}]}}