{"id":10658,"date":"2024-11-14T11:08:47","date_gmt":"2024-11-14T10:08:47","guid":{"rendered":"https:\/\/mregio.de\/zrzeczenie-sie-2\/"},"modified":"2024-11-14T11:11:37","modified_gmt":"2024-11-14T10:11:37","slug":"zrzeczenie-sie-2","status":"publish","type":"page","link":"https:\/\/mregio.de\/pl\/prawnych\/zrzeczenie-sie-2\/","title":{"rendered":"Zrzeczenie si\u0119"},"content":{"rendered":"\n<p>Korzystaj\u0105c z <a href=\"https:\/\/mregio.de\/pl\/\">witryny internetowej mregio\/<\/a> (&#8222;Witryna&#8221;) oraz funkcji konstrukcyjnych naszego oprogramowania do projektowania (&#8222;Oprogramowanie&#8221;) udost\u0119pnianego za po\u015brednictwem Witryny, w tym mi\u0119dzy innymi mo\u017cliwo\u015bci przesy\u0142ania tre\u015bci, takich jak ikony, tekstury (obrazy lub inne tre\u015bci, np. tre\u015bci graficzne), u\u017cytkownik przyjmuje do wiadomo\u015bci i zgadza si\u0119 na nast\u0119puj\u0105ce warunki:<\/p>\n\n<p>U\u017cytkownik, jako U\u017cytkownik, ponosi wy\u0142\u0105czn\u0105 odpowiedzialno\u015b\u0107 za wszystkie tre\u015bci, kt\u00f3re przesy\u0142a do Witryny i Oprogramowania lub w\u0142\u0105cza do swoich projekt\u00f3w, w tym mi\u0119dzy innymi obrazy i ikony (\u0142\u0105cznie &#8222;Przes\u0142ane Tre\u015bci&#8221;). U\u017cytkownik o\u015bwiadcza i gwarantuje, \u017ce posiada wszelkie prawa w\u0142asno\u015bci intelektualnej do takich Przes\u0142anych Tre\u015bci lub uzyska\u0142 wszystkie niezb\u0119dne licencje, zgody lub zezwolenia niezb\u0119dne do zgodnego z prawem przesy\u0142ania i korzystania z takich Tre\u015bci w Witrynie. <\/p>\n\n<h2 class=\"wp-block-heading\"><strong>Prawa w\u0142asno\u015bci intelektualnej (IPR) i licencje<\/strong><\/h2>\n\n<p>Przesy\u0142aj\u0105c tre\u015bci, u\u017cytkownik o\u015bwiadcza, \u017ce przes\u0142ane przez niego tre\u015bci nie naruszaj\u0105 \u017cadnych praw w\u0142asno\u015bci intelektualnej os\u00f3b trzecich, w tym mi\u0119dzy innymi praw autorskich, znak\u00f3w towarowych lub patent\u00f3w. U\u017cytkownik gwarantuje r\u00f3wnie\u017c, \u017ce jego Tre\u015bci nie naruszaj\u0105 \u017cadnych obowi\u0105zuj\u0105cych licencji, praw ani przepis\u00f3w, w tym mi\u0119dzy innymi lokalnych, krajowych lub mi\u0119dzynarodowych praw w\u0142asno\u015bci intelektualnej, prywatno\u015bci lub praw umownych. Nie monitorujemy aktywnie ani nie weryfikujemy tre\u015bci przesy\u0142anych przez u\u017cytkownik\u00f3w pod k\u0105tem zgodno\u015bci z prawami w\u0142asno\u015bci intelektualnej lub innymi wymogami prawnymi. Odpowiedzialno\u015b\u0107 za zapewnienie, \u017ce przes\u0142ane tre\u015bci s\u0105 zgodne z prawem, nie naruszaj\u0105 praw i s\u0105 odpowiednio licencjonowane, spoczywa wy\u0142\u0105cznie na u\u017cytkowniku.   <\/p>\n\n<h2 class=\"wp-block-heading\"><strong>Roszczenia os\u00f3b trzecich<\/strong><\/h2>\n\n<p>W przypadku jakichkolwiek roszcze\u0144 lub dzia\u0142a\u0144 przeciwko Witrynie lub jej operatorom w zwi\u0105zku z tre\u015bciami przes\u0142anymi przez U\u017cytkownik\u00f3w, U\u017cytkownik zgadza si\u0119 zabezpieczy\u0107 i zwolni\u0107 z odpowiedzialno\u015bci Sp\u00f3\u0142k\u0119, jej podmioty stowarzyszone i pracownik\u00f3w przed wszelkimi szkodami, zobowi\u0105zaniami lub kosztami prawnymi.<\/p>\n\n<h2 class=\"wp-block-heading\"><strong>Ograniczenie odpowiedzialno\u015bci<\/strong><\/h2>\n\n<p>W \u017cadnym wypadku Serwis, jego w\u0142a\u015bciciele, pracownicy, sp\u00f3\u0142ki zale\u017cne lub partnerzy nie ponosz\u0105 odpowiedzialno\u015bci za jakiekolwiek roszczenia, szkody lub dzia\u0142ania prawne wynikaj\u0105ce z tre\u015bci zamieszczanych przez u\u017cytkownik\u00f3w. Obejmuje to mi\u0119dzy innymi roszczenia zwi\u0105zane z naruszeniem praw autorskich, naruszeniem znaku towarowego lub bezprawnym wykorzystaniem przes\u0142anych tre\u015bci, w tym obraz\u00f3w lub ikon w projektach mebli stworzonych za pomoc\u0105 Witryny. <\/p>\n\n<h2 class=\"wp-block-heading\"><strong>Odszkodowanie<\/strong><\/h2>\n\n<p>U\u017cytkownik zgadza si\u0119 zabezpieczy\u0107 i zwolni\u0107 z odpowiedzialno\u015bci Witryn\u0119, jej w\u0142a\u015bcicieli, podmioty stowarzyszone i pracownik\u00f3w przed wszelkimi roszczeniami, zobowi\u0105zaniami, stratami, szkodami i wydatkami (w tym uzasadnionymi honorariami adwokackimi) wynikaj\u0105cymi z lub w zwi\u0105zku z kt\u00f3rymkolwiek z poni\u017cszych zdarze\u0144<\/p>\n\n<ol class=\"wp-block-list\">\n<li>Jakiekolwiek naruszenie o\u015bwiadcze\u0144 i gwarancji U\u017cytkownika w odniesieniu do Przes\u0142anych Tre\u015bci;<\/li>\n\n\n\n<li>Jakiekolwiek korzystanie z Witryny lub Oprogramowania do projektowania z naruszeniem jakiegokolwiek obowi\u0105zuj\u0105cego prawa lub praw os\u00f3b trzecich; lub<\/li>\n\n\n\n<li>Wszelkie spory s\u0105dowe lub roszczenia os\u00f3b trzecich zwi\u0105zane z Przes\u0142anymi tre\u015bciami u\u017cytkownika.<\/li>\n<\/ol>\n\n<p>Zastrzegamy sobie prawo do zmiany lub aktualizacji niniejszego wy\u0142\u0105czenia odpowiedzialno\u015bci bez uprzedniego powiadomienia. Korzystaj\u0105c z tej strony internetowej i oprogramowania, wyra\u017casz zgod\u0119 na przestrzeganie Regulaminu, niniejszego Wy\u0142\u0105czenia odpowiedzialno\u015bci i innych zasad. Je\u015bli nie zgadzasz si\u0119 z Warunkami u\u017cytkowania i O\u015bwiadczeniem o wy\u0142\u0105czeniu odpowiedzialno\u015bci, nie korzystaj z naszej strony internetowej i\/lub oprogramowania.  <\/p>\n","protected":false},"excerpt":{"rendered":"<p>Korzystaj\u0105c z witryny internetowej mregio\/ (&#8222;Witryna&#8221;) oraz funkcji konstrukcyjnych naszego oprogramowania do projektowania (&#8222;Oprogramowanie&#8221;) udost\u0119pnianego za po\u015brednictwem Witryny, w tym mi\u0119dzy innymi mo\u017cliwo\u015bci przesy\u0142ania tre\u015bci, takich jak ikony, tekstury (obrazy lub inne tre\u015bci, np. tre\u015bci graficzne), u\u017cytkownik przyjmuje do wiadomo\u015bci i zgadza si\u0119 na nast\u0119puj\u0105ce warunki: U\u017cytkownik, jako U\u017cytkownik, ponosi wy\u0142\u0105czn\u0105 odpowiedzialno\u015b\u0107 za wszystkie tre\u015bci, [&hellip;]<\/p>\n","protected":false},"author":4,"featured_media":0,"parent":10675,"menu_order":0,"comment_status":"closed","ping_status":"closed","template":"","meta":{"footnotes":""},"class_list":["post-10658","page","type-page","status-publish","hentry"],"_links":{"self":[{"href":"https:\/\/mregio.de\/pl\/wp-json\/wp\/v2\/pages\/10658","targetHints":{"allow":["GET"]}}],"collection":[{"href":"https:\/\/mregio.de\/pl\/wp-json\/wp\/v2\/pages"}],"about":[{"href":"https:\/\/mregio.de\/pl\/wp-json\/wp\/v2\/types\/page"}],"author":[{"embeddable":true,"href":"https:\/\/mregio.de\/pl\/wp-json\/wp\/v2\/users\/4"}],"replies":[{"embeddable":true,"href":"https:\/\/mregio.de\/pl\/wp-json\/wp\/v2\/comments?post=10658"}],"version-history":[{"count":1,"href":"https:\/\/mregio.de\/pl\/wp-json\/wp\/v2\/pages\/10658\/revisions"}],"predecessor-version":[{"id":10664,"href":"https:\/\/mregio.de\/pl\/wp-json\/wp\/v2\/pages\/10658\/revisions\/10664"}],"up":[{"embeddable":true,"href":"https:\/\/mregio.de\/pl\/wp-json\/wp\/v2\/pages\/10675"}],"wp:attachment":[{"href":"https:\/\/mregio.de\/pl\/wp-json\/wp\/v2\/media?parent=10658"}],"curies":[{"name":"wp","href":"https:\/\/api.w.org\/{rel}","templated":true}]}}