{"id":914,"date":"2020-12-04T19:12:52","date_gmt":"2020-12-04T18:12:52","guid":{"rendered":"https:\/\/mregio.de\/impronta\/"},"modified":"2024-11-14T11:12:42","modified_gmt":"2024-11-14T10:12:42","slug":"impronta","status":"publish","type":"page","link":"https:\/\/mregio.de\/it\/legale\/impronta\/","title":{"rendered":"Imprimere"},"content":{"rendered":"<header class=\"entry-header\">\n<h1 class=\"entry-title\">Imprimere<\/h1>\n<\/header>\n<div class=\"entry-content\">\n<p>Questa \u00e8 la nostra impronta. Qui troverete tutte le informazioni rilevanti e legali sull&#8217;identificazione del nostro fornitore.<\/p>\n<h2><span id=\"angaben_gemass_5_tmg\">Informazioni ai sensi del \u00a7 5 TMG<\/span><\/h2>\n<p>edv &amp; cad group<br \/>\nBuchbichl 38<br \/>\n83737 Irschenberg<\/p>\n<h2><span id=\"kontakt\">Contatto<\/span><\/h2>\n<p>Tel.  <a href=\"http:\/\/Tel:008025995969\">Telefono: +49 (0)8025 995969<\/a><br \/>\nTelefax +49 (0)8025 995970<\/p>\n<p><a href=\"mailto:info@edv-cad.de\">info@edv-cad.de<\/a><\/p>\n<h2><span id=\"verantwortlich_fur_den_inhalt_nach_55_abs_2_rstv\">Responsabile del contenuto ai sensi del \u00a7 55 Abs. 2 RStV<\/span><\/h2>\n<p>Hannes Ellmeier<\/p>\n<h2><span id=\"eu-streitschlichtung\">Risoluzione delle controversie nell&#8217;UE<\/span><\/h2>\n<p>La Commissione europea mette a disposizione una piattaforma per la risoluzione delle controversie online (ODR): <a href=\"https:\/\/ec.europa.eu\/consumers\/odr\/main\/index.cfm\" target=\"_blank\" rel=\"noopener noreferrer nofollow\">https:\/\/ec.europa.eu\/consumers\/odr\/main\/index.cfm<\/a><br \/>\nIl nostro indirizzo e-mail si trova nella parte superiore dell&#8217;impronta.<\/p>\n<h2><span id=\"verbraucherstreitbeilegunguniversalschlichtungsstelle\">Risoluzione delle controversie dei consumatori\/Organo arbitrale universale<\/span><\/h2>\n<p>Non siamo disposti o obbligati a partecipare a procedure di risoluzione delle controversie davanti a un collegio arbitrale dei consumatori.<\/p>\n<h2><span id=\"haftung_fur_inhalte\">Responsabilit\u00e0 per i contenuti<\/span><\/h2>\n<p>In qualit\u00e0 di fornitore di servizi, siamo obbligati a rispettare il \u00a7 7 par. 1 TMG \u00e8 responsabile del contenuto di queste pagine in conformit\u00e0 con le leggi generali. Tuttavia, ai sensi dei \u00a7\u00a7 da 8 a 10 TMG, in qualit\u00e0 di fornitore di servizi non siamo obbligati a monitorare le informazioni di terzi trasmesse o memorizzate o a indagare su circostanze che indicano un&#8217;attivit\u00e0 illegale.<\/p>\n<p>Gli obblighi di rimuovere o bloccare l&#8217;uso delle informazioni in conformit\u00e0 con le leggi generali rimangono inalterati. Tuttavia, la responsabilit\u00e0 in questo senso \u00e8 possibile solo dal momento in cui si viene a conoscenza di una violazione concreta. Se veniamo a conoscenza di tali violazioni, rimuoveremo immediatamente questi contenuti. Gli obblighi di rimuovere o bloccare l&#8217;uso delle informazioni in conformit\u00e0 con le leggi generali rimangono inalterati. Tuttavia, la responsabilit\u00e0 in questo senso \u00e8 possibile solo dal momento in cui si viene a conoscenza di una violazione concreta. Se veniamo a conoscenza di tali violazioni, rimuoveremo immediatamente questi contenuti.<\/p>\n<h2><span id=\"haftung_fur_links\">Responsabilit\u00e0 per i link<\/span><\/h2>\n<p>Il nostro sito web contiene link a siti web esterni di terzi, sul cui contenuto non abbiamo alcuna influenza. Pertanto, non possiamo assumerci alcuna responsabilit\u00e0 per questi contenuti di terze parti. Il rispettivo fornitore o gestore delle pagine \u00e8 sempre responsabile per il contenuto delle pagine collegate. Le pagine collegate sono state controllate per possibili violazioni legali al momento del collegamento. Al momento del collegamento non erano riconoscibili contenuti illegali.<\/p>\n<p>Tuttavia, un controllo permanente del contenuto delle pagine collegate non \u00e8 ragionevole senza indizi concreti di una violazione della legge. Se veniamo a conoscenza di violazioni legali, rimuoveremo immediatamente tali collegamenti.<\/p>\n<h2><span id=\"urheberrecht\">Diritto d\u2019autore<\/span><\/h2>\n<p>I contenuti e le opere create dai gestori del sito su queste pagine sono soggetti alla legge tedesca sul diritto d&#8217;autore. La riproduzione, l&#8217;elaborazione, la distribuzione e qualsiasi tipo di sfruttamento al di fuori dei limiti del diritto d&#8217;autore richiedono il consenso scritto del rispettivo autore o creatore. Download e copie di questo sito sono consentiti solo per uso privato e non commerciale. Nella misura in cui il contenuto di questa pagina non \u00e8 stato creato dal gestore, vengono rispettati i diritti d&#8217;autore di terzi. In particolare, i contenuti di terze parti saranno contrassegnati come tali. Nel caso in cui veniste comunque a conoscenza di una violazione del diritto d&#8217;autore, vi preghiamo di informarci di conseguenza. Se veniamo a conoscenza di violazioni legali, rimuoveremo immediatamente tali contenuti.<\/p>\n<\/div>\n","protected":false},"excerpt":{"rendered":"<p>Imprimere Questa \u00e8 la nostra impronta. Qui troverete tutte le informazioni rilevanti e legali sull&#8217;identificazione del nostro fornitore. Informazioni ai sensi del \u00a7 5 TMG edv &amp; cad group Buchbichl 38 83737 Irschenberg Contatto Tel. Telefono: +49 (0)8025 995969 Telefax +49 (0)8025 995970 info@edv-cad.de Responsabile del contenuto ai sensi del \u00a7 55 Abs. 2 RStV [&hellip;]<\/p>\n","protected":false},"author":4,"featured_media":0,"parent":10674,"menu_order":0,"comment_status":"closed","ping_status":"closed","template":"","meta":{"footnotes":""},"class_list":["post-914","page","type-page","status-publish","hentry"],"_links":{"self":[{"href":"https:\/\/mregio.de\/it\/wp-json\/wp\/v2\/pages\/914","targetHints":{"allow":["GET"]}}],"collection":[{"href":"https:\/\/mregio.de\/it\/wp-json\/wp\/v2\/pages"}],"about":[{"href":"https:\/\/mregio.de\/it\/wp-json\/wp\/v2\/types\/page"}],"author":[{"embeddable":true,"href":"https:\/\/mregio.de\/it\/wp-json\/wp\/v2\/users\/4"}],"replies":[{"embeddable":true,"href":"https:\/\/mregio.de\/it\/wp-json\/wp\/v2\/comments?post=914"}],"version-history":[{"count":1,"href":"https:\/\/mregio.de\/it\/wp-json\/wp\/v2\/pages\/914\/revisions"}],"predecessor-version":[{"id":10683,"href":"https:\/\/mregio.de\/it\/wp-json\/wp\/v2\/pages\/914\/revisions\/10683"}],"up":[{"embeddable":true,"href":"https:\/\/mregio.de\/it\/wp-json\/wp\/v2\/pages\/10674"}],"wp:attachment":[{"href":"https:\/\/mregio.de\/it\/wp-json\/wp\/v2\/media?parent=914"}],"curies":[{"name":"wp","href":"https:\/\/api.w.org\/{rel}","templated":true}]}}