{"id":1847,"date":"2023-07-31T12:20:40","date_gmt":"2023-07-31T10:20:40","guid":{"rendered":"https:\/\/mregio.de\/disconoscimento\/"},"modified":"2024-11-14T11:52:39","modified_gmt":"2024-11-14T10:52:39","slug":"disconoscimento","status":"publish","type":"page","link":"https:\/\/mregio.de\/it\/legale\/disconoscimento\/","title":{"rendered":"Disconoscimento"},"content":{"rendered":"\n<p>Le informazioni fornite su mregio.de sono intese solo a scopo informativo generale.<\/p>\n\n<p>Il nostro software viene fornito esclusivamente a scopo informativo e illustrativo. Mentre ci sforziamo di garantire accuratezza e affidabilit\u00e0, l&#8217;output del software non deve essere considerato una rappresentazione esatta del prodotto finale. Si consiglia di verificare tutte le misure e i disegni con un professionista prima di procedere con qualsiasi acquisto.<\/p>\n\n<p>Il nostro sito Web fornisce un software di progettazione online &#8220;cos\u00ec com&#8217;\u00e8&#8221;, senza alcuna garanzia esplicita o implicita. Utilizzando il software, l&#8217;utente accetta di farlo a proprio rischio e non fornisce alcuna garanzia in merito alle sue prestazioni, accuratezza o idoneit\u00e0 per i suoi scopi specifici.<\/p>\n\n<p>Qualsiasi decisione presa in base all&#8217;output del software viene presa a proprio rischio e pericolo e ti invitiamo a consultare un progettista qualificato o altri professionisti pertinenti per valutare le tue esigenze e requisiti specifici.<\/p>\n\n<p>Gli utenti del software di progettazione del cabinet sono responsabili delle loro azioni e progetti. L&#8217;utente si assume la piena responsabilit\u00e0 per l&#8217;accuratezza, l&#8217;idoneit\u00e0 e la legalit\u00e0 dei progetti creati utilizzando il nostro software. Non saremo responsabili per eventuali danni diretti o indiretti derivanti dall&#8217;uso o dall&#8217;uso improprio del software.<\/p>\n\n<p>Gli utenti del software di progettazione del cabinet sono responsabili delle loro azioni e progetti. L&#8217;utente si assume la piena responsabilit\u00e0 per l&#8217;accuratezza, l&#8217;idoneit\u00e0 e la legalit\u00e0 dei progetti creati utilizzando il nostro software. Non saremo responsabili per eventuali danni diretti o indiretti derivanti dall&#8217;uso o dall&#8217;uso improprio del software.<\/p>\n\n<p>Gli utenti del software di progettazione del cabinet sono responsabili delle loro azioni e progetti. L&#8217;utente si assume la piena responsabilit\u00e0 per l&#8217;accuratezza, l&#8217;idoneit\u00e0 e la legalit\u00e0 dei progetti creati utilizzando il nostro software. Non saremo responsabili per eventuali danni diretti o indiretti derivanti dall&#8217;uso o dall&#8217;uso improprio del software. Utilizzando il nostro software di progettazione di armadi online, l&#8217;utente riconosce di aver letto e compreso questa dichiarazione di non responsabilit\u00e0 e di accettarne i termini. Se non si \u00e8 d&#8217;accordo con qualsiasi parte di questa dichiarazione di non responsabilit\u00e0, si prega di astenersi dall&#8217;utilizzare il software.<\/p>\n\n<p>Ci riserviamo il diritto di modificare, aggiornare o rimuovere qualsiasi contenuto o servizio fornito su mregio.de senza preavviso.<\/p>\n\n<p>Utilizzando questo sito Web, l&#8217;utente riconosce e accetta i termini delle condizioni, questo disclaimer e altre politiche. Se non sei d&#8217;accordo con i termini e la dichiarazione di non responsabilit\u00e0, ti preghiamo di astenerti dall&#8217;utilizzare il nostro sito web.<\/p>\n\n<p>Ultima modifica: 31.07.2023<\/p>\n","protected":false},"excerpt":{"rendered":"<p>Le informazioni fornite su mregio.de sono intese solo a scopo informativo generale. Il nostro software viene fornito esclusivamente a scopo informativo e illustrativo. Mentre ci sforziamo di garantire accuratezza e affidabilit\u00e0, l&#8217;output del software non deve essere considerato una rappresentazione esatta del prodotto finale. Si consiglia di verificare tutte le misure e i disegni con [&hellip;]<\/p>\n","protected":false},"author":4,"featured_media":0,"parent":10674,"menu_order":0,"comment_status":"closed","ping_status":"closed","template":"","meta":{"footnotes":""},"class_list":["post-1847","page","type-page","status-publish","hentry"],"_links":{"self":[{"href":"https:\/\/mregio.de\/it\/wp-json\/wp\/v2\/pages\/1847","targetHints":{"allow":["GET"]}}],"collection":[{"href":"https:\/\/mregio.de\/it\/wp-json\/wp\/v2\/pages"}],"about":[{"href":"https:\/\/mregio.de\/it\/wp-json\/wp\/v2\/types\/page"}],"author":[{"embeddable":true,"href":"https:\/\/mregio.de\/it\/wp-json\/wp\/v2\/users\/4"}],"replies":[{"embeddable":true,"href":"https:\/\/mregio.de\/it\/wp-json\/wp\/v2\/comments?post=1847"}],"version-history":[{"count":1,"href":"https:\/\/mregio.de\/it\/wp-json\/wp\/v2\/pages\/1847\/revisions"}],"predecessor-version":[{"id":10754,"href":"https:\/\/mregio.de\/it\/wp-json\/wp\/v2\/pages\/1847\/revisions\/10754"}],"up":[{"embeddable":true,"href":"https:\/\/mregio.de\/it\/wp-json\/wp\/v2\/pages\/10674"}],"wp:attachment":[{"href":"https:\/\/mregio.de\/it\/wp-json\/wp\/v2\/media?parent=1847"}],"curies":[{"name":"wp","href":"https:\/\/api.w.org\/{rel}","templated":true}]}}