{"id":10660,"date":"2024-11-14T11:08:47","date_gmt":"2024-11-14T10:08:47","guid":{"rendered":"https:\/\/mregio.de\/disconoscimento-2\/"},"modified":"2024-11-14T11:11:36","modified_gmt":"2024-11-14T10:11:36","slug":"disconoscimento-2","status":"publish","type":"page","link":"https:\/\/mregio.de\/it\/legale\/disconoscimento-2\/","title":{"rendered":"Disconoscimento"},"content":{"rendered":"\n<p>Utilizzando il <a href=\"https:\/\/mregio.de\/it\/\">sito web https:\/\/ mregio\/<\/a> (il &#8220;Sito web&#8221;) e le funzionalit\u00e0 di progettazione del nostro software di progettazione (il &#8220;Software&#8221;) rese disponibili attraverso il Sito web, inclusa, a titolo esemplificativo ma non esaustivo, la possibilit\u00e0 di caricare contenuti come icone, texture (immagini o qualsiasi altro contenuto, ad esempio contenuti grafici), l&#8217;utente riconosce e accetta quanto segue:<\/p>\n\n<p>L&#8217;Utente, \u00e8 l&#8217;unico responsabile di tutti i contenuti caricati sul Sito Web e sul Software o incorporati nei propri progetti, inclusi, a titolo esemplificativo ma non esaustivo, immagini e icone (collettivamente, &#8220;Contenuto caricato&#8221;). L&#8217;utente dichiara e garantisce di possedere tutti i diritti di propriet\u00e0 intellettuale su tali Contenuti caricati o di aver ottenuto tutte le licenze, i consensi o le autorizzazioni necessarie per il caricamento e l&#8217;uso lecito di tali Contenuti sul Sito. <\/p>\n\n<h2 class=\"wp-block-heading\"><strong>Diritti di propriet\u00e0 intellettuale (DPI) e licenze<\/strong><\/h2>\n\n<p>Caricando i contenuti, l&#8217;utente dichiara che i contenuti caricati non violano i diritti di propriet\u00e0 intellettuale di terzi, inclusi, a titolo esemplificativo ma non esaustivo, i diritti d&#8217;autore, i marchi o i brevetti. L&#8217;utente garantisce inoltre che i suoi Contenuti non violano alcuna licenza, legge o regolamento applicabile, incluse, a titolo esemplificativo ma non esaustivo, le leggi locali, nazionali o internazionali sulla propriet\u00e0 intellettuale, sulla privacy o sui contratti. Non monitoriamo o esaminiamo attivamente i contenuti caricati dagli utenti per verificarne la conformit\u00e0 alle leggi sulla propriet\u00e0 intellettuale o ad altri requisiti legali. La responsabilit\u00e0 di garantire che i contenuti caricati siano leciti, non violino i diritti e siano adeguatamente concessi in licenza spetta esclusivamente all&#8217;utente.   <\/p>\n\n<h2 class=\"wp-block-heading\"><strong>Reclami di terze parti<\/strong><\/h2>\n\n<p>In caso di qualsiasi reclamo o azione nei confronti del Sito Web o dei suoi operatori a causa di contenuti caricati dagli Utenti, l&#8217;Utente si impegna a manlevare e tenere indenne la Societ\u00e0, i suoi affiliati e i dipendenti da qualsiasi danno, responsabilit\u00e0 o costo legale.<\/p>\n\n<h2 class=\"wp-block-heading\"><strong>Limitazione di responsabilit\u00e0<\/strong><\/h2>\n\n<p>In nessun caso il Sito, i suoi proprietari, dipendenti, filiali o partner saranno responsabili per eventuali reclami, danni o azioni legali derivanti dai contenuti caricati dagli utenti. Ci\u00f2 include, a titolo esemplificativo ma non esaustivo, reclami relativi alla violazione del copyright, alla violazione del marchio o all&#8217;uso illecito dei contenuti caricati, comprese immagini o icone nei progetti di mobili creati utilizzando il Sito. <\/p>\n\n<h2 class=\"wp-block-heading\"><strong>Compensazione<\/strong><\/h2>\n\n<p>L&#8217;utente accetta di indennizzare e tenere indenne il Sito, i suoi proprietari, affiliati e dipendenti da e contro qualsiasi reclamo, responsabilit\u00e0, perdita, danno e spesa (comprese le ragionevoli spese legali) derivanti da o in connessione con uno dei seguenti<\/p>\n\n<ol class=\"wp-block-list\">\n<li>Qualsiasi violazione delle dichiarazioni e delle garanzie dell&#8217;utente in relazione ai Contenuti caricati;<\/li>\n\n\n\n<li>Qualsiasi utilizzo del sito Web o del software di progettazione in violazione di qualsiasi legge applicabile o dei diritti di terzi; o<\/li>\n\n\n\n<li>Qualsiasi controversia o reclamo da parte di terzi in relazione ai Contenuti caricati dall&#8217;utente.<\/li>\n<\/ol>\n\n<p>Ci riserviamo il diritto di modificare o aggiornare la presente esclusione di responsabilit\u00e0 senza preavviso. Utilizzando questo sito Web e il software, l&#8217;utente accetta di essere vincolato dai Termini e condizioni, dal presente Disclaimer e da altre politiche. Se non si accettano le Condizioni d&#8217;uso e l&#8217;Esclusione di responsabilit\u00e0, si prega di non utilizzare il nostro sito Web e\/o il software.  <\/p>\n","protected":false},"excerpt":{"rendered":"<p>Utilizzando il sito web https:\/\/ mregio\/ (il &#8220;Sito web&#8221;) e le funzionalit\u00e0 di progettazione del nostro software di progettazione (il &#8220;Software&#8221;) rese disponibili attraverso il Sito web, inclusa, a titolo esemplificativo ma non esaustivo, la possibilit\u00e0 di caricare contenuti come icone, texture (immagini o qualsiasi altro contenuto, ad esempio contenuti grafici), l&#8217;utente riconosce e accetta [&hellip;]<\/p>\n","protected":false},"author":4,"featured_media":0,"parent":10674,"menu_order":0,"comment_status":"closed","ping_status":"closed","template":"","meta":{"footnotes":""},"class_list":["post-10660","page","type-page","status-publish","hentry"],"_links":{"self":[{"href":"https:\/\/mregio.de\/it\/wp-json\/wp\/v2\/pages\/10660","targetHints":{"allow":["GET"]}}],"collection":[{"href":"https:\/\/mregio.de\/it\/wp-json\/wp\/v2\/pages"}],"about":[{"href":"https:\/\/mregio.de\/it\/wp-json\/wp\/v2\/types\/page"}],"author":[{"embeddable":true,"href":"https:\/\/mregio.de\/it\/wp-json\/wp\/v2\/users\/4"}],"replies":[{"embeddable":true,"href":"https:\/\/mregio.de\/it\/wp-json\/wp\/v2\/comments?post=10660"}],"version-history":[{"count":1,"href":"https:\/\/mregio.de\/it\/wp-json\/wp\/v2\/pages\/10660\/revisions"}],"predecessor-version":[{"id":10665,"href":"https:\/\/mregio.de\/it\/wp-json\/wp\/v2\/pages\/10660\/revisions\/10665"}],"up":[{"embeddable":true,"href":"https:\/\/mregio.de\/it\/wp-json\/wp\/v2\/pages\/10674"}],"wp:attachment":[{"href":"https:\/\/mregio.de\/it\/wp-json\/wp\/v2\/media?parent=10660"}],"curies":[{"name":"wp","href":"https:\/\/api.w.org\/{rel}","templated":true}]}}