{"id":928,"date":"2020-12-10T17:48:28","date_gmt":"2020-12-10T16:48:28","guid":{"rendered":"https:\/\/mregio.de\/mentions-legales\/"},"modified":"2024-11-14T11:12:41","modified_gmt":"2024-11-14T10:12:41","slug":"mentions-legales","status":"publish","type":"page","link":"https:\/\/mregio.de\/fr\/legal\/mentions-legales\/","title":{"rendered":"Empreinte"},"content":{"rendered":"<header class=\"entry-header\">\n<h1 class=\"entry-title\">Empreinte<\/h1>\n<\/header>\n<div class=\"entry-content\">\n<p>C\u2019est notre empreinte. Vous trouverez ici toutes les informations pertinentes et l\u00e9gales relatives \u00e0 l\u2019identification de nos fournisseurs.<\/p>\n<h2><span id=\"angaben_gemass_5_tmg\">Informations selon \u00a7 5 TMG<\/span><\/h2>\n<p>edv &amp; cad group<br \/>\nBuchbichl 38<br \/>\n83737 Irschenberg<\/p>\n<h2><span id=\"kontakt\">Contact<\/span><\/h2>\n<p>T\u00e9l.  <a href=\"http:\/\/Tel:008025995969\">T\u00e9l\u00e9phone : +49 (0)8025 995969<\/a><br \/>\nT\u00e9l\u00e9copie +49 (0)8025 995970<\/p>\n<p><a href=\"mailto:info@edv-cad.de\">info@edv-cad.de<\/a><\/p>\n<h2><span id=\"verantwortlich_fur_den_inhalt_nach_55_abs_2_rstv\">Responsable du contenu conform\u00e9ment \u00e0 l\u2019article 55 abs. 2 RStV<\/span><\/h2>\n<p>Hannes Ellmeier<\/p>\n<h2><span id=\"eu-streitschlichtung\">R\u00e8glement des diff\u00e9rends de l\u2019UE<\/span><\/h2>\n<p>La Commission europ\u00e9enne met \u00e0 disposition une plateforme de r\u00e9solution des litiges en ligne (ODR) : <a href=\"https:\/\/ec.europa.eu\/consumers\/odr\/main\/index.cfm\" target=\"_blank\" rel=\"noopener noreferrer nofollow\">https:\/\/ec.europa.eu\/consumers\/odr\/main\/index.cfm<\/a><br \/>\nVous trouverez notre adresse e-mail en haut des mentions l\u00e9gales.<\/p>\n<h2><span id=\"verbraucherstreitbeilegunguniversalschlichtungsstelle\">R\u00e8glement (CE) n\u00bb 2002\/2006 du Conseil du 28.10.199<\/span><\/h2>\n<p>Nous ne sommes ni dispos\u00e9s ni oblig\u00e9s de participer \u00e0 une proc\u00e9dure de r\u00e8glement des litiges devant une commission d\u2019arbitrage des consommateurs.<\/p>\n<h2><span id=\"haftung_fur_inhalte\">Responsabilit\u00e9 pour le contenu<\/span><\/h2>\n<p>En tant que prestataire de services, nous sommes tenus de respecter le \u00a7 7 al. 1 TMG est responsable de son propre contenu sur ces pages conform\u00e9ment aux lois g\u00e9n\u00e9rales. Toutefois, conform\u00e9ment aux \u00a7\u00a7 8 \u00e0 10 TMG, nous ne sommes pas tenus, en tant que prestataire de services, de surveiller les informations de tiers transmises ou stock\u00e9es ou d\u2019enqu\u00eater sur les circonstances indiquant une activit\u00e9 ill\u00e9gale.<\/p>\n<p>Les obligations de suppression ou de blocage de l\u2019utilisation des informations conform\u00e9ment aux lois g\u00e9n\u00e9rales ne sont pas affect\u00e9es. Toutefois, la responsabilit\u00e9 \u00e0 cet \u00e9gard n\u2019est possible qu\u2019\u00e0 partir du moment o\u00f9 l\u2019on a connaissance d\u2019une infraction concr\u00e8te. Si nous avons connaissance de telles violations, nous supprimerons imm\u00e9diatement ce contenu. Les obligations de suppression ou de blocage de l\u2019utilisation des informations conform\u00e9ment aux lois g\u00e9n\u00e9rales ne sont pas affect\u00e9es. Toutefois, la responsabilit\u00e9 \u00e0 cet \u00e9gard n\u2019est possible qu\u2019\u00e0 partir du moment o\u00f9 l\u2019on a connaissance d\u2019une infraction concr\u00e8te. Si nous avons connaissance de telles violations, nous supprimerons imm\u00e9diatement ce contenu.<\/p>\n<h2><span id=\"haftung_fur_links\">Responsabilit\u00e9 pour les liens<\/span><\/h2>\n<p>Notre site Web contient des liens vers des sites Web externes de tiers, sur le contenu desquels nous n\u2019avons aucune influence. Par cons\u00e9quent, nous ne pouvons assumer aucune responsabilit\u00e9 pour ces contenus de tiers. Le fournisseur ou l\u2019exploitant respectif des pages est toujours responsable du contenu des pages li\u00e9es. Au moment de la cr\u00e9ation des liens, les pages li\u00e9es ont \u00e9t\u00e9 contr\u00f4l\u00e9es pour d\u00e9tecter d\u2019\u00e9ventuelles violations de la loi. Le contenu ill\u00e9gal n\u2019\u00e9tait pas reconnaissable au moment de la cr\u00e9ation du lien.<\/p>\n<p>Cependant, un contr\u00f4le permanent du contenu des pages li\u00e9es n\u2019est pas raisonnable sans indices concrets d\u2019une violation de la loi. Si nous avons connaissance d\u2019une violation de la loi, nous supprimerons imm\u00e9diatement ces liens.<\/p>\n<h2><span id=\"urheberrecht\">Copyright<\/span><\/h2>\n<p>Les contenus et les \u0153uvres cr\u00e9\u00e9s par les exploitants du site sur ces pages sont soumis \u00e0 la loi allemande sur le droit d\u2019auteur. La reproduction, l\u2019\u00e9dition, la diffusion et toute forme d\u2019exploitation en dehors des limites du droit d\u2019auteur n\u00e9cessitent l\u2019autorisation \u00e9crite de l\u2019auteur ou du cr\u00e9ateur respectif. Les t\u00e9l\u00e9chargements et les copies de ce site ne sont autoris\u00e9s que pour un usage priv\u00e9 et non commercial. Dans la mesure o\u00f9 le contenu de cette page n\u2019a pas \u00e9t\u00e9 cr\u00e9\u00e9 par l\u2019exploitant, les droits d\u2019auteur de tiers sont respect\u00e9s. En particulier, les contenus de tiers seront marqu\u00e9s comme tels. Si vous avez n\u00e9anmoins connaissance d\u2019une violation du droit d\u2019auteur, veuillez nous en informer. Si nous avons connaissance d\u2019une violation de la loi, nous supprimerons imm\u00e9diatement ce contenu.<\/p>\n<\/div>\n","protected":false},"excerpt":{"rendered":"<p>Empreinte C\u2019est notre empreinte. Vous trouverez ici toutes les informations pertinentes et l\u00e9gales relatives \u00e0 l\u2019identification de nos fournisseurs. Informations selon \u00a7 5 TMG edv &amp; cad group Buchbichl 38 83737 Irschenberg Contact T\u00e9l. T\u00e9l\u00e9phone : +49 (0)8025 995969 T\u00e9l\u00e9copie +49 (0)8025 995970 info@edv-cad.de Responsable du contenu conform\u00e9ment \u00e0 l\u2019article 55 abs. 2 RStV Hannes [&hellip;]<\/p>\n","protected":false},"author":4,"featured_media":0,"parent":10673,"menu_order":0,"comment_status":"closed","ping_status":"closed","template":"","meta":{"footnotes":""},"class_list":["post-928","page","type-page","status-publish","hentry"],"_links":{"self":[{"href":"https:\/\/mregio.de\/fr\/wp-json\/wp\/v2\/pages\/928","targetHints":{"allow":["GET"]}}],"collection":[{"href":"https:\/\/mregio.de\/fr\/wp-json\/wp\/v2\/pages"}],"about":[{"href":"https:\/\/mregio.de\/fr\/wp-json\/wp\/v2\/types\/page"}],"author":[{"embeddable":true,"href":"https:\/\/mregio.de\/fr\/wp-json\/wp\/v2\/users\/4"}],"replies":[{"embeddable":true,"href":"https:\/\/mregio.de\/fr\/wp-json\/wp\/v2\/comments?post=928"}],"version-history":[{"count":1,"href":"https:\/\/mregio.de\/fr\/wp-json\/wp\/v2\/pages\/928\/revisions"}],"predecessor-version":[{"id":10681,"href":"https:\/\/mregio.de\/fr\/wp-json\/wp\/v2\/pages\/928\/revisions\/10681"}],"up":[{"embeddable":true,"href":"https:\/\/mregio.de\/fr\/wp-json\/wp\/v2\/pages\/10673"}],"wp:attachment":[{"href":"https:\/\/mregio.de\/fr\/wp-json\/wp\/v2\/media?parent=928"}],"curies":[{"name":"wp","href":"https:\/\/api.w.org\/{rel}","templated":true}]}}