{"id":874,"date":"2020-09-28T17:46:59","date_gmt":"2020-09-28T15:46:59","guid":{"rendered":"https:\/\/mregio.de\/faq\/"},"modified":"2024-03-04T04:48:08","modified_gmt":"2024-03-04T03:48:08","slug":"faq","status":"publish","type":"page","link":"https:\/\/mregio.de\/fr\/faq\/","title":{"rendered":"FAQ"},"content":{"rendered":"<div  class=\"ewd-ufaq-faq-list ewd-ufaq-page-type-load_more ewd-ufaq-category-tabs- ewd-ufaq-faq-category-title-accordion\" id='ewd-ufaq-faq-list'>\n\n\t<input type='hidden' name='show_on_load' value='' id='ewd-ufaq-show-on-load' \/>\n<input type='hidden' name='include_category' value='' id='ewd-ufaq-include-category' \/>\n<input type='hidden' name='exclude_category' value='' id='ewd-ufaq-exclude-category' \/>\n<input type='hidden' name='orderby' value='date' id='ewd-ufaq-orderby' \/>\n<input type='hidden' name='order' value='desc' id='ewd-ufaq-order' \/>\n<input type='hidden' name='post_count' value='-1' id='ewd-ufaq-post-count' \/>\n<input type='hidden' name='current_url' value='\/fr\/wp-json\/wp\/v2\/pages\/874' id='ewd-ufaq-current-url' \/>\n\t\n\t\n\t<div class='ewd-ufaq-faqs'>\n\n\t\t<div  class=\"ewd-ufaq-faq-div ewd-ufaq-faq-column-count-one ewd-ufaq-faq-responsive-columns- ewd-ufaq-faq-display-style-default ewd-ufaq-can-be-toggled\" id='ewd-ufaq-post-1025-nUceJhQ3fF' data-post_id='1025'>\n\n\t\t\n\t<div class='ewd-ufaq-faq-title ewd-ufaq-faq-toggle'>\n\t\n\t<a class='ewd-ufaq-post-margin'  href='#' role=\"button\">\n\n\t\t<div class='ewd-ufaq-post-margin-symbol ewd-ufaq-square'>\n\t\t\t<span >a<\/span>\n\t\t<\/div>\n\n\t\t<div class='ewd-ufaq-faq-title-text'>\n\n\t\t\t<h4>\n\t\t\t\t\u00c0 partir de quand le planificateur d\u2019armoire MRegio est-il disponible ?\t\t\t<\/h4>\n\n\t\t<\/div>\n\n\t\t<div class='ewd-ufaq-clear'><\/div>\n\n\t<\/a>\n\t\n<\/div>\n\t\n\t<div class='ewd-ufaq-faq-body ewd-ufaq-hidden' >\n\n\t\t\n\t\t\t\n\t\t\n\t\t\t<div class='ewd-ufaq-post-margin ewd-ufaq-faq-post'>\n\tLe planificateur de meubles en ligne MRegio est disponible depuis le 27.10.2023.\n\nNous vous tiendrons au courant des derni\u00e8res nouvelles concernant le planificateur de meubles sur notre blog d\u2019actualit\u00e9s.<\/div>\n\t\t\n\t\t\t<div class='ewd-ufaq-faq-custom-fields'>\n\n\t\n<\/div>\n\t\t\n\t\t\t\n\t\t\n\t\t\t\n\t\t\n\t\t\t\n\t\t\n\t\t\t\n\t\t\n\t\t\t\n\t\t\n\t\t\t\n\t\t\n\t\t\t<div class='ewd-ufaq-back-to-top'>\n\t\n\t<a class='ewd-ufaq-back-to-top-link'>\n\t\tBack to Top\t<\/a>\n\n<\/div>\n\t\t\n\t<\/div>\n\n<\/div><div  class=\"ewd-ufaq-faq-div ewd-ufaq-faq-column-count-one ewd-ufaq-faq-responsive-columns- ewd-ufaq-faq-display-style-default ewd-ufaq-can-be-toggled\" id='ewd-ufaq-post-955-VK6Mi5DAMb' data-post_id='955'>\n\n\t\t\n\t<div class='ewd-ufaq-faq-title ewd-ufaq-faq-toggle'>\n\t\n\t<a class='ewd-ufaq-post-margin'  href='#' role=\"button\">\n\n\t\t<div class='ewd-ufaq-post-margin-symbol ewd-ufaq-square'>\n\t\t\t<span >a<\/span>\n\t\t<\/div>\n\n\t\t<div class='ewd-ufaq-faq-title-text'>\n\n\t\t\t<h4>\n\t\t\t\tPour quels groupes cibles MRegio est-il con\u00e7u?\t\t\t<\/h4>\n\n\t\t<\/div>\n\n\t\t<div class='ewd-ufaq-clear'><\/div>\n\n\t<\/a>\n\t\n<\/div>\n\t\n\t<div class='ewd-ufaq-faq-body ewd-ufaq-hidden' >\n\n\t\t\n\t\t\t\n\t\t\n\t\t\t<div class='ewd-ufaq-post-margin ewd-ufaq-faq-post'>\n\t<ul>\n<li><span style=\"font-size: 14pt;font-family: arial, helvetica, sans-serif\">Pour menuisiers, charpentiers, architectes (int\u00e9rieurs), de magasin, de foire, d\u2019int\u00e9rieur&#8230;<\/span><\/li>\n<li><span style=\"font-size: 14pt;font-family: arial, helvetica, sans-serif\">Pour les particuliers, les clients professionnels, la restauration, l\u2019h\u00f4tellerie&#8230;<\/span><\/li>\n<li><span style=\"font-size: 14pt;font-family: arial, helvetica, sans-serif\">Pour les fournisseurs, de d\u00e9cors, de ferrures, de panneaux&#8230;<\/span><\/li>\n<\/ul>\n<\/div>\n\t\t\n\t\t\t<div class='ewd-ufaq-faq-custom-fields'>\n\n\t\n<\/div>\n\t\t\n\t\t\t\n\t\t\n\t\t\t\n\t\t\n\t\t\t\n\t\t\n\t\t\t\n\t\t\n\t\t\t\n\t\t\n\t\t\t\t<div id=\"respond\" class=\"comment-respond\">\n\t\t<h3 id=\"reply-title\" class=\"comment-reply-title\">Laisser un commentaire<\/h3><p class=\"must-log-in\">Vous devez <a href=\"https:\/\/mregio.de\/wp-login.php?redirect_to=https%3A%2F%2Fmregio.de%2Ffr%2Fufaqs%2Fpour-quels-groupes-cibles-mregio-est-il-concu%2F\">vous connecter<\/a> pour publier un commentaire.<\/p>\t<\/div><!-- #respond -->\n\t\n\t\t\n\t\t\t<div class='ewd-ufaq-back-to-top'>\n\t\n\t<a class='ewd-ufaq-back-to-top-link'>\n\t\tBack to Top\t<\/a>\n\n<\/div>\n\t\t\n\t<\/div>\n\n<\/div><div  class=\"ewd-ufaq-faq-div ewd-ufaq-faq-column-count-one ewd-ufaq-faq-responsive-columns- ewd-ufaq-faq-display-style-default ewd-ufaq-can-be-toggled\" id='ewd-ufaq-post-947-J7BHWemKrZ' data-post_id='947'>\n\n\t\t\n\t<div class='ewd-ufaq-faq-title ewd-ufaq-faq-toggle'>\n\t\n\t<a class='ewd-ufaq-post-margin'  href='#' role=\"button\">\n\n\t\t<div class='ewd-ufaq-post-margin-symbol ewd-ufaq-square'>\n\t\t\t<span >a<\/span>\n\t\t<\/div>\n\n\t\t<div class='ewd-ufaq-faq-title-text'>\n\n\t\t\t<h4>\n\t\t\t\tQuel est l\u2019avantage de MRegio pour les menuisiers ou les architectes (int\u00e9rieurs) ?\t\t\t<\/h4>\n\n\t\t<\/div>\n\n\t\t<div class='ewd-ufaq-clear'><\/div>\n\n\t<\/a>\n\t\n<\/div>\n\t\n\t<div class='ewd-ufaq-faq-body ewd-ufaq-hidden' >\n\n\t\t\n\t\t\t\n\t\t\n\t\t\t<div class='ewd-ufaq-post-margin ewd-ufaq-faq-post'>\n\t<p><span style=\"font-size: 14pt;font-family: arial, helvetica, sans-serif\">Avec le programme de planification en ligne, vous pouvez facilement planifier et stocker vos dessins \u00e0 la maison, en d\u00e9placement ou directement aupr\u00e8s du client.<\/span><\/p>\n<\/div>\n\t\t\n\t\t\t<div class='ewd-ufaq-faq-custom-fields'>\n\n\t\n<\/div>\n\t\t\n\t\t\t\n\t\t\n\t\t\t\n\t\t\n\t\t\t\n\t\t\n\t\t\t\n\t\t\n\t\t\t\n\t\t\n\t\t\t\t<div id=\"respond\" class=\"comment-respond\">\n\t\t<h3 id=\"reply-title\" class=\"comment-reply-title\">Laisser un commentaire<\/h3><p class=\"must-log-in\">Vous devez <a href=\"https:\/\/mregio.de\/wp-login.php?redirect_to=https%3A%2F%2Fmregio.de%2Ffr%2Fufaqs%2Fquel-est-lavantage-de-mregio-pour-les-menuisiers-ou-les-architectes-interieurs%2F\">vous connecter<\/a> pour publier un commentaire.<\/p>\t<\/div><!-- #respond -->\n\t\n\t\t\n\t\t\t<div class='ewd-ufaq-back-to-top'>\n\t\n\t<a class='ewd-ufaq-back-to-top-link'>\n\t\tBack to Top\t<\/a>\n\n<\/div>\n\t\t\n\t<\/div>\n\n<\/div><div  class=\"ewd-ufaq-faq-div ewd-ufaq-faq-column-count-one ewd-ufaq-faq-responsive-columns- ewd-ufaq-faq-display-style-default ewd-ufaq-can-be-toggled\" id='ewd-ufaq-post-933-wO1vX0p4dd' data-post_id='933'>\n\n\t\t\n\t<div class='ewd-ufaq-faq-title ewd-ufaq-faq-toggle'>\n\t\n\t<a class='ewd-ufaq-post-margin'  href='#' role=\"button\">\n\n\t\t<div class='ewd-ufaq-post-margin-symbol ewd-ufaq-square'>\n\t\t\t<span >a<\/span>\n\t\t<\/div>\n\n\t\t<div class='ewd-ufaq-faq-title-text'>\n\n\t\t\t<h4>\n\t\t\t\tComment les artisans, les prestataires de services et les fabricants peuvent-ils b\u00e9n\u00e9ficier de MRegio ?\t\t\t<\/h4>\n\n\t\t<\/div>\n\n\t\t<div class='ewd-ufaq-clear'><\/div>\n\n\t<\/a>\n\t\n<\/div>\n\t\n\t<div class='ewd-ufaq-faq-body ewd-ufaq-hidden' >\n\n\t\t\n\t\t\t\n\t\t\n\t\t\t<div class='ewd-ufaq-post-margin ewd-ufaq-faq-post'>\n\t<p><strong>Vous \u00eates artisan, menuisier, boutique, salon, installateur d\u2019int\u00e9rieur ou planificateur ?<\/strong><\/p>\n<p>Le planificateur de meubles MRegio vous assiste sur place ou chez le client dans la phase de conception ainsi que dans le conseil personnalis\u00e9 du client.<\/p>\n<p>Vous pouvez planifier rapidement et facilement une unit\u00e9 murale et de nombreux autres meubles pour vos clients sur place.<br \/>\nNotre planificateur de meubles Internet est rapide et facile \u00e0 utiliser.<br \/>\nDans les plus brefs d\u00e9lais, vous \u00e9laborez des propositions de planification significatives pour la nouvelle installation de logement.<\/p>\n<p>Des architectes d\u2019int\u00e9rieur et des d\u00e9corateurs d\u2019int\u00e9rieur planifient et con\u00e7oivent des installations individuelles pour ou avec vos clients.<br \/>\nContrairement \u00e0 beaucoup d\u2019autres outils de planification d\u2019armoires Internet, nous vous proposons un outil qui vous permet de pr\u00e9senter de mani\u00e8re claire plusieurs meubles, armoires et \u00e9tag\u00e8res dans votre navigateur Web.<br \/>\nAvec des situations r\u00e9elles de pi\u00e8ce, vous obtenez une impression r\u00e9aliste de ce \u00e0 quoi ressemblera votre pi\u00e8ce plus tard avec les meubles fabriqu\u00e9s \u00e0 la main sur Internet.<\/p>\n<p><strong>Aide \u00e0 la pr\u00e9paration du travail et \u00e0 la production<\/strong><br \/>\n\u00c0 ce stade, notre planificateur de meubles Internet soutient le processus de pr\u00e9paration du travail.<br \/>\nFaites dessiner par l\u2019artisan les meubles souhait\u00e9s avec notre planificateur d\u2019armoire en ligne.<br \/>\nDe ces meubles, on cr\u00e9e en arri\u00e8re-plan un fichier contenant toutes les informations pour la production.<\/p>\n<p>Notre planificateur de meubles en ligne se concentre sur la conception de vos meubles.<br \/>\nLes d\u00e9tails techniques tels que le mur arri\u00e8re, les ferrures, les bordures ou les joints d\u2019angle seront ensuite facilement attribu\u00e9s au corpus via des sp\u00e9cifications.<br \/>\nLes plans cr\u00e9\u00e9s peuvent \u00eatre import\u00e9s dans votre programme de CAO via des interfaces.<\/p>\n<p>Les clients de notre logiciel ElementsCAD peuvent m\u00eame importer des meubles \u00e0 l\u2019\u00e9chelle 1\u00a0:1, tandis que les param\u00e8tres complets sont conserv\u00e9s.<\/p>\n<\/div>\n\t\t\n\t\t\t<div class='ewd-ufaq-faq-custom-fields'>\n\n\t\n<\/div>\n\t\t\n\t\t\t\n\t\t\n\t\t\t\n\t\t\n\t\t\t\n\t\t\n\t\t\t\n\t\t\n\t\t\t\n\t\t\n\t\t\t\n\t\t\n\t\t\t<div class='ewd-ufaq-back-to-top'>\n\t\n\t<a class='ewd-ufaq-back-to-top-link'>\n\t\tBack to Top\t<\/a>\n\n<\/div>\n\t\t\n\t<\/div>\n\n<\/div><div  class=\"ewd-ufaq-faq-div ewd-ufaq-faq-column-count-one ewd-ufaq-faq-responsive-columns- ewd-ufaq-faq-display-style-default ewd-ufaq-can-be-toggled\" id='ewd-ufaq-post-936-8koAoVJGN3' data-post_id='936'>\n\n\t\t\n\t<div class='ewd-ufaq-faq-title ewd-ufaq-faq-toggle'>\n\t\n\t<a class='ewd-ufaq-post-margin'  href='#' role=\"button\">\n\n\t\t<div class='ewd-ufaq-post-margin-symbol ewd-ufaq-square'>\n\t\t\t<span >a<\/span>\n\t\t<\/div>\n\n\t\t<div class='ewd-ufaq-faq-title-text'>\n\n\t\t\t<h4>\n\t\t\t\tQu\u2019est-ce qui distingue le planificateur de meubles MRegio des autres planificateurs d\u2019armoires en ligne ?\t\t\t<\/h4>\n\n\t\t<\/div>\n\n\t\t<div class='ewd-ufaq-clear'><\/div>\n\n\t<\/a>\n\t\n<\/div>\n\t\n\t<div class='ewd-ufaq-faq-body ewd-ufaq-hidden' >\n\n\t\t\n\t\t\t\n\t\t\n\t\t\t<div class='ewd-ufaq-post-margin ewd-ufaq-faq-post'>\n\t<p><span style=\"font-size: 14pt;font-family: arial, helvetica, sans-serif\">L\u2019un des crit\u00e8res principaux du planificateur de meubles MRegio Online est le facteur fun. Avec notre planificateur d\u2019armoire, vous concevez vos meubles de r\u00eave de mani\u00e8re ludique. La saisie de milliers de param\u00e8tres n\u2019est pas n\u00e9cessaire.<\/span><\/p>\n<p><span style=\"font-size: 14pt;font-family: arial, helvetica, sans-serif\">Contrairement \u00e0 la plupart des autres planificateurs d\u2019armoires, vous pouvez laisser libre cours \u00e0 votre cr\u00e9ativit\u00e9.<br \/>\nNous nous concentrons sur l\u2019aspect du mobilier fini.<\/span><\/p>\n<p><span style=\"font-size: 14pt;font-family: arial, helvetica, sans-serif\">Chez nous, l\u2019accent n\u2019est pas mis sur l\u2019assignation rigide des dimensions et des caract\u00e9ristiques, mais sur la conception cr\u00e9ative et ludique.<\/span><\/p>\n<p>\u00a0<\/p>\n<\/div>\n\t\t\n\t\t\t<div class='ewd-ufaq-faq-custom-fields'>\n\n\t\n<\/div>\n\t\t\n\t\t\t\n\t\t\n\t\t\t\n\t\t\n\t\t\t\n\t\t\n\t\t\t\n\t\t\n\t\t\t\n\t\t\n\t\t\t\n\t\t\n\t\t\t<div class='ewd-ufaq-back-to-top'>\n\t\n\t<a class='ewd-ufaq-back-to-top-link'>\n\t\tBack to Top\t<\/a>\n\n<\/div>\n\t\t\n\t<\/div>\n\n<\/div><div  class=\"ewd-ufaq-faq-div ewd-ufaq-faq-column-count-one ewd-ufaq-faq-responsive-columns- ewd-ufaq-faq-display-style-default ewd-ufaq-can-be-toggled\" id='ewd-ufaq-post-941-mxM8r67hBc' data-post_id='941'>\n\n\t\t\n\t<div class='ewd-ufaq-faq-title ewd-ufaq-faq-toggle'>\n\t\n\t<a class='ewd-ufaq-post-margin'  href='#' role=\"button\">\n\n\t\t<div class='ewd-ufaq-post-margin-symbol ewd-ufaq-square'>\n\t\t\t<span >a<\/span>\n\t\t<\/div>\n\n\t\t<div class='ewd-ufaq-faq-title-text'>\n\n\t\t\t<h4>\n\t\t\t\tQuels appareils sont pris en charge?\t\t\t<\/h4>\n\n\t\t<\/div>\n\n\t\t<div class='ewd-ufaq-clear'><\/div>\n\n\t<\/a>\n\t\n<\/div>\n\t\n\t<div class='ewd-ufaq-faq-body ewd-ufaq-hidden' >\n\n\t\t\n\t\t\t\n\t\t\n\t\t\t<div class='ewd-ufaq-post-margin ewd-ufaq-faq-post'>\n\t<p><span style=\"font-size: 14pt;font-family: arial, helvetica, sans-serif\">Le planificateur de meubles en ligne n\u00e9cessite une connexion Internet avec un navigateur Internet.<br \/>\nInitialement, le programme peut <\/span><span style=\"font-size: 14pt;font-family: arial, helvetica, sans-serif\">\u00eatre ex\u00e9cut\u00e9 sur des PC de bureau et des Mac.<\/span><br \/>\n<span style=\"font-size: 14pt;font-family: arial, helvetica, sans-serif\">Pour Windows, une solution hors ligne est \u00e9galement possible.<\/span><\/p>\n<p><span style=\"font-size: 14pt;font-family: arial, helvetica, sans-serif\">Une application pour smartphones devrait \u00eatre disponible d\u00e9but 2024.<\/span><\/p>\n<p><span style=\"font-size: 14pt;font-family: arial, helvetica, sans-serif\">Remarque : Sur les appareils Android, vous pouvez \u00e9galement passer \u00e0 \u00ab Site Web de bureau \u00bb dans le coin sup\u00e9rieur droit de votre navigateur.<br \/>\nApr\u00e8s cela, le planificateur d\u2019armoire devrait commencer.<\/span><\/p>\n<p><img fetchpriority=\"high\" decoding=\"async\" class=\"alignnone size-full wp-image-2754\" src=\"https:\/\/mregio.de\/wp-content\/uploads\/2023\/10\/faq-android-desktop-site.png\" alt=\"FAQ sur le site de bureau Android\" width=\"209\" height=\"423\" title=\"nombre de\" srcset=\"https:\/\/mregio.de\/wp-content\/uploads\/2023\/10\/faq-android-desktop-site.png 209w, https:\/\/mregio.de\/wp-content\/uploads\/2023\/10\/faq-android-desktop-site-148x300.png 148w\" sizes=\"(max-width: 209px) 100vw, 209px\" \/><\/p>\n<\/div>\n\t\t\n\t\t\t<div class='ewd-ufaq-faq-custom-fields'>\n\n\t\n<\/div>\n\t\t\n\t\t\t\n\t\t\n\t\t\t\n\t\t\n\t\t\t\n\t\t\n\t\t\t\n\t\t\n\t\t\t\n\t\t\n\t\t\t\n\t\t\n\t\t\t<div class='ewd-ufaq-back-to-top'>\n\t\n\t<a class='ewd-ufaq-back-to-top-link'>\n\t\tBack to Top\t<\/a>\n\n<\/div>\n\t\t\n\t<\/div>\n\n<\/div><div  class=\"ewd-ufaq-faq-div ewd-ufaq-faq-column-count-one ewd-ufaq-faq-responsive-columns- ewd-ufaq-faq-display-style-default ewd-ufaq-can-be-toggled\" id='ewd-ufaq-post-951-R4Y9AF5lzX' data-post_id='951'>\n\n\t\t\n\t<div class='ewd-ufaq-faq-title ewd-ufaq-faq-toggle'>\n\t\n\t<a class='ewd-ufaq-post-margin'  href='#' role=\"button\">\n\n\t\t<div class='ewd-ufaq-post-margin-symbol ewd-ufaq-square'>\n\t\t\t<span >a<\/span>\n\t\t<\/div>\n\n\t\t<div class='ewd-ufaq-faq-title-text'>\n\n\t\t\t<h4>\n\t\t\t\tComment fonctionne MRegio pour les particuliers ?\t\t\t<\/h4>\n\n\t\t<\/div>\n\n\t\t<div class='ewd-ufaq-clear'><\/div>\n\n\t<\/a>\n\t\n<\/div>\n\t\n\t<div class='ewd-ufaq-faq-body ewd-ufaq-hidden' >\n\n\t\t\n\t\t\t\n\t\t\n\t\t\t<div class='ewd-ufaq-post-margin ewd-ufaq-faq-post'>\n\t<p><strong><span style=\"font-family: Arial, Helvetica, sans-serif\">Vous \u00eates un client priv\u00e9 ?<\/span><\/strong><\/p>\n<p><span style=\"font-size: 14pt;font-family: arial, helvetica, sans-serif\">Gr\u00e2ce \u00e0 notre planificateur d\u2019armoires en ligne, vous pouvez planifier vos meubles et envoyer le planning par e-mail \u00e0 votre menuisier le plus proche.<br \/>\nSur la base de cette planification, vous pouvez traiter directement d\u2019autres d\u00e9tails et finalement la commande avec le charpentier en question.<\/span><\/p>\n<p><span style=\"font-size: 14pt;font-family: arial, helvetica, sans-serif\">Dans les versions ult\u00e9rieures, vous pouvez vous inscrire en ligne.<br \/>\n<\/span><span style=\"font-size: 14pt;font-family: arial, helvetica, sans-serif\">Apr\u00e8s cela, on vous montrera des menuisiers ou des prestataires de services appropri\u00e9s dans les environs en fonction de votre code postal.<\/span><\/p>\n<\/div>\n\t\t\n\t\t\t<div class='ewd-ufaq-faq-custom-fields'>\n\n\t\n<\/div>\n\t\t\n\t\t\t\n\t\t\n\t\t\t\n\t\t\n\t\t\t\n\t\t\n\t\t\t\n\t\t\n\t\t\t\n\t\t\n\t\t\t\n\t\t\n\t\t\t<div class='ewd-ufaq-back-to-top'>\n\t\n\t<a class='ewd-ufaq-back-to-top-link'>\n\t\tBack to Top\t<\/a>\n\n<\/div>\n\t\t\n\t<\/div>\n\n<\/div>\n\t<\/div>\n\n\t\n<\/div>\n","protected":false},"excerpt":{"rendered":"<p>A Comment fonctionne MRegio pour les particuliers ? Vous \u00eates un client priv\u00e9 ? Gr\u00e2ce \u00e0 notre planificateur d\u2019armoires en ligne, vous pouvez planifier vos meubles et envoyer le planning par e-mail \u00e0 votre menuisier le plus proche. Sur la base de cette planification, vous pouvez traiter directement d\u2019autres d\u00e9tails et finalement la commande avec [&hellip;]<\/p>\n","protected":false},"author":1,"featured_media":0,"parent":0,"menu_order":0,"comment_status":"closed","ping_status":"closed","template":"","meta":{"footnotes":""},"class_list":["post-874","page","type-page","status-publish","hentry"],"_links":{"self":[{"href":"https:\/\/mregio.de\/fr\/wp-json\/wp\/v2\/pages\/874","targetHints":{"allow":["GET"]}}],"collection":[{"href":"https:\/\/mregio.de\/fr\/wp-json\/wp\/v2\/pages"}],"about":[{"href":"https:\/\/mregio.de\/fr\/wp-json\/wp\/v2\/types\/page"}],"author":[{"embeddable":true,"href":"https:\/\/mregio.de\/fr\/wp-json\/wp\/v2\/users\/1"}],"replies":[{"embeddable":true,"href":"https:\/\/mregio.de\/fr\/wp-json\/wp\/v2\/comments?post=874"}],"version-history":[{"count":0,"href":"https:\/\/mregio.de\/fr\/wp-json\/wp\/v2\/pages\/874\/revisions"}],"wp:attachment":[{"href":"https:\/\/mregio.de\/fr\/wp-json\/wp\/v2\/media?parent=874"}],"curies":[{"name":"wp","href":"https:\/\/api.w.org\/{rel}","templated":true}]}}