{"id":777,"date":"2020-10-01T07:47:45","date_gmt":"2020-10-01T05:47:45","guid":{"rendered":"https:\/\/mregio.de\/forum-mregio\/"},"modified":"2024-03-22T03:11:33","modified_gmt":"2024-03-22T02:11:33","slug":"forum-mregio","status":"publish","type":"page","link":"https:\/\/mregio.de\/fr\/forum-mregio\/","title":{"rendered":"Forum"},"content":{"rendered":"<p>Le forum MRegio est une source pr\u00e9cieuse d\u2019\u00e9change d\u2019informations pour les clients priv\u00e9s, les architectes (int\u00e9rieurs), les menuisiers, les planificateurs, les fabricants de meubles ou les charpentiers.<br \/>\nEnregistrez-vous pour cr\u00e9er vos propres montants et utiliser la totalit\u00e9 des fonctionnalit\u00e9s du forum.<\/p>\n<p>Vous trouverez plus d\u2019informations sur l\u2019utilisation dans les <a href=\"https:\/\/mregio.de\/forum\/forenregeln\/\" target=\"_blank\" rel=\"noopener noreferrer\">r\u00e8gles du forum<\/a>.<\/p>\n<div id=\"af-wrapper\"><div id=\"forum-header\"><div id=\"forum-navigation-mobile\"><a><span class=\"fas fa-bars\"><\/span>Menu<\/a><\/div><span class=\"screen-reader-text\">Navigation du forum<\/span><div id=\"forum-navigation\"><a class=\"home-link\" href=\"https:\/\/mregio.de\/fr\/forum\" target=\"_self\">Forum<\/a><a class=\"activity-link\" href=\"https:\/\/mregio.de\/fr\/forum\/activity\/\" target=\"_self\">Activit\u00e9<\/a><\/div><div id=\"forum-search\"><span class=\"search-icon fas fa-search\"><\/span><form method=\"get\" action=\"https:\/\/mregio.de\/fr\/forum\/search\/\"><input name=\"keywords\" type=\"search\" placeholder=\"Recherche\u2026\" value=\"\"><\/form><\/div><div class=\"clear\"><\/div><\/div><div id=\"forum-breadcrumbs\" itemscope itemtype=\"http:\/\/schema.org\/BreadcrumbList\"><span class=\"screen-reader-text\">Fil d\u2019Ariane du forum\u202f\u2013 Vous \u00eates ici\u202f:<\/span><span class=\"breadcrumb-icon fas fa-home\"><\/span><span itemprop=\"itemListElement\" itemscope itemtype=\"https:\/\/schema.org\/ListItem\"><a itemprop=\"item\" href=\"https:\/\/mregio.de\/fr\/forum\" title=\"Forum MRegio\"><span itemprop=\"name\">Forum MRegio<\/span><\/a><meta itemprop=\"position\" content=\"1\"><\/span><span class=\"breadcrumb-icon fas fa-chevron-right separator\"><\/span><\/div><h1 class=\"main-title main-title-\">Forum MRegio<\/h1><div class=\"title-element\" id=\"forum-category-28\">Mitteilungen - Notifications<span class=\"last-post-headline\">Dernier message\u202f:<\/span><\/div><div class=\"content-container\"><div class=\"content-element forum\" id=\"forum-7\"><div class=\"forum-status read\"><i class=\"fas fa-comments\"><\/i><\/div><div class=\"forum-name\"><a class=\"forum-title\" href=\"https:\/\/mregio.de\/fr\/forum\/forum\/elements-web\/\">Mitteilungen - Notifications<\/a><small class=\"forum-description\">Wichtige Mitteilungen des Herstellers - Important notifications from the manufacturer<\/small><small class=\"forum-stats\">0 sujet&nbsp;&middot;&nbsp;0 message<\/small><small class=\"forum-lastpost-small\"><small class=\"no-topics\">Aucun sujet pour le moment\u00a0!<\/small><\/small><small class=\"forum-subforums\"><b>Sous-forums:<\/b>&nbsp;<a href=\"https:\/\/mregio.de\/fr\/forum\/forum\/projekte\/\">DE<\/a>&nbsp;&middot;&nbsp;<a href=\"https:\/\/mregio.de\/fr\/forum\/forum\/artikel\/\">US<\/a>&nbsp;&middot;&nbsp;<a href=\"https:\/\/mregio.de\/fr\/forum\/forum\/sonstiges\/\">ES<\/a>&nbsp;&middot;&nbsp;<a href=\"https:\/\/mregio.de\/fr\/forum\/forum\/fr-3\/\">FR<\/a>&nbsp;&middot;&nbsp;<a href=\"https:\/\/mregio.de\/fr\/forum\/forum\/it-3\/\">IT<\/a><\/small><\/div><div class=\"forum-poster\"><small class=\"no-topics\">Aucun sujet pour le moment\u00a0!<\/small><\/div><\/div><\/div><div class=\"title-element\" id=\"forum-category-27\">Allgemein - Common<span class=\"last-post-headline\">Dernier message\u202f:<\/span><\/div><div class=\"content-container\"><div class=\"content-element forum\" id=\"forum-5\"><div class=\"forum-status unread\"><i class=\"fas fa-comments\"><\/i><\/div><div class=\"forum-name\"><a class=\"forum-title\" href=\"https:\/\/mregio.de\/fr\/forum\/forum\/wichtige-mitteilungen-des-herstellers\/\">Allgemein - Common<\/a><small class=\"forum-description\">Allgemeine Anwenderfragen - Common user questions<\/small><small class=\"forum-stats\">1 sujet&nbsp;&middot;&nbsp;1 message<\/small><small class=\"forum-lastpost-small\">Dernier article\u00a0:&nbsp;<a href=\"https:\/\/mregio.de\/fr\/forum\/topic\/veroeffentlichung-link-zum-online-schrankplaner\/#postid-2\">Ver\u00f6ffentlichung \/ Link zum Online &#8230;<\/a>&nbsp;&middot;&nbsp;<a href=\"https:\/\/mregio.de\/fr\/forum\/topic\/veroeffentlichung-link-zum-online-schrankplaner\/#postid-2\">il y a 6 ans <\/a>&nbsp;&middot;&nbsp;<a class=\"profile-link highlight-admin\" href=\"https:\/\/mregio.de\/fr\/forum\/profile\/joel\/\">joel<\/a><\/small><small class=\"forum-subforums\"><b>Sous-forums:<\/b>&nbsp;<a href=\"https:\/\/mregio.de\/fr\/forum\/forum\/de\/\">DE<\/a>&nbsp;&middot;&nbsp;<a href=\"https:\/\/mregio.de\/fr\/forum\/forum\/us\/\">US<\/a>&nbsp;&middot;&nbsp;<a href=\"https:\/\/mregio.de\/fr\/forum\/forum\/es\/\">ES<\/a>&nbsp;&middot;&nbsp;<a href=\"https:\/\/mregio.de\/fr\/forum\/forum\/fr\/\">FR<\/a>&nbsp;&middot;&nbsp;<a href=\"https:\/\/mregio.de\/fr\/forum\/forum\/it\/\">IT<\/a><\/small><\/div><div class=\"forum-poster\"><div class=\"forum-poster-summary\"><a href=\"https:\/\/mregio.de\/fr\/forum\/topic\/veroeffentlichung-link-zum-online-schrankplaner\/#postid-2\">Ver\u00f6ffentlichung \/ Link z &#8230;<\/a><br><small><a href=\"https:\/\/mregio.de\/fr\/forum\/topic\/veroeffentlichung-link-zum-online-schrankplaner\/#postid-2\">il y a 6 ans <\/a><span>&nbsp;&middot;&nbsp;<\/span><a class=\"profile-link highlight-admin\" href=\"https:\/\/mregio.de\/fr\/forum\/profile\/joel\/\">joel<\/a><\/small><\/div><\/div><\/div><\/div><div class=\"title-element\" id=\"forum-category-29\">Online M\u00f6belplaner - Online furnishing planner<span class=\"last-post-headline\">Dernier message\u202f:<\/span><\/div><div class=\"content-container\"><div class=\"content-element forum\" id=\"forum-6\"><div class=\"forum-status read\"><i class=\"fas fa-comments\"><\/i><\/div><div class=\"forum-name\"><a class=\"forum-title\" href=\"https:\/\/mregio.de\/fr\/forum\/forum\/online-schrankplaner\/\">Online Schrankplaner - Online cabinet maker<\/a><small class=\"forum-description\">Forum Online Schrankplaner - Online cabinet maker<\/small><small class=\"forum-stats\">0 sujet&nbsp;&middot;&nbsp;0 message<\/small><small class=\"forum-lastpost-small\"><small class=\"no-topics\">Aucun sujet pour le moment\u00a0!<\/small><\/small><small class=\"forum-subforums\"><b>Sous-forums:<\/b>&nbsp;<a href=\"https:\/\/mregio.de\/fr\/forum\/forum\/de-2\/\">DE<\/a>&nbsp;&middot;&nbsp;<a href=\"https:\/\/mregio.de\/fr\/forum\/forum\/us-2\/\">US<\/a>&nbsp;&middot;&nbsp;<a href=\"https:\/\/mregio.de\/fr\/forum\/forum\/es-2\/\">ES<\/a>&nbsp;&middot;&nbsp;<a href=\"https:\/\/mregio.de\/fr\/forum\/forum\/fr-2\/\">FR<\/a>&nbsp;&middot;&nbsp;<a href=\"https:\/\/mregio.de\/fr\/forum\/forum\/it-2\/\">IT<\/a><\/small><\/div><div class=\"forum-poster\"><small class=\"no-topics\">Aucun sujet pour le moment\u00a0!<\/small><\/div><\/div><\/div><div id=\"read-unread\"><span class=\"indicator unread\"><\/span><span class=\"indicator-label\">Nouvelles publications<\/span><span class=\"indicator read\"><\/span><span class=\"indicator-label\">Rien de nouveau<\/span><span class=\"indicator-label\"><span class=\"fas fa-check\"><\/span><a href=\"https:\/\/mregio.de\/fr\/forum\/markallread\/?_wpnonce=3f7650a349\">Tout marquer comme lu<\/a><\/span><span class=\"indicator-label\"><span class=\"fas fa-history\"><\/span><a href=\"https:\/\/mregio.de\/fr\/forum\/unread\/\">Afficher les sujets non lus<\/a><\/span><div class=\"clear\"><\/div><\/div><div id=\"bottom-navigation\"><\/div><div class=\"clear\"><\/div><\/div>\n","protected":false},"excerpt":{"rendered":"<p>Le forum MRegio est une source pr\u00e9cieuse d\u2019\u00e9change d\u2019informations pour les clients priv\u00e9s, les architectes (int\u00e9rieurs), les menuisiers, les planificateurs, les fabricants de meubles ou les charpentiers. Enregistrez-vous pour cr\u00e9er vos propres montants et utiliser la totalit\u00e9 des fonctionnalit\u00e9s du forum. Vous trouverez plus d\u2019informations sur l\u2019utilisation dans les r\u00e8gles du forum.<\/p>\n","protected":false},"author":1,"featured_media":0,"parent":0,"menu_order":0,"comment_status":"closed","ping_status":"closed","template":"","meta":{"footnotes":""},"class_list":["post-777","page","type-page","status-publish","hentry"],"_links":{"self":[{"href":"https:\/\/mregio.de\/fr\/wp-json\/wp\/v2\/pages\/777","targetHints":{"allow":["GET"]}}],"collection":[{"href":"https:\/\/mregio.de\/fr\/wp-json\/wp\/v2\/pages"}],"about":[{"href":"https:\/\/mregio.de\/fr\/wp-json\/wp\/v2\/types\/page"}],"author":[{"embeddable":true,"href":"https:\/\/mregio.de\/fr\/wp-json\/wp\/v2\/users\/1"}],"replies":[{"embeddable":true,"href":"https:\/\/mregio.de\/fr\/wp-json\/wp\/v2\/comments?post=777"}],"version-history":[{"count":1,"href":"https:\/\/mregio.de\/fr\/wp-json\/wp\/v2\/pages\/777\/revisions"}],"predecessor-version":[{"id":10078,"href":"https:\/\/mregio.de\/fr\/wp-json\/wp\/v2\/pages\/777\/revisions\/10078"}],"wp:attachment":[{"href":"https:\/\/mregio.de\/fr\/wp-json\/wp\/v2\/media?parent=777"}],"curies":[{"name":"wp","href":"https:\/\/api.w.org\/{rel}","templated":true}]}}