{"id":2668,"date":"2023-10-23T11:30:27","date_gmt":"2023-10-23T09:30:27","guid":{"rendered":"https:\/\/mregio.de\/devenir-partenaire\/"},"modified":"2023-10-25T15:13:56","modified_gmt":"2023-10-25T13:13:56","slug":"devenir-partenaire","status":"publish","type":"page","link":"https:\/\/mregio.de\/fr\/devenir-partenaire\/","title":{"rendered":"Devenir un partenaire affili\u00e9"},"content":{"rendered":"<h2><span style=\"font-family: Arial, Helvetica, sans-serif;\">Devenez notre partenaire affili\u00e9 d\u00e8s maintenant !<\/span><\/h2>\n<p><span style=\"font-family: Arial, Helvetica, sans-serif;\">\u00cates-vous int\u00e9ress\u00e9 par nos produits&nbsp;?<\/span><\/p>\n<p><span style=\"font-family: Arial, Helvetica, sans-serif;\">Avez-vous votre propre site Web ou vos propres canaux de m\u00e9dias sociaux qui sont r\u00e9guli\u00e8rement visit\u00e9s ?  <\/span><\/p>\n<p><span style=\"font-family: Arial, Helvetica, sans-serif;\">Alors travaillons ensemble ! Gr\u00e2ce \u00e0 notre programme de partenariat d\u2019affiliation, vous pouvez commercialiser tous les articles r\u00e9pertori\u00e9s sur notre boutique sous <a href=\"https:\/\/shop.edv-cad.de\" target=\"_blank\" rel=\"noopener sponsored nofollow\">shop.edv-cad.de<\/a> .  <\/span><\/p>\n<p><span style=\"font-family: Arial, Helvetica, sans-serif;\">Dans notre assortiment, vous trouverez des produits dont les menuisiers, les planificateurs, les architectes (d\u2019int\u00e9rieur), les magasins, les salons et les installateurs d\u2019int\u00e9rieur ont besoin pour leur travail de bureau quotidien.<\/span><\/p>\n<p><span style=\"font-family: Arial, Helvetica, sans-serif;\">  Gr\u00e2ce \u00e0 notre programme de partenariat d\u2019affiliation, vous pouvez gagner des commissions int\u00e9ressantes.  <\/span><\/p>\n<p><span style=\"font-family: Arial, Helvetica, sans-serif;\">Vous recevrez une commission allant jusqu\u2019\u00e0 40% pour chaque commande confirm\u00e9e, d\u2019autres conditions peuvent \u00eatre convenues.<\/span><\/p>\n<h3><strong><span style=\"font-family: Arial, Helvetica, sans-serif;\">Pourquoi faire de la publicit\u00e9 en tant que partenaire affili\u00e9 ?<\/span><\/strong><\/h3>\n<ul>\n<li><span style=\"font-family: Arial, Helvetica, sans-serif;\"><span style=\"font-family: Arial, Helvetica, sans-serif;\">Inscription et participation faciles et gratuites<\/span><\/span><\/li>\n<li><span style=\"font-family: Arial, Helvetica, sans-serif;\"><span style=\"font-family: Arial, Helvetica, sans-serif;\">Le programme d\u2019affiliation est g\u00e9r\u00e9 de mani\u00e8re pratique via notre plate-forme de boutique<\/span><\/span><\/li>\n<li><span style=\"font-family: Arial, Helvetica, sans-serif;\"><span style=\"font-family: Arial, Helvetica, sans-serif;\">Une technologie de suivi \u00e9prouv\u00e9e vous permet d\u2019obtenir la bonne commission<\/span><\/span><\/li>\n<li><span style=\"font-family: Arial, Helvetica, sans-serif;\"><span style=\"font-family: Arial, Helvetica, sans-serif;\">Acc\u00e8s direct aux annonces textuelles et aux banni\u00e8res publicitaires<\/span><\/span><\/li>\n<li><span style=\"font-family: Arial, Helvetica, sans-serif;\"><span style=\"font-family: Arial, Helvetica, sans-serif;\">Des donn\u00e9es de haute qualit\u00e9 sur tous les produits g\u00e9r\u00e9s<\/span><\/span><\/li>\n<li><span style=\"font-family: Arial, Helvetica, sans-serif;\">D\u00e9lai d\u2019ex\u00e9cution rapide<\/span><\/li>\n<\/ul>\n<p>&nbsp;<\/p>\n<p><span style=\"text-decoration: underline; background-color: #99ccff; font-size: 24pt;\"><a style=\"background-color: #99ccff;\" href=\"https:\/\/shop.edv-cad.de\" target=\"_blank\" rel=\"noopener nofollow\"><span style=\"background-color: #99ccff;\"><strong><span style=\"font-family: Arial, Helvetica, sans-serif; color: #800000; text-decoration: underline;\">Oui, je veux participer !<\/span><\/strong><\/span><\/a><\/span><\/p>\n<ol>\n<li><span style=\"font-family: Arial, Helvetica, sans-serif;\">Inscrivez-vous \u00e0 <a href=\"https:\/\/shop.edv-cad.de\/de\/anmeldung\" target=\"_blank\" rel=\"noopener nofollow\">https:\/\/shop.edv-cad.de<\/a><\/span><\/li>\n<li><span style=\"font-family: Arial, Helvetica, sans-serif;\">Inscrivez-vous et cliquez sur le lien du partenaire affili\u00e9<\/span><span style=\"font-family: Arial, Helvetica, sans-serif;\"><img decoding=\"async\" class=\"alignnone size-medium wp-image-2657\" src=\"https:\/\/mregio.de\/wp-content\/uploads\/2023\/10\/Prestashop-become-partner-affiliate-software-interior-planungen-138x300.png\" alt=\"Prestashop-devenir-partenaire-de-la-s-affiliation-logiciel-d\u2019urbanisme-de-devenir-partenaire\" width=\"138\" height=\"300\" title=\"nombre de\" srcset=\"https:\/\/mregio.de\/wp-content\/uploads\/2023\/10\/Prestashop-become-partner-affiliate-software-interior-planungen-138x300.png 138w, https:\/\/mregio.de\/wp-content\/uploads\/2023\/10\/Prestashop-become-partner-affiliate-software-interior-planungen-473x1024.png 473w, https:\/\/mregio.de\/wp-content\/uploads\/2023\/10\/Prestashop-become-partner-affiliate-software-interior-planungen.png 553w\" sizes=\"(max-width: 138px) 100vw, 138px\" \/><\/span><\/li>\n<li><span style=\"font-family: Arial, Helvetica, sans-serif;\">Entrez vos coordonn\u00e9es, votre site web et l\u2019URL de votre site web&#8230;<\/span><\/li>\n<\/ol>\n<p><img decoding=\"async\" class=\"alignnone size-medium wp-image-2673\" src=\"https:\/\/mregio.de\/wp-content\/uploads\/2023\/10\/formular-affiliate-partner-webseite-300x145.png\" alt=\"Formulaire Site Web d\u2019un partenaire affili\u00e9\" width=\"300\" height=\"145\" title=\"nombre de\" srcset=\"https:\/\/mregio.de\/wp-content\/uploads\/2023\/10\/formular-affiliate-partner-webseite-300x145.png 300w, https:\/\/mregio.de\/wp-content\/uploads\/2023\/10\/formular-affiliate-partner-webseite-1024x494.png 1024w, https:\/\/mregio.de\/wp-content\/uploads\/2023\/10\/formular-affiliate-partner-webseite-768x371.png 768w, https:\/\/mregio.de\/wp-content\/uploads\/2023\/10\/formular-affiliate-partner-webseite.png 1366w\" sizes=\"(max-width: 300px) 100vw, 300px\" \/><\/p>\n<p><span style=\"font-family: Arial, Helvetica, sans-serif;\">\u00ab Canaux cibles pour le marketing d\u2019affiliation \u00bb : Entrez ici les liens sous lesquels vous commercialiserez nos produits sur votre site Web et vos canaux.<\/span><\/p>\n<hr>\n<p><span style=\"font-family: Arial, Helvetica, sans-serif;\"><br \/>\nUne fois que vous aurez envoy\u00e9 la demande, nous l\u2019examinerons.<\/span><\/p>\n<p><span style=\"font-family: Arial, Helvetica, sans-serif;\">Nous vous attribuerons ensuite les commissions et activerons votre compte.<\/span><\/p>\n<h3><strong><span style=\"font-family: Arial, Helvetica, sans-serif;\">C\u2019est fait, votre compte partenaire est maintenant activ\u00e9 !<\/span><\/strong><\/h3>\n<p><img decoding=\"async\" class=\"alignnone size-medium wp-image-2698\" src=\"https:\/\/mregio.de\/wp-content\/uploads\/2023\/10\/Prestashop-partnerkonto-affiliate-software-interior-planungen-145x300.png\" alt=\"Prestashop-compte-d\u2019affiliation-logiciel-d\u2019affiliation-planification-d\u2019int\u00e9rieur\" width=\"145\" height=\"300\" title=\"nombre de\" srcset=\"https:\/\/mregio.de\/wp-content\/uploads\/2023\/10\/Prestashop-partnerkonto-affiliate-software-interior-planungen-145x300.png 145w, https:\/\/mregio.de\/wp-content\/uploads\/2023\/10\/Prestashop-partnerkonto-affiliate-software-interior-planungen.png 473w\" sizes=\"(max-width: 145px) 100vw, 145px\" \/><\/p>\n<p>&nbsp;<\/p>\n<h3><strong><span style=\"font-family: Arial, Helvetica, sans-serif;\">Les zones suivantes vous sont d\u00e9sormais accessibles :<\/span><\/strong><\/h3>\n<h4><strong><span style=\"font-family: Arial, Helvetica, sans-serif;\">Mon compte partenaire<\/span><\/strong><br \/>\n<img loading=\"lazy\" decoding=\"async\" class=\"alignnone size-large wp-image-2864\" src=\"https:\/\/mregio.de\/wp-content\/uploads\/2023\/10\/Prestashop-partnerkonto-ads-affiliate-software-interior-planungen-1024x193.png\" alt=\"Prestashop-affiliate-account-ads-affiliate-software-interior-planning\" width=\"1024\" height=\"193\" title=\"nombre de\" srcset=\"https:\/\/mregio.de\/wp-content\/uploads\/2023\/10\/Prestashop-partnerkonto-ads-affiliate-software-interior-planungen-1024x193.png 1024w, https:\/\/mregio.de\/wp-content\/uploads\/2023\/10\/Prestashop-partnerkonto-ads-affiliate-software-interior-planungen-300x57.png 300w, https:\/\/mregio.de\/wp-content\/uploads\/2023\/10\/Prestashop-partnerkonto-ads-affiliate-software-interior-planungen-768x145.png 768w, https:\/\/mregio.de\/wp-content\/uploads\/2023\/10\/Prestashop-partnerkonto-ads-affiliate-software-interior-planungen-1536x290.png 1536w, https:\/\/mregio.de\/wp-content\/uploads\/2023\/10\/Prestashop-partnerkonto-ads-affiliate-software-interior-planungen-2048x387.png 2048w\" sizes=\"(max-width: 1024px) 100vw, 1024px\" \/><\/h4>\n<p><span style=\"font-family: Arial, Helvetica, sans-serif;\">Vous trouverez ici le lien d\u2019affiliation vers notre boutique. D\u00e8s qu\u2019un client clique sur ce lien, il atterrit sur notre boutique.<\/span><br \/>\n<span style=\"font-family: Arial, Helvetica, sans-serif;\">Votre lien partenaire est \u00ab track\u00e9 \u00bb, c\u2019est-\u00e0-dire qu\u2019il est suivi, par exemple, si et quels produits le client ach\u00e8te.<\/span><\/p>\n<p><span style=\"font-family: Arial, Helvetica, sans-serif;\">Si des publicit\u00e9s publicitaires sont stock\u00e9es dans notre backend, les boutons correspondants appara\u00eetront dans le coin sup\u00e9rieur droit.<\/span><br \/>\n<span style=\"font-family: Arial, Helvetica, sans-serif;\">Vous pouvez utiliser ces liens pour exploiter directement le contenu ou le code source.<\/span><\/p>\n<p><img loading=\"lazy\" decoding=\"async\" class=\"alignnone wp-image-2869 size-medium\" src=\"https:\/\/mregio.de\/wp-content\/uploads\/2023\/10\/Prestashop-partnerkonto-werbeanzeige-affiliate-software-interior-planungen-195x300.png\" alt=\"Prestashop-compte-d\u2019affiliation-annonce-logiciel-d\u2019affiliation-planification-d\u2019int\u00e9rieur\" width=\"195\" height=\"300\" title=\"nombre de\" srcset=\"https:\/\/mregio.de\/wp-content\/uploads\/2023\/10\/Prestashop-partnerkonto-werbeanzeige-affiliate-software-interior-planungen-195x300.png 195w, https:\/\/mregio.de\/wp-content\/uploads\/2023\/10\/Prestashop-partnerkonto-werbeanzeige-affiliate-software-interior-planungen-666x1024.png 666w, https:\/\/mregio.de\/wp-content\/uploads\/2023\/10\/Prestashop-partnerkonto-werbeanzeige-affiliate-software-interior-planungen-768x1182.png 768w, https:\/\/mregio.de\/wp-content\/uploads\/2023\/10\/Prestashop-partnerkonto-werbeanzeige-affiliate-software-interior-planungen-998x1536.png 998w, https:\/\/mregio.de\/wp-content\/uploads\/2023\/10\/Prestashop-partnerkonto-werbeanzeige-affiliate-software-interior-planungen.png 1014w\" sizes=\"(max-width: 195px) 100vw, 195px\" \/><\/p>\n<p>&nbsp;<\/p>\n<h4><strong><span style=\"font-family: Arial, Helvetica, sans-serif;\">R\u00e9sum\u00e9<\/span><\/strong><br \/>\n<span style=\"font-family: Arial, Helvetica, sans-serif;\"><img loading=\"lazy\" decoding=\"async\" class=\"alignnone wp-image-2708 size-large\" src=\"https:\/\/mregio.de\/wp-content\/uploads\/2023\/10\/Prestashop-partnerkonto-zusammenfassung-affiliate-software-interior-planungen-1024x372.png\" alt=\"Prestashop-affiliate-account-summary-affiliate-software-interior-planning\" width=\"1024\" height=\"372\" title=\"nombre de\" srcset=\"https:\/\/mregio.de\/wp-content\/uploads\/2023\/10\/Prestashop-partnerkonto-zusammenfassung-affiliate-software-interior-planungen-1024x372.png 1024w, https:\/\/mregio.de\/wp-content\/uploads\/2023\/10\/Prestashop-partnerkonto-zusammenfassung-affiliate-software-interior-planungen-300x109.png 300w, https:\/\/mregio.de\/wp-content\/uploads\/2023\/10\/Prestashop-partnerkonto-zusammenfassung-affiliate-software-interior-planungen-768x279.png 768w, https:\/\/mregio.de\/wp-content\/uploads\/2023\/10\/Prestashop-partnerkonto-zusammenfassung-affiliate-software-interior-planungen-1536x557.png 1536w, https:\/\/mregio.de\/wp-content\/uploads\/2023\/10\/Prestashop-partnerkonto-zusammenfassung-affiliate-software-interior-planungen-2048x743.png 2048w\" sizes=\"(max-width: 1024px) 100vw, 1024px\" \/><\/span><\/h4>\n<p><span style=\"font-family: Arial, Helvetica, sans-serif;\">Vous pouvez voir ici un aper\u00e7u de vos ventes<\/span><\/p>\n<h4><strong><span style=\"font-family: Arial, Helvetica, sans-serif;\">Campagne<\/span><\/strong><br \/>\n<span style=\"font-family: Arial, Helvetica, sans-serif;\"><img loading=\"lazy\" decoding=\"async\" class=\"alignnone wp-image-2713 size-large\" src=\"https:\/\/mregio.de\/wp-content\/uploads\/2023\/10\/Prestashop-partnerkonto-kampagne-affiliate-software-interior-planungen-1024x201.png\" alt=\"Prestashop-compte-d\u2019affiliation-campagne-logiciel-d\u2019affiliation-planification-d\u2019int\u00e9rieur\" width=\"1024\" height=\"201\" title=\"nombre de\" srcset=\"https:\/\/mregio.de\/wp-content\/uploads\/2023\/10\/Prestashop-partnerkonto-kampagne-affiliate-software-interior-planungen-1024x201.png 1024w, https:\/\/mregio.de\/wp-content\/uploads\/2023\/10\/Prestashop-partnerkonto-kampagne-affiliate-software-interior-planungen-300x59.png 300w, https:\/\/mregio.de\/wp-content\/uploads\/2023\/10\/Prestashop-partnerkonto-kampagne-affiliate-software-interior-planungen-768x151.png 768w, https:\/\/mregio.de\/wp-content\/uploads\/2023\/10\/Prestashop-partnerkonto-kampagne-affiliate-software-interior-planungen-1536x301.png 1536w, https:\/\/mregio.de\/wp-content\/uploads\/2023\/10\/Prestashop-partnerkonto-kampagne-affiliate-software-interior-planungen-2048x402.png 2048w\" sizes=\"(max-width: 1024px) 100vw, 1024px\" \/><\/span><\/h4>\n<p><span style=\"font-family: Arial, Helvetica, sans-serif;\">Ici, vous pouvez cr\u00e9er vos propres campagnes. Des liens individuels sont g\u00e9n\u00e9r\u00e9s pour ces campagnes, de sorte que vous obtenez des \u00e9valuations tr\u00e8s sp\u00e9cifiques.<\/span><\/p>\n<p><span style=\"font-family: Arial, Helvetica, sans-serif;\"><img loading=\"lazy\" decoding=\"async\" class=\"alignnone wp-image-2733 size-medium\" src=\"https:\/\/mregio.de\/wp-content\/uploads\/2023\/10\/Prestashop-partnerkonto-kampagne-detail-affiliate-software-interior-planungen-300x184.png\" alt=\"Prestashop-affiliate-account-campaign-detail--affiliate-software-interior-planning\" width=\"300\" height=\"184\" title=\"nombre de\" srcset=\"https:\/\/mregio.de\/wp-content\/uploads\/2023\/10\/Prestashop-partnerkonto-kampagne-detail-affiliate-software-interior-planungen-300x184.png 300w, https:\/\/mregio.de\/wp-content\/uploads\/2023\/10\/Prestashop-partnerkonto-kampagne-detail-affiliate-software-interior-planungen-1024x627.png 1024w, https:\/\/mregio.de\/wp-content\/uploads\/2023\/10\/Prestashop-partnerkonto-kampagne-detail-affiliate-software-interior-planungen-768x470.png 768w, https:\/\/mregio.de\/wp-content\/uploads\/2023\/10\/Prestashop-partnerkonto-kampagne-detail-affiliate-software-interior-planungen-1536x940.png 1536w, https:\/\/mregio.de\/wp-content\/uploads\/2023\/10\/Prestashop-partnerkonto-kampagne-detail-affiliate-software-interior-planungen.png 2014w\" sizes=\"(max-width: 300px) 100vw, 300px\" \/><\/span><\/p>\n<p>&nbsp;<\/p>\n<h4><strong><span style=\"font-family: Arial, Helvetica, sans-serif;\">Produits et commissions<\/span><\/strong><br \/>\n<span style=\"font-family: Arial, Helvetica, sans-serif;\"><img loading=\"lazy\" decoding=\"async\" class=\"alignnone size-large wp-image-2718\" src=\"https:\/\/mregio.de\/wp-content\/uploads\/2023\/10\/Prestashop-partnerkonto-produkte-provisionen-affiliate-software-interior-planungen-1024x310.png\" alt=\"Prestashop-affiliate-account-products-commissions-affiliate-software-interior-planning\" width=\"1024\" height=\"310\" title=\"nombre de\" srcset=\"https:\/\/mregio.de\/wp-content\/uploads\/2023\/10\/Prestashop-partnerkonto-produkte-provisionen-affiliate-software-interior-planungen-1024x310.png 1024w, https:\/\/mregio.de\/wp-content\/uploads\/2023\/10\/Prestashop-partnerkonto-produkte-provisionen-affiliate-software-interior-planungen-300x91.png 300w, https:\/\/mregio.de\/wp-content\/uploads\/2023\/10\/Prestashop-partnerkonto-produkte-provisionen-affiliate-software-interior-planungen-768x232.png 768w, https:\/\/mregio.de\/wp-content\/uploads\/2023\/10\/Prestashop-partnerkonto-produkte-provisionen-affiliate-software-interior-planungen-1536x465.png 1536w, https:\/\/mregio.de\/wp-content\/uploads\/2023\/10\/Prestashop-partnerkonto-produkte-provisionen-affiliate-software-interior-planungen-2048x620.png 2048w\" sizes=\"(max-width: 1024px) 100vw, 1024px\" \/><\/span><\/h4>\n<p><span style=\"font-family: Arial, Helvetica, sans-serif;\">Tous les produits de la boutique sont r\u00e9pertori\u00e9s ici&#8230;<\/span><\/p>\n<p>&nbsp;<\/p>\n<h4><strong><span style=\"font-family: Arial, Helvetica, sans-serif;\">Ventes et commissions<\/span><\/strong><\/h4>\n<p><span style=\"font-family: Arial, Helvetica, sans-serif;\"><img loading=\"lazy\" decoding=\"async\" class=\"alignnone size-large wp-image-2723\" src=\"https:\/\/mregio.de\/wp-content\/uploads\/2023\/10\/Prestashop-partnerkonto-verkaeufe-provisionen-affiliate-software-interior-planungen-1024x155.png\" alt=\"Prestashop-compte-d\u2019affiliation-commissions-de-vente-logiciel-d\u2019affiliation-planification d\u2019int\u00e9rieur\" width=\"1024\" height=\"155\" title=\"nombre de\" srcset=\"https:\/\/mregio.de\/wp-content\/uploads\/2023\/10\/Prestashop-partnerkonto-verkaeufe-provisionen-affiliate-software-interior-planungen-1024x155.png 1024w, https:\/\/mregio.de\/wp-content\/uploads\/2023\/10\/Prestashop-partnerkonto-verkaeufe-provisionen-affiliate-software-interior-planungen-300x45.png 300w, https:\/\/mregio.de\/wp-content\/uploads\/2023\/10\/Prestashop-partnerkonto-verkaeufe-provisionen-affiliate-software-interior-planungen-768x116.png 768w, https:\/\/mregio.de\/wp-content\/uploads\/2023\/10\/Prestashop-partnerkonto-verkaeufe-provisionen-affiliate-software-interior-planungen-1536x232.png 1536w, https:\/\/mregio.de\/wp-content\/uploads\/2023\/10\/Prestashop-partnerkonto-verkaeufe-provisionen-affiliate-software-interior-planungen-2048x309.png 2048w\" sizes=\"(max-width: 1024px) 100vw, 1024px\" \/><\/span><\/p>\n<p><span style=\"font-family: Arial, Helvetica, sans-serif;\">Vous pouvez voir ici un aper\u00e7u de vos ventes &#8230;<\/span><\/p>\n<p>&nbsp;<\/p>\n<h4><strong><span style=\"font-family: Arial, Helvetica, sans-serif;\">Mes adh\u00e9sions \u00e0 vie<\/span><\/strong><\/h4>\n<p><span style=\"font-family: Arial, Helvetica, sans-serif;\"><img loading=\"lazy\" decoding=\"async\" class=\"alignnone size-large wp-image-2728\" src=\"https:\/\/mregio.de\/wp-content\/uploads\/2023\/10\/Prestashop-partnerkonto-lebenslange-mitgliedschaften-affiliate-software-interior-planungen-1024x152.png\" alt=\"prestashop-affiliate-account-lifetime-memberships-affiliate-software-interior-planning\" width=\"1024\" height=\"152\" title=\"nombre de\" srcset=\"https:\/\/mregio.de\/wp-content\/uploads\/2023\/10\/Prestashop-partnerkonto-lebenslange-mitgliedschaften-affiliate-software-interior-planungen-1024x152.png 1024w, https:\/\/mregio.de\/wp-content\/uploads\/2023\/10\/Prestashop-partnerkonto-lebenslange-mitgliedschaften-affiliate-software-interior-planungen-300x45.png 300w, https:\/\/mregio.de\/wp-content\/uploads\/2023\/10\/Prestashop-partnerkonto-lebenslange-mitgliedschaften-affiliate-software-interior-planungen-768x114.png 768w, https:\/\/mregio.de\/wp-content\/uploads\/2023\/10\/Prestashop-partnerkonto-lebenslange-mitgliedschaften-affiliate-software-interior-planungen-1536x228.png 1536w, https:\/\/mregio.de\/wp-content\/uploads\/2023\/10\/Prestashop-partnerkonto-lebenslange-mitgliedschaften-affiliate-software-interior-planungen-2048x304.png 2048w\" sizes=\"(max-width: 1024px) 100vw, 1024px\" \/><\/span><\/p>\n<p><span style=\"font-family: Arial, Helvetica, sans-serif;\">Ici, vous pouvez voir si le param\u00e8tre pour les commissions \u00e0 vie est actif.<\/span><br \/>\n<span style=\"font-family: Arial, Helvetica, sans-serif;\">Lorsque cette option est activ\u00e9e, chaque client qui est amen\u00e9 sur votre site par un affili\u00e9 recevra des commissions \u00e0 vie sur toutes ses ventes.  <\/span><br \/>\n<span style=\"font-family: Arial, Helvetica, sans-serif;\">Le partenaire \u00e0 vie n\u2019est attribu\u00e9 que lorsque le client passe une commande  <\/span><\/p>\n","protected":false},"excerpt":{"rendered":"<p>Devenez notre partenaire affili\u00e9 d\u00e8s maintenant ! \u00cates-vous int\u00e9ress\u00e9 par nos produits&nbsp;? Avez-vous votre propre site Web ou vos propres canaux de m\u00e9dias sociaux qui sont r\u00e9guli\u00e8rement visit\u00e9s ? Alors travaillons ensemble ! Gr\u00e2ce \u00e0 notre programme de partenariat d\u2019affiliation, vous pouvez commercialiser tous les articles r\u00e9pertori\u00e9s sur notre boutique sous shop.edv-cad.de . Dans notre [&hellip;]<\/p>\n","protected":false},"author":1,"featured_media":0,"parent":0,"menu_order":0,"comment_status":"closed","ping_status":"closed","template":"","meta":{"footnotes":""},"class_list":["post-2668","page","type-page","status-publish","hentry"],"_links":{"self":[{"href":"https:\/\/mregio.de\/fr\/wp-json\/wp\/v2\/pages\/2668","targetHints":{"allow":["GET"]}}],"collection":[{"href":"https:\/\/mregio.de\/fr\/wp-json\/wp\/v2\/pages"}],"about":[{"href":"https:\/\/mregio.de\/fr\/wp-json\/wp\/v2\/types\/page"}],"author":[{"embeddable":true,"href":"https:\/\/mregio.de\/fr\/wp-json\/wp\/v2\/users\/1"}],"replies":[{"embeddable":true,"href":"https:\/\/mregio.de\/fr\/wp-json\/wp\/v2\/comments?post=2668"}],"version-history":[{"count":0,"href":"https:\/\/mregio.de\/fr\/wp-json\/wp\/v2\/pages\/2668\/revisions"}],"wp:attachment":[{"href":"https:\/\/mregio.de\/fr\/wp-json\/wp\/v2\/media?parent=2668"}],"curies":[{"name":"wp","href":"https:\/\/api.w.org\/{rel}","templated":true}]}}