{"id":1844,"date":"2023-07-31T12:20:40","date_gmt":"2023-07-31T10:20:40","guid":{"rendered":"https:\/\/mregio.de\/dementi\/"},"modified":"2024-11-14T11:52:39","modified_gmt":"2024-11-14T10:52:39","slug":"dementi","status":"publish","type":"page","link":"https:\/\/mregio.de\/fr\/legal\/dementi\/","title":{"rendered":"D\u00e9menti"},"content":{"rendered":"\n<p>Les informations fournies sur mregio.de sont destin\u00e9es \u00e0 des fins d\u2019information g\u00e9n\u00e9rale uniquement.<\/p>\n\n<p>Notre logiciel est fourni uniquement \u00e0 des fins d\u2019information et d\u2019illustration. Bien que nous nous efforcions d\u2019assurer l\u2019exactitude et la fiabilit\u00e9, la sortie du logiciel ne doit pas \u00eatre consid\u00e9r\u00e9e comme une repr\u00e9sentation exacte du produit final. Il est recommand\u00e9 de v\u00e9rifier toutes les mesures et conceptions avec un professionnel avant de proc\u00e9der \u00e0 tout achat.<\/p>\n\n<p>Notre site Web fournit un logiciel de conception d\u2019armoires en ligne \u00ab\u00a0tel quel\u00a0\u00bb, sans aucune garantie expresse ou implicite. En utilisant le logiciel, vous acceptez de le faire \u00e0 vos propres risques, et nous ne donnons aucune garantie quant \u00e0 ses performances, son exactitude ou son ad\u00e9quation \u00e0 vos besoins sp\u00e9cifiques.<\/p>\n\n<p>Toutes les d\u00e9cisions prises en fonction de la sortie du logiciel sont prises \u00e0 vos propres risques, et nous vous encourageons \u00e0 consulter un concepteur d\u2019armoires qualifi\u00e9 ou d\u2019autres professionnels pertinents pour \u00e9valuer vos besoins et exigences sp\u00e9cifiques.<\/p>\n\n<p>Les utilisateurs du logiciel de conception d\u2019armoires sont responsables de leurs actions et de leurs conceptions. Vous assumez l\u2019enti\u00e8re responsabilit\u00e9 de l\u2019exactitude, de la pertinence et de la l\u00e9galit\u00e9 des conceptions cr\u00e9\u00e9es \u00e0 l\u2019aide de notre logiciel. Nous ne serons pas responsables des dommages directs ou indirects r\u00e9sultant de l\u2019utilisation ou de la mauvaise utilisation du logiciel.<\/p>\n\n<p>Les utilisateurs du logiciel de conception d\u2019armoires sont responsables de leurs actions et de leurs conceptions. Vous assumez l\u2019enti\u00e8re responsabilit\u00e9 de l\u2019exactitude, de la pertinence et de la l\u00e9galit\u00e9 des conceptions cr\u00e9\u00e9es \u00e0 l\u2019aide de notre logiciel. Nous ne serons pas responsables des dommages directs ou indirects r\u00e9sultant de l\u2019utilisation ou de la mauvaise utilisation du logiciel.<\/p>\n\n<p>Les utilisateurs du logiciel de conception d\u2019armoires sont responsables de leurs actions et de leurs conceptions. Vous assumez l\u2019enti\u00e8re responsabilit\u00e9 de l\u2019exactitude, de la pertinence et de la l\u00e9galit\u00e9 des conceptions cr\u00e9\u00e9es \u00e0 l\u2019aide de notre logiciel. Nous ne serons pas responsables des dommages directs ou indirects r\u00e9sultant de l\u2019utilisation ou de la mauvaise utilisation du logiciel. En utilisant notre logiciel de conception d\u2019armoires en ligne, vous reconnaissez avoir lu et compris cette clause de non-responsabilit\u00e9 et en accepter les termes. Si vous n\u2019\u00eates pas d\u2019accord avec une partie de cette clause de non-responsabilit\u00e9, veuillez vous abstenir d\u2019utiliser le logiciel.<\/p>\n\n<p>Nous nous r\u00e9servons le droit de modifier, mettre \u00e0 jour ou supprimer tout contenu ou service fourni sur mregio.de sans pr\u00e9avis.<\/p>\n\n<p>En utilisant ce site Web, vous reconnaissez et acceptez les conditions g\u00e9n\u00e9rales, cette clause de non-responsabilit\u00e9 et d\u2019autres politiques. Si vous n\u2019\u00eates pas d\u2019accord avec les conditions et la clause de non-responsabilit\u00e9, veuillez vous abstenir d\u2019utiliser notre site Web.<\/p>\n\n<p>Derni\u00e8re MAJ: 31.07.2023<\/p>\n","protected":false},"excerpt":{"rendered":"<p>Les informations fournies sur mregio.de sont destin\u00e9es \u00e0 des fins d\u2019information g\u00e9n\u00e9rale uniquement. Notre logiciel est fourni uniquement \u00e0 des fins d\u2019information et d\u2019illustration. Bien que nous nous efforcions d\u2019assurer l\u2019exactitude et la fiabilit\u00e9, la sortie du logiciel ne doit pas \u00eatre consid\u00e9r\u00e9e comme une repr\u00e9sentation exacte du produit final. Il est recommand\u00e9 de v\u00e9rifier [&hellip;]<\/p>\n","protected":false},"author":4,"featured_media":0,"parent":10673,"menu_order":0,"comment_status":"closed","ping_status":"closed","template":"","meta":{"footnotes":""},"class_list":["post-1844","page","type-page","status-publish","hentry"],"_links":{"self":[{"href":"https:\/\/mregio.de\/fr\/wp-json\/wp\/v2\/pages\/1844","targetHints":{"allow":["GET"]}}],"collection":[{"href":"https:\/\/mregio.de\/fr\/wp-json\/wp\/v2\/pages"}],"about":[{"href":"https:\/\/mregio.de\/fr\/wp-json\/wp\/v2\/types\/page"}],"author":[{"embeddable":true,"href":"https:\/\/mregio.de\/fr\/wp-json\/wp\/v2\/users\/4"}],"replies":[{"embeddable":true,"href":"https:\/\/mregio.de\/fr\/wp-json\/wp\/v2\/comments?post=1844"}],"version-history":[{"count":1,"href":"https:\/\/mregio.de\/fr\/wp-json\/wp\/v2\/pages\/1844\/revisions"}],"predecessor-version":[{"id":10755,"href":"https:\/\/mregio.de\/fr\/wp-json\/wp\/v2\/pages\/1844\/revisions\/10755"}],"up":[{"embeddable":true,"href":"https:\/\/mregio.de\/fr\/wp-json\/wp\/v2\/pages\/10673"}],"wp:attachment":[{"href":"https:\/\/mregio.de\/fr\/wp-json\/wp\/v2\/media?parent=1844"}],"curies":[{"name":"wp","href":"https:\/\/api.w.org\/{rel}","templated":true}]}}