{"id":10657,"date":"2024-11-14T11:08:47","date_gmt":"2024-11-14T10:08:47","guid":{"rendered":"https:\/\/mregio.de\/dementi-2\/"},"modified":"2024-11-14T11:11:35","modified_gmt":"2024-11-14T10:11:35","slug":"dementi-2","status":"publish","type":"page","link":"https:\/\/mregio.de\/fr\/legal\/dementi-2\/","title":{"rendered":"D\u00e9menti"},"content":{"rendered":"\n<p>En utilisant le <a href=\"https:\/\/mregio.de\/fr\/\">site Web mregio\/<\/a> (le \u00ab Site Web \u00bb) et les fonctionnalit\u00e9s de conception de notre logiciel de conception (le \u00ab Logiciel \u00bb) mises \u00e0 disposition par le biais du site Web, y compris, mais sans s\u2019y limiter, la possibilit\u00e9 de t\u00e9l\u00e9charger du contenu tel que des ic\u00f4nes, des textures (images ou tout autre contenu, par exemple du contenu graphique), vous reconnaissez et acceptez ce qui suit :<\/p>\n\n<p>Vous, l\u2019Utilisateur, \u00eates seul responsable de tout le contenu que vous t\u00e9l\u00e9chargez sur le Site Web et le Logiciel ou que vous int\u00e9grez dans vos conceptions, y compris, mais sans s\u2019y limiter, les images et les ic\u00f4nes (collectivement, le \u00ab Contenu t\u00e9l\u00e9charg\u00e9 \u00bb). Vous d\u00e9clarez et garantissez que vous poss\u00e9dez tous les droits de propri\u00e9t\u00e9 intellectuelle sur ce Contenu t\u00e9l\u00e9charg\u00e9 ou que vous avez obtenu toutes les licences, consentements ou autorisations n\u00e9cessaires au t\u00e9l\u00e9chargement et \u00e0 l\u2019utilisation licites de ce Contenu sur le Site. <\/p>\n\n<h2 class=\"wp-block-heading\"><strong>Droits de propri\u00e9t\u00e9 intellectuelle (DPI) et concession de licences<\/strong><\/h2>\n\n<p>En t\u00e9l\u00e9chargeant du contenu, vous d\u00e9clarez que votre contenu t\u00e9l\u00e9charg\u00e9 n\u2019enfreint aucun droit de propri\u00e9t\u00e9 intellectuelle d\u2019un tiers, y compris, mais sans s\u2019y limiter, les droits d\u2019auteur, les marques de commerce ou les brevets. Vous garantissez \u00e9galement que votre contenu n\u2019enfreint aucune licence, loi ou r\u00e9glementation applicable, y compris, mais sans s\u2019y limiter, les lois locales, nationales ou internationales sur la propri\u00e9t\u00e9 intellectuelle, la confidentialit\u00e9 ou les contrats. Nous ne surveillons pas activement ou n\u2019examinons pas le contenu t\u00e9l\u00e9charg\u00e9 par les utilisateurs pour v\u00e9rifier sa conformit\u00e9 aux lois sur la propri\u00e9t\u00e9 intellectuelle ou \u00e0 d\u2019autres exigences l\u00e9gales. La responsabilit\u00e9 de s\u2019assurer que le contenu t\u00e9l\u00e9charg\u00e9 est l\u00e9gal, n\u2019enfreint pas les droits et fait l\u2019objet d\u2019une licence appropri\u00e9e incombe uniquement \u00e0 vous, l\u2019utilisateur.   <\/p>\n\n<h2 class=\"wp-block-heading\"><strong>R\u00e9clamations de tiers<\/strong><\/h2>\n\n<p>En cas de r\u00e9clamation ou d\u2019action contre le site Web ou ses op\u00e9rateurs en raison du contenu t\u00e9l\u00e9charg\u00e9 par les utilisateurs, l\u2019utilisateur s\u2019engage \u00e0 indemniser et \u00e0 d\u00e9gager de toute responsabilit\u00e9 la soci\u00e9t\u00e9, ses soci\u00e9t\u00e9s affili\u00e9es et ses employ\u00e9s de tout dommage, responsabilit\u00e9 ou frais de justice.<\/p>\n\n<h2 class=\"wp-block-heading\"><strong>Limitation de responsabilit\u00e9<\/strong><\/h2>\n\n<p>En aucun cas, le site Web, ses propri\u00e9taires, employ\u00e9s, filiales ou partenaires ne pourront \u00eatre tenus responsables de toute r\u00e9clamation, dommage ou action en justice d\u00e9coulant du contenu t\u00e9l\u00e9charg\u00e9 par les utilisateurs. Cela inclut, mais sans s\u2019y limiter, les r\u00e9clamations li\u00e9es \u00e0 la violation du droit d\u2019auteur, \u00e0 la violation de la marque de commerce ou \u00e0 l\u2019utilisation ill\u00e9gale du contenu t\u00e9l\u00e9charg\u00e9, y compris les images ou les ic\u00f4nes dans les conceptions de meubles cr\u00e9\u00e9es \u00e0 l\u2019aide du Site. <\/p>\n\n<h2 class=\"wp-block-heading\"><strong>Compensation<\/strong><\/h2>\n\n<p>Vous acceptez d\u2019indemniser et de d\u00e9gager de toute responsabilit\u00e9 le Site, ses propri\u00e9taires, ses soci\u00e9t\u00e9s affili\u00e9es et ses employ\u00e9s contre toutes les r\u00e9clamations, responsabilit\u00e9s, pertes, dommages et d\u00e9penses (y compris les honoraires d\u2019avocat raisonnables) d\u00e9coulant de ou en relation avec l\u2019un des \u00e9l\u00e9ments suivants<\/p>\n\n<ol class=\"wp-block-list\">\n<li>Toute violation de vos d\u00e9clarations et garanties concernant le Contenu t\u00e9l\u00e9charg\u00e9 ;<\/li>\n\n\n\n<li>Toute utilisation du Site Web ou du Logiciel de conception en violation de toute loi applicable ou des droits d\u2019un tiers ; ou<\/li>\n\n\n\n<li>Tout litige ou r\u00e9clamation d\u2019un tiers concernant votre Contenu t\u00e9l\u00e9charg\u00e9.<\/li>\n<\/ol>\n\n<p>Nous nous r\u00e9servons le droit de modifier ou de mettre \u00e0 jour cette clause de non-responsabilit\u00e9 sans pr\u00e9avis. En utilisant ce site Web et le logiciel, vous acceptez d\u2019\u00eatre li\u00e9 par les conditions g\u00e9n\u00e9rales, la pr\u00e9sente clause de non-responsabilit\u00e9 et d\u2019autres politiques. Si vous n\u2019\u00eates pas d\u2019accord avec les conditions d\u2019utilisation et la clause de non-responsabilit\u00e9, veuillez ne pas utiliser notre site Web et\/ou notre logiciel.  <\/p>\n","protected":false},"excerpt":{"rendered":"<p>En utilisant le site Web mregio\/ (le \u00ab Site Web \u00bb) et les fonctionnalit\u00e9s de conception de notre logiciel de conception (le \u00ab Logiciel \u00bb) mises \u00e0 disposition par le biais du site Web, y compris, mais sans s\u2019y limiter, la possibilit\u00e9 de t\u00e9l\u00e9charger du contenu tel que des ic\u00f4nes, des textures (images ou tout [&hellip;]<\/p>\n","protected":false},"author":4,"featured_media":0,"parent":10673,"menu_order":0,"comment_status":"closed","ping_status":"closed","template":"","meta":{"footnotes":""},"class_list":["post-10657","page","type-page","status-publish","hentry"],"_links":{"self":[{"href":"https:\/\/mregio.de\/fr\/wp-json\/wp\/v2\/pages\/10657","targetHints":{"allow":["GET"]}}],"collection":[{"href":"https:\/\/mregio.de\/fr\/wp-json\/wp\/v2\/pages"}],"about":[{"href":"https:\/\/mregio.de\/fr\/wp-json\/wp\/v2\/types\/page"}],"author":[{"embeddable":true,"href":"https:\/\/mregio.de\/fr\/wp-json\/wp\/v2\/users\/4"}],"replies":[{"embeddable":true,"href":"https:\/\/mregio.de\/fr\/wp-json\/wp\/v2\/comments?post=10657"}],"version-history":[{"count":1,"href":"https:\/\/mregio.de\/fr\/wp-json\/wp\/v2\/pages\/10657\/revisions"}],"predecessor-version":[{"id":10663,"href":"https:\/\/mregio.de\/fr\/wp-json\/wp\/v2\/pages\/10657\/revisions\/10663"}],"up":[{"embeddable":true,"href":"https:\/\/mregio.de\/fr\/wp-json\/wp\/v2\/pages\/10673"}],"wp:attachment":[{"href":"https:\/\/mregio.de\/fr\/wp-json\/wp\/v2\/media?parent=10657"}],"curies":[{"name":"wp","href":"https:\/\/api.w.org\/{rel}","templated":true}]}}