{"id":916,"date":"2020-12-10T17:47:54","date_gmt":"2020-12-10T16:47:54","guid":{"rendered":"https:\/\/mregio.de\/impresion\/"},"modified":"2024-11-14T11:12:45","modified_gmt":"2024-11-14T10:12:45","slug":"impresion","status":"publish","type":"page","link":"https:\/\/mregio.de\/es\/legal\/impresion\/","title":{"rendered":"Impresi\u00f3n"},"content":{"rendered":"<header class=\"entry-header\">\n<h1 class=\"entry-title\">Impresi\u00f3n<\/h1>\n<\/header>\n<div class=\"entry-content\">\n<p>Esta es nuestra huella. Aqu\u00ed encontrar\u00e1 toda la informaci\u00f3n relevante y legal sobre la identificaci\u00f3n de nuestro proveedor.<\/p>\n<h2><span id=\"angaben_gemass_5_tmg\">Informaci\u00f3n seg\u00fan \u00a7 5 TMG<\/span><\/h2>\n<p>edv &amp; cad group<br \/>\nBuchbichl 38<br \/>\n83737 Irschenberg<\/p>\n<h2><span id=\"kontakt\">Contacto<\/span><\/h2>\n<p>Tel.  <a href=\"http:\/\/Tel:008025995969\">Tel\u00e9fono: +49 (0)8025 995969<\/a><br \/>\nFax +49 (0)8025 995970<\/p>\n<p><a href=\"mailto:info@edv-cad.de\">info@edv-cad.de<\/a><\/p>\n<h2><span id=\"verantwortlich_fur_den_inhalt_nach_55_abs_2_rstv\">Responsable del contenido de acuerdo con el \u00a7 55 Abs. 2 RStV<\/span><\/h2>\n<p>Hannes Ellmeier<\/p>\n<h2><span id=\"eu-streitschlichtung\">Soluci\u00f3n de diferencias de la UE<\/span><\/h2>\n<p>La Comisi\u00f3n Europea proporciona una plataforma para la resoluci\u00f3n de litigios en l\u00ednea (ODR): <a href=\"https:\/\/ec.europa.eu\/consumers\/odr\/main\/index.cfm\" target=\"_blank\" rel=\"noopener noreferrer nofollow\">https:\/\/ec.europa.eu\/consumers\/odr\/main\/index.cfm<\/a><br \/>\nPuede encontrar nuestra direcci\u00f3n de correo electr\u00f3nico en la parte superior del pie de imprenta.<\/p>\n<h2><span id=\"verbraucherstreitbeilegunguniversalschlichtungsstelle\">Resoluci\u00f3n de Controversias del Consumidor\/Organismo de Arbitraje Universal<\/span><\/h2>\n<p>No estamos dispuestos ni obligados a participar en procedimientos de resoluci\u00f3n de disputas ante una junta arbitral de consumo.<\/p>\n<h2><span id=\"haftung_fur_inhalte\">Responsabilidad por el contenido<\/span><\/h2>\n<p>Como proveedor de servicios, estamos obligados a cumplir con el \u00a7 7 p\u00e1rr. 1 TMG es responsable de su propio contenido en estas p\u00e1ginas de acuerdo con las leyes generales. Sin embargo, de acuerdo con los \u00a7\u00a7 8 a 10 de la TMG, nosotros, como proveedores de servicios, no estamos obligados a supervisar la informaci\u00f3n de terceros transmitida o almacenada ni a investigar circunstancias que indiquen una actividad ilegal.<\/p>\n<p>Las obligaciones de eliminar o bloquear el uso de la informaci\u00f3n de acuerdo con las leyes generales no se ven afectadas. Sin embargo, la responsabilidad en este sentido solo es posible a partir del momento en que se tiene conocimiento de una infracci\u00f3n espec\u00edfica. Si tenemos conocimiento de tales infracciones, eliminaremos este contenido de inmediato. Las obligaciones de eliminar o bloquear el uso de la informaci\u00f3n de acuerdo con las leyes generales no se ven afectadas. Sin embargo, la responsabilidad en este sentido solo es posible a partir del momento en que se tiene conocimiento de una infracci\u00f3n espec\u00edfica. Si tenemos conocimiento de tales infracciones, eliminaremos este contenido de inmediato.<\/p>\n<h2><span id=\"haftung_fur_links\">Responsabilidad de los enlaces<\/span><\/h2>\n<p>Nuestro sitio web contiene enlaces a sitios web externos de terceros, sobre cuyo contenido no tenemos ninguna influencia. Por lo tanto, no podemos asumir ninguna responsabilidad por estos contenidos de terceros. El respectivo proveedor u operador de las p\u00e1ginas es siempre responsable del contenido de las p\u00e1ginas enlazadas. En el momento de la vinculaci\u00f3n, se comprob\u00f3 la existencia de posibles infracciones legales en las p\u00e1ginas enlazadas. El contenido ilegal no era reconocible en el momento de la vinculaci\u00f3n.<\/p>\n<p>Sin embargo, un control permanente del contenido de las p\u00e1ginas enlazadas no es razonable sin indicios concretos de una violaci\u00f3n de la ley. Si tenemos conocimiento de alguna infracci\u00f3n legal, eliminaremos dichos enlaces de inmediato.<\/p>\n<h2><span id=\"urheberrecht\">Derechos de autor<\/span><\/h2>\n<p>El contenido y las obras creadas por los operadores del sitio en estas p\u00e1ginas est\u00e1n sujetos a la ley alemana de derechos de autor. La reproducci\u00f3n, edici\u00f3n, distribuci\u00f3n y cualquier tipo de explotaci\u00f3n fuera de los l\u00edmites de la ley de derechos de autor requieren el consentimiento por escrito del respectivo autor o creador. Las descargas y copias de este sitio solo est\u00e1n permitidas para uso privado y no comercial. En la medida en que el contenido de esta p\u00e1gina no haya sido creado por el operador, se respetan los derechos de autor de terceros. En particular, los contenidos de terceros se marcar\u00e1n como tales. No obstante, si tiene conocimiento de una infracci\u00f3n de los derechos de autor, le rogamos que nos lo comunique. Si tenemos conocimiento de alguna infracci\u00f3n legal, eliminaremos dicho contenido de inmediato.<\/p>\n<\/div>\n","protected":false},"excerpt":{"rendered":"<p>Impresi\u00f3n Esta es nuestra huella. Aqu\u00ed encontrar\u00e1 toda la informaci\u00f3n relevante y legal sobre la identificaci\u00f3n de nuestro proveedor. Informaci\u00f3n seg\u00fan \u00a7 5 TMG edv &amp; cad group Buchbichl 38 83737 Irschenberg Contacto Tel. Tel\u00e9fono: +49 (0)8025 995969 Fax +49 (0)8025 995970 info@edv-cad.de Responsable del contenido de acuerdo con el \u00a7 55 Abs. 2 RStV [&hellip;]<\/p>\n","protected":false},"author":4,"featured_media":0,"parent":10677,"menu_order":0,"comment_status":"closed","ping_status":"closed","template":"","meta":{"footnotes":""},"class_list":["post-916","page","type-page","status-publish","hentry"],"_links":{"self":[{"href":"https:\/\/mregio.de\/es\/wp-json\/wp\/v2\/pages\/916","targetHints":{"allow":["GET"]}}],"collection":[{"href":"https:\/\/mregio.de\/es\/wp-json\/wp\/v2\/pages"}],"about":[{"href":"https:\/\/mregio.de\/es\/wp-json\/wp\/v2\/types\/page"}],"author":[{"embeddable":true,"href":"https:\/\/mregio.de\/es\/wp-json\/wp\/v2\/users\/4"}],"replies":[{"embeddable":true,"href":"https:\/\/mregio.de\/es\/wp-json\/wp\/v2\/comments?post=916"}],"version-history":[{"count":1,"href":"https:\/\/mregio.de\/es\/wp-json\/wp\/v2\/pages\/916\/revisions"}],"predecessor-version":[{"id":10686,"href":"https:\/\/mregio.de\/es\/wp-json\/wp\/v2\/pages\/916\/revisions\/10686"}],"up":[{"embeddable":true,"href":"https:\/\/mregio.de\/es\/wp-json\/wp\/v2\/pages\/10677"}],"wp:attachment":[{"href":"https:\/\/mregio.de\/es\/wp-json\/wp\/v2\/media?parent=916"}],"curies":[{"name":"wp","href":"https:\/\/api.w.org\/{rel}","templated":true}]}}