{"id":883,"date":"2020-09-28T17:46:59","date_gmt":"2020-09-28T15:46:59","guid":{"rendered":"https:\/\/mregio.de\/preguntas-frecuentes\/"},"modified":"2024-03-04T04:48:07","modified_gmt":"2024-03-04T03:48:07","slug":"preguntas-frecuentes","status":"publish","type":"page","link":"https:\/\/mregio.de\/es\/preguntas-frecuentes\/","title":{"rendered":"Preguntas frecuentes"},"content":{"rendered":"<div  class=\"ewd-ufaq-faq-list ewd-ufaq-page-type-load_more ewd-ufaq-category-tabs- ewd-ufaq-faq-category-title-accordion\" id='ewd-ufaq-faq-list'>\n\n\t<input type='hidden' name='show_on_load' value='' id='ewd-ufaq-show-on-load' \/>\n<input type='hidden' name='include_category' value='' id='ewd-ufaq-include-category' \/>\n<input type='hidden' name='exclude_category' value='' id='ewd-ufaq-exclude-category' \/>\n<input type='hidden' name='orderby' value='date' id='ewd-ufaq-orderby' \/>\n<input type='hidden' name='order' value='desc' id='ewd-ufaq-order' \/>\n<input type='hidden' name='post_count' value='-1' id='ewd-ufaq-post-count' \/>\n<input type='hidden' name='current_url' value='\/es\/wp-json\/wp\/v2\/pages\/883' id='ewd-ufaq-current-url' \/>\n\t\n\t\n\t<div class='ewd-ufaq-faqs'>\n\n\t\t<div  class=\"ewd-ufaq-faq-div ewd-ufaq-faq-column-count-one ewd-ufaq-faq-responsive-columns- ewd-ufaq-faq-display-style-default ewd-ufaq-can-be-toggled\" id='ewd-ufaq-post-1022-2OhGYyKXfS' data-post_id='1022'>\n\n\t\t\n\t<div class='ewd-ufaq-faq-title ewd-ufaq-faq-toggle'>\n\t\n\t<a class='ewd-ufaq-post-margin'  href='#' role=\"button\">\n\n\t\t<div class='ewd-ufaq-post-margin-symbol ewd-ufaq-square'>\n\t\t\t<span >a<\/span>\n\t\t<\/div>\n\n\t\t<div class='ewd-ufaq-faq-title-text'>\n\n\t\t\t<h4>\n\t\t\t\t\u00bfCu\u00e1ndo est\u00e1 disponible el planificador de gabinetes MRegio?\t\t\t<\/h4>\n\n\t\t<\/div>\n\n\t\t<div class='ewd-ufaq-clear'><\/div>\n\n\t<\/a>\n\t\n<\/div>\n\t\n\t<div class='ewd-ufaq-faq-body ewd-ufaq-hidden' >\n\n\t\t\n\t\t\t\n\t\t\n\t\t\t<div class='ewd-ufaq-post-margin ewd-ufaq-faq-post'>\n\tEl planificador de muebles en l\u00ednea MRegio est\u00e1 disponible desde el 27.10.2023.\n\nTe mantendremos al d\u00eda de las \u00faltimas noticias sobre el planificador de muebles en nuestro blog de noticias.<\/div>\n\t\t\n\t\t\t<div class='ewd-ufaq-faq-custom-fields'>\n\n\t\n<\/div>\n\t\t\n\t\t\t\n\t\t\n\t\t\t\n\t\t\n\t\t\t\n\t\t\n\t\t\t\n\t\t\n\t\t\t\n\t\t\n\t\t\t\n\t\t\n\t\t\t<div class='ewd-ufaq-back-to-top'>\n\t\n\t<a class='ewd-ufaq-back-to-top-link'>\n\t\tBack to Top\t<\/a>\n\n<\/div>\n\t\t\n\t<\/div>\n\n<\/div><div  class=\"ewd-ufaq-faq-div ewd-ufaq-faq-column-count-one ewd-ufaq-faq-responsive-columns- ewd-ufaq-faq-display-style-default ewd-ufaq-can-be-toggled\" id='ewd-ufaq-post-954-lawYW42m4D' data-post_id='954'>\n\n\t\t\n\t<div class='ewd-ufaq-faq-title ewd-ufaq-faq-toggle'>\n\t\n\t<a class='ewd-ufaq-post-margin'  href='#' role=\"button\">\n\n\t\t<div class='ewd-ufaq-post-margin-symbol ewd-ufaq-square'>\n\t\t\t<span >a<\/span>\n\t\t<\/div>\n\n\t\t<div class='ewd-ufaq-faq-title-text'>\n\n\t\t\t<h4>\n\t\t\t\t\u00bfPara qu\u00e9 grupos objetivo est\u00e1 dise\u00f1ado MRegio?\t\t\t<\/h4>\n\n\t\t<\/div>\n\n\t\t<div class='ewd-ufaq-clear'><\/div>\n\n\t<\/a>\n\t\n<\/div>\n\t\n\t<div class='ewd-ufaq-faq-body ewd-ufaq-hidden' >\n\n\t\t\n\t\t\t\n\t\t\n\t\t\t<div class='ewd-ufaq-post-margin ewd-ufaq-faq-post'>\n\t<ul>\n<li><span style=\"font-size: 14pt;font-family: arial, helvetica, sans-serif\">Para carpinteros, carpinteros, (interiores) arquitectos, tenderos, ferias, interioristas&#8230;<\/span><\/li>\n<li><span style=\"font-size: 14pt;font-family: arial, helvetica, sans-serif\">Para clientes privados, clientes comerciales, gastronom\u00eda, industria hotelera&#8230;<\/span><\/li>\n<li><span style=\"font-size: 14pt;font-family: arial, helvetica, sans-serif\">Para proveedores, decoraci\u00f3n, accesorios, fabricantes de placas&#8230;<\/span><\/li>\n<\/ul>\n<\/div>\n\t\t\n\t\t\t<div class='ewd-ufaq-faq-custom-fields'>\n\n\t\n<\/div>\n\t\t\n\t\t\t\n\t\t\n\t\t\t\n\t\t\n\t\t\t\n\t\t\n\t\t\t\n\t\t\n\t\t\t\n\t\t\n\t\t\t\t<div id=\"respond\" class=\"comment-respond\">\n\t\t<h3 id=\"reply-title\" class=\"comment-reply-title\">Deja una respuesta<\/h3><p class=\"must-log-in\">Lo siento, debes estar <a href=\"https:\/\/mregio.de\/wp-login.php?redirect_to=https%3A%2F%2Fmregio.de%2Fes%2Fufaqs%2Fpara-que-grupos-objetivo-esta-disenado-mregio%2F\">conectado<\/a> para publicar un comentario.<\/p>\t<\/div><!-- #respond -->\n\t\n\t\t\n\t\t\t<div class='ewd-ufaq-back-to-top'>\n\t\n\t<a class='ewd-ufaq-back-to-top-link'>\n\t\tBack to Top\t<\/a>\n\n<\/div>\n\t\t\n\t<\/div>\n\n<\/div><div  class=\"ewd-ufaq-faq-div ewd-ufaq-faq-column-count-one ewd-ufaq-faq-responsive-columns- ewd-ufaq-faq-display-style-default ewd-ufaq-can-be-toggled\" id='ewd-ufaq-post-945-9fzu6tzdxX' data-post_id='945'>\n\n\t\t\n\t<div class='ewd-ufaq-faq-title ewd-ufaq-faq-toggle'>\n\t\n\t<a class='ewd-ufaq-post-margin'  href='#' role=\"button\">\n\n\t\t<div class='ewd-ufaq-post-margin-symbol ewd-ufaq-square'>\n\t\t\t<span >a<\/span>\n\t\t<\/div>\n\n\t\t<div class='ewd-ufaq-faq-title-text'>\n\n\t\t\t<h4>\n\t\t\t\t\u00bfQu\u00e9 beneficios ofrece MRegio para carpinteros o arquitectos (interiores)?\t\t\t<\/h4>\n\n\t\t<\/div>\n\n\t\t<div class='ewd-ufaq-clear'><\/div>\n\n\t<\/a>\n\t\n<\/div>\n\t\n\t<div class='ewd-ufaq-faq-body ewd-ufaq-hidden' >\n\n\t\t\n\t\t\t\n\t\t\n\t\t\t<div class='ewd-ufaq-post-margin ewd-ufaq-faq-post'>\n\t<p><span style=\"font-size: 14pt;font-family: arial, helvetica, sans-serif\">Con el programa de planificaci\u00f3n en l\u00ednea, puede planificar y guardar f\u00e1cilmente sus dise\u00f1os en casa, sobre la marcha o directamente en el lugar del cliente.<\/span><\/p>\n<\/div>\n\t\t\n\t\t\t<div class='ewd-ufaq-faq-custom-fields'>\n\n\t\n<\/div>\n\t\t\n\t\t\t\n\t\t\n\t\t\t\n\t\t\n\t\t\t\n\t\t\n\t\t\t\n\t\t\n\t\t\t\n\t\t\n\t\t\t\t<div id=\"respond\" class=\"comment-respond\">\n\t\t<h3 id=\"reply-title\" class=\"comment-reply-title\">Deja una respuesta<\/h3><p class=\"must-log-in\">Lo siento, debes estar <a href=\"https:\/\/mregio.de\/wp-login.php?redirect_to=https%3A%2F%2Fmregio.de%2Fes%2Fufaqs%2Fque-beneficios-ofrece-mregio-para-carpinteros-o-arquitectos-interiores%2F\">conectado<\/a> para publicar un comentario.<\/p>\t<\/div><!-- #respond -->\n\t\n\t\t\n\t\t\t<div class='ewd-ufaq-back-to-top'>\n\t\n\t<a class='ewd-ufaq-back-to-top-link'>\n\t\tBack to Top\t<\/a>\n\n<\/div>\n\t\t\n\t<\/div>\n\n<\/div><div  class=\"ewd-ufaq-faq-div ewd-ufaq-faq-column-count-one ewd-ufaq-faq-responsive-columns- ewd-ufaq-faq-display-style-default ewd-ufaq-can-be-toggled\" id='ewd-ufaq-post-931-NOeHWqhgLt' data-post_id='931'>\n\n\t\t\n\t<div class='ewd-ufaq-faq-title ewd-ufaq-faq-toggle'>\n\t\n\t<a class='ewd-ufaq-post-margin'  href='#' role=\"button\">\n\n\t\t<div class='ewd-ufaq-post-margin-symbol ewd-ufaq-square'>\n\t\t\t<span >a<\/span>\n\t\t<\/div>\n\n\t\t<div class='ewd-ufaq-faq-title-text'>\n\n\t\t\t<h4>\n\t\t\t\t\u00bfC\u00f3mo pueden beneficiarse los artesanos, los proveedores de servicios y los fabricantes de MRegio?\t\t\t<\/h4>\n\n\t\t<\/div>\n\n\t\t<div class='ewd-ufaq-clear'><\/div>\n\n\t<\/a>\n\t\n<\/div>\n\t\n\t<div class='ewd-ufaq-faq-body ewd-ufaq-hidden' >\n\n\t\t\n\t\t\t\n\t\t\n\t\t\t<div class='ewd-ufaq-post-margin ewd-ufaq-faq-post'>\n\t<p><strong>\u00bfEs usted artesano, carpintero, taller, feria, instalador de interiores o planificador?<\/strong><\/p>\n<p>El planificador de muebles MRegio le apoya in situ o en las instalaciones del cliente en la fase de dise\u00f1o, as\u00ed como en el asesoramiento personal al cliente.<\/p>\n<p>Puede planificar r\u00e1pida y f\u00e1cilmente un mueble alto y muchos otros muebles para sus clientes in situ.<br \/>\nNuestro planificador de muebles de Internet es r\u00e1pido y f\u00e1cil de usar.<br \/>\nEn el menor tiempo posible, crear\u00e1 propuestas de planificaci\u00f3n significativas para los nuevos muebles para el hogar.<\/p>\n<p>Los dise\u00f1adores de interiores y dise\u00f1adores de interiores planifican y dise\u00f1an instalaciones individuales para y con sus clientes.<br \/>\nA diferencia de muchas otras herramientas de planificaci\u00f3n de gabinetes de Internet, le ofrecemos una herramienta para mostrar claramente m\u00faltiples muebles, gabinetes y estantes en su navegador web.<br \/>\nCon las situaciones reales de la habitaci\u00f3n, obtienes una impresi\u00f3n realista de c\u00f3mo se ver\u00e1 tu habitaci\u00f3n m\u00e1s adelante con los muebles hechos a mano de Internet.<\/p>\n<p><strong>Apoyo en la preparaci\u00f3n del trabajo y en la producci\u00f3n<\/strong><br \/>\nEn este punto, nuestro planificador de muebles de Internet apoya el proceso de preparaci\u00f3n del trabajo.<br \/>\nDeje que el artesano dibuje los muebles deseados con nuestro planificador de gabinetes en l\u00ednea.<br \/>\nSe crea un archivo a partir de estos muebles en segundo plano, que contiene toda la informaci\u00f3n para la producci\u00f3n.<\/p>\n<p>Nuestro planificador de muebles en l\u00ednea se centra en el dise\u00f1o de sus muebles.<br \/>\nLos detalles t\u00e9cnicos como ranura de pared posterior, empalmes, bordes o conexiones de esquina se asignan m\u00e1s tarde al cuerpo f\u00e1cilmente a trav\u00e9s de especificaciones.<br \/>\nLos planos creados se pueden importar a su programa CAD a trav\u00e9s de interfaces.<\/p>\n<p>Los clientes de nuestro software ElementsCAD pueden incluso importar muebles 1:1, mientras se conservan los par\u00e1metros completos.<\/p>\n<\/div>\n\t\t\n\t\t\t<div class='ewd-ufaq-faq-custom-fields'>\n\n\t\n<\/div>\n\t\t\n\t\t\t\n\t\t\n\t\t\t\n\t\t\n\t\t\t\n\t\t\n\t\t\t\n\t\t\n\t\t\t\n\t\t\n\t\t\t\n\t\t\n\t\t\t<div class='ewd-ufaq-back-to-top'>\n\t\n\t<a class='ewd-ufaq-back-to-top-link'>\n\t\tBack to Top\t<\/a>\n\n<\/div>\n\t\t\n\t<\/div>\n\n<\/div><div  class=\"ewd-ufaq-faq-div ewd-ufaq-faq-column-count-one ewd-ufaq-faq-responsive-columns- ewd-ufaq-faq-display-style-default ewd-ufaq-can-be-toggled\" id='ewd-ufaq-post-939-AAMJMn1R3K' data-post_id='939'>\n\n\t\t\n\t<div class='ewd-ufaq-faq-title ewd-ufaq-faq-toggle'>\n\t\n\t<a class='ewd-ufaq-post-margin'  href='#' role=\"button\">\n\n\t\t<div class='ewd-ufaq-post-margin-symbol ewd-ufaq-square'>\n\t\t\t<span >a<\/span>\n\t\t<\/div>\n\n\t\t<div class='ewd-ufaq-faq-title-text'>\n\n\t\t\t<h4>\n\t\t\t\t\u00bfQu\u00e9 distingue al planificador de muebles MRegio de otros planificadores de gabinetes en l\u00ednea?\t\t\t<\/h4>\n\n\t\t<\/div>\n\n\t\t<div class='ewd-ufaq-clear'><\/div>\n\n\t<\/a>\n\t\n<\/div>\n\t\n\t<div class='ewd-ufaq-faq-body ewd-ufaq-hidden' >\n\n\t\t\n\t\t\t\n\t\t\n\t\t\t<div class='ewd-ufaq-post-margin ewd-ufaq-faq-post'>\n\t<p><span style=\"font-size: 14pt;font-family: arial, helvetica, sans-serif\">Un criterio principal del planificador de muebles en l\u00ednea MRegio es el factor de diversi\u00f3n. Con nuestro planificador de gabinetes puede dise\u00f1ar los muebles de sus sue\u00f1os de una manera l\u00fadica. No es necesario introducir miles de par\u00e1metros.<\/span><\/p>\n<p><span style=\"font-size: 14pt;font-family: arial, helvetica, sans-serif\">A diferencia de la mayor\u00eda de los otros planificadores de gabinetes, puede dejar que su creatividad se vuelva loca con nosotros.<br \/>\nNos centramos en el aspecto de los muebles terminados.<\/span><\/p>\n<p><span style=\"font-size: 14pt;font-family: arial, helvetica, sans-serif\">No nos centramos en la dura asignaci\u00f3n de dimensiones y caracter\u00edsticas, sino en el dise\u00f1o creativo y l\u00fadico.<\/span><\/p>\n<p>\u00a0<\/p>\n<\/div>\n\t\t\n\t\t\t<div class='ewd-ufaq-faq-custom-fields'>\n\n\t\n<\/div>\n\t\t\n\t\t\t\n\t\t\n\t\t\t\n\t\t\n\t\t\t\n\t\t\n\t\t\t\n\t\t\n\t\t\t\n\t\t\n\t\t\t\n\t\t\n\t\t\t<div class='ewd-ufaq-back-to-top'>\n\t\n\t<a class='ewd-ufaq-back-to-top-link'>\n\t\tBack to Top\t<\/a>\n\n<\/div>\n\t\t\n\t<\/div>\n\n<\/div><div  class=\"ewd-ufaq-faq-div ewd-ufaq-faq-column-count-one ewd-ufaq-faq-responsive-columns- ewd-ufaq-faq-display-style-default ewd-ufaq-can-be-toggled\" id='ewd-ufaq-post-943-wTvs2NEFe3' data-post_id='943'>\n\n\t\t\n\t<div class='ewd-ufaq-faq-title ewd-ufaq-faq-toggle'>\n\t\n\t<a class='ewd-ufaq-post-margin'  href='#' role=\"button\">\n\n\t\t<div class='ewd-ufaq-post-margin-symbol ewd-ufaq-square'>\n\t\t\t<span >a<\/span>\n\t\t<\/div>\n\n\t\t<div class='ewd-ufaq-faq-title-text'>\n\n\t\t\t<h4>\n\t\t\t\t\u00bfQu\u00e9 dispositivos son compatibles?\t\t\t<\/h4>\n\n\t\t<\/div>\n\n\t\t<div class='ewd-ufaq-clear'><\/div>\n\n\t<\/a>\n\t\n<\/div>\n\t\n\t<div class='ewd-ufaq-faq-body ewd-ufaq-hidden' >\n\n\t\t\n\t\t\t\n\t\t\n\t\t\t<div class='ewd-ufaq-post-margin ewd-ufaq-faq-post'>\n\t<p><span style=\"font-size: 14pt;font-family: arial, helvetica, sans-serif\">El planificador de muebles en l\u00ednea requiere una conexi\u00f3n a Internet con un navegador de Internet.<br \/>\nInicialmente, el programa se puede <\/span><span style=\"font-size: 14pt;font-family: arial, helvetica, sans-serif\">ejecutar en PC de escritorio y Mac.<\/span><br \/>\n<span style=\"font-size: 14pt;font-family: arial, helvetica, sans-serif\">Una soluci\u00f3n sin conexi\u00f3n tambi\u00e9n es posible para Windows.<\/span><\/p>\n<p><span style=\"font-size: 14pt;font-family: arial, helvetica, sans-serif\">Se espera que una aplicaci\u00f3n para tel\u00e9fonos inteligentes est\u00e9 disponible a principios de 2024.<\/span><\/p>\n<p><span style=\"font-size: 14pt;font-family: arial, helvetica, sans-serif\">Nota: En los dispositivos Android, tambi\u00e9n puede cambiar a \u00abSitio web de escritorio\u00bb en la esquina superior derecha de su navegador.<br \/>\nDespu\u00e9s de eso, el planificador del gabinete debe comenzar.<\/span><\/p>\n<p><img fetchpriority=\"high\" decoding=\"async\" class=\"alignnone size-full wp-image-2754\" src=\"https:\/\/mregio.de\/wp-content\/uploads\/2023\/10\/faq-android-desktop-site.png\" alt=\"Preguntas frecuentes sobre el sitio de escritorio de Android\" width=\"209\" height=\"423\" title=\"\" srcset=\"https:\/\/mregio.de\/wp-content\/uploads\/2023\/10\/faq-android-desktop-site.png 209w, https:\/\/mregio.de\/wp-content\/uploads\/2023\/10\/faq-android-desktop-site-148x300.png 148w\" sizes=\"(max-width: 209px) 100vw, 209px\" \/><\/p>\n<\/div>\n\t\t\n\t\t\t<div class='ewd-ufaq-faq-custom-fields'>\n\n\t\n<\/div>\n\t\t\n\t\t\t\n\t\t\n\t\t\t\n\t\t\n\t\t\t\n\t\t\n\t\t\t\n\t\t\n\t\t\t\n\t\t\n\t\t\t\n\t\t\n\t\t\t<div class='ewd-ufaq-back-to-top'>\n\t\n\t<a class='ewd-ufaq-back-to-top-link'>\n\t\tBack to Top\t<\/a>\n\n<\/div>\n\t\t\n\t<\/div>\n\n<\/div><div  class=\"ewd-ufaq-faq-div ewd-ufaq-faq-column-count-one ewd-ufaq-faq-responsive-columns- ewd-ufaq-faq-display-style-default ewd-ufaq-can-be-toggled\" id='ewd-ufaq-post-949-IriJZhqwyc' data-post_id='949'>\n\n\t\t\n\t<div class='ewd-ufaq-faq-title ewd-ufaq-faq-toggle'>\n\t\n\t<a class='ewd-ufaq-post-margin'  href='#' role=\"button\">\n\n\t\t<div class='ewd-ufaq-post-margin-symbol ewd-ufaq-square'>\n\t\t\t<span >a<\/span>\n\t\t<\/div>\n\n\t\t<div class='ewd-ufaq-faq-title-text'>\n\n\t\t\t<h4>\n\t\t\t\t\u00bfC\u00f3mo funciona MRegio para clientes privados?\t\t\t<\/h4>\n\n\t\t<\/div>\n\n\t\t<div class='ewd-ufaq-clear'><\/div>\n\n\t<\/a>\n\t\n<\/div>\n\t\n\t<div class='ewd-ufaq-faq-body ewd-ufaq-hidden' >\n\n\t\t\n\t\t\t\n\t\t\n\t\t\t<div class='ewd-ufaq-post-margin ewd-ufaq-faq-post'>\n\t<p><strong><span style=\"font-family: Arial, Helvetica, sans-serif\">\u00bfEres un cliente particular?<\/span><\/strong><\/p>\n<p><span style=\"font-size: 14pt;font-family: arial, helvetica, sans-serif\">Con nuestro planificador de gabinetes en l\u00ednea, puede planificar sus muebles y enviar la planificaci\u00f3n por correo electr\u00f3nico a su carpintero cercano.<br \/>\nSobre la base de esta planificaci\u00f3n, puede procesar directamente m\u00e1s detalles y, en \u00faltima instancia, el pedido con el carpintero en cuesti\u00f3n.<\/span><\/p>\n<p><span style=\"font-size: 14pt;font-family: arial, helvetica, sans-serif\">En versiones posteriores, puede registrarse en l\u00ednea.<br \/>\n<\/span><span style=\"font-size: 14pt;font-family: arial, helvetica, sans-serif\">Despu\u00e9s de eso, se le mostrar\u00e1n carpinteros o proveedores de servicios adecuados en las cercan\u00edas seg\u00fan su c\u00f3digo postal.<\/span><\/p>\n<\/div>\n\t\t\n\t\t\t<div class='ewd-ufaq-faq-custom-fields'>\n\n\t\n<\/div>\n\t\t\n\t\t\t\n\t\t\n\t\t\t\n\t\t\n\t\t\t\n\t\t\n\t\t\t\n\t\t\n\t\t\t\n\t\t\n\t\t\t\n\t\t\n\t\t\t<div class='ewd-ufaq-back-to-top'>\n\t\n\t<a class='ewd-ufaq-back-to-top-link'>\n\t\tBack to Top\t<\/a>\n\n<\/div>\n\t\t\n\t<\/div>\n\n<\/div>\n\t<\/div>\n\n\t\n<\/div>\n","protected":false},"excerpt":{"rendered":"<p>A \u00bfC\u00f3mo funciona MRegio para clientes privados? \u00bfEres un cliente particular? Con nuestro planificador de gabinetes en l\u00ednea, puede planificar sus muebles y enviar la planificaci\u00f3n por correo electr\u00f3nico a su carpintero cercano. Sobre la base de esta planificaci\u00f3n, puede procesar directamente m\u00e1s detalles y, en \u00faltima instancia, el pedido con el carpintero en cuesti\u00f3n. [&hellip;]<\/p>\n","protected":false},"author":1,"featured_media":0,"parent":0,"menu_order":0,"comment_status":"closed","ping_status":"closed","template":"","meta":{"footnotes":""},"class_list":["post-883","page","type-page","status-publish","hentry"],"_links":{"self":[{"href":"https:\/\/mregio.de\/es\/wp-json\/wp\/v2\/pages\/883","targetHints":{"allow":["GET"]}}],"collection":[{"href":"https:\/\/mregio.de\/es\/wp-json\/wp\/v2\/pages"}],"about":[{"href":"https:\/\/mregio.de\/es\/wp-json\/wp\/v2\/types\/page"}],"author":[{"embeddable":true,"href":"https:\/\/mregio.de\/es\/wp-json\/wp\/v2\/users\/1"}],"replies":[{"embeddable":true,"href":"https:\/\/mregio.de\/es\/wp-json\/wp\/v2\/comments?post=883"}],"version-history":[{"count":0,"href":"https:\/\/mregio.de\/es\/wp-json\/wp\/v2\/pages\/883\/revisions"}],"wp:attachment":[{"href":"https:\/\/mregio.de\/es\/wp-json\/wp\/v2\/media?parent=883"}],"curies":[{"name":"wp","href":"https:\/\/api.w.org\/{rel}","templated":true}]}}