{"id":781,"date":"2020-10-01T07:47:45","date_gmt":"2020-10-01T05:47:45","guid":{"rendered":"https:\/\/mregio.de\/foro-mregio\/"},"modified":"2024-03-22T03:11:25","modified_gmt":"2024-03-22T02:11:25","slug":"foro-mregio","status":"publish","type":"page","link":"https:\/\/mregio.de\/es\/foro-mregio\/","title":{"rendered":"Foro"},"content":{"rendered":"<p>El Foro MRegio es una valiosa fuente para el intercambio de informaci\u00f3n para clientes privados, (interiores) arquitectos, carpinteros, planificadores, constructores de muebles o carpinteros.<br \/>\nReg\u00edstrese para crear sus propias cantidades y utilizar la funcionalidad completa del foro.<\/p>\n<p>Puede encontrar m\u00e1s informaci\u00f3n sobre c\u00f3mo usarlo en las reglas del <a href=\"https:\/\/mregio.de\/forum\/forenregeln\/\" target=\"_blank\" rel=\"noopener noreferrer\">foro.<\/a><\/p>\n<div id=\"af-wrapper\"><div id=\"forum-header\"><div id=\"forum-navigation-mobile\"><a><span class=\"fas fa-bars\"><\/span>Men\u00fa<\/a><\/div><span class=\"screen-reader-text\">Forum Navigation<\/span><div id=\"forum-navigation\"><a class=\"home-link\" href=\"https:\/\/mregio.de\/es\/forum\" target=\"_self\">Foro<\/a><a class=\"activity-link\" href=\"https:\/\/mregio.de\/es\/forum\/activity\/\" target=\"_self\">Actividad<\/a><\/div><div id=\"forum-search\"><span class=\"search-icon fas fa-search\"><\/span><form method=\"get\" action=\"https:\/\/mregio.de\/es\/forum\/search\/\"><input name=\"keywords\" type=\"search\" placeholder=\"Buscar ...\" value=\"\"><\/form><\/div><div class=\"clear\"><\/div><\/div><div id=\"forum-breadcrumbs\" itemscope itemtype=\"http:\/\/schema.org\/BreadcrumbList\"><span class=\"screen-reader-text\">Forum breadcrumbs - You are here:<\/span><span class=\"breadcrumb-icon fas fa-home\"><\/span><span itemprop=\"itemListElement\" itemscope itemtype=\"https:\/\/schema.org\/ListItem\"><a itemprop=\"item\" href=\"https:\/\/mregio.de\/es\/forum\" title=\"Forum MRegio\"><span itemprop=\"name\">Forum MRegio<\/span><\/a><meta itemprop=\"position\" content=\"1\"><\/span><span class=\"breadcrumb-icon fas fa-chevron-right separator\"><\/span><\/div><h1 class=\"main-title main-title-\">Forum MRegio<\/h1><div class=\"title-element\" id=\"forum-category-28\">Mitteilungen - Notifications<span class=\"last-post-headline\">\u00daltima publicaci\u00f3n<\/span><\/div><div class=\"content-container\"><div class=\"content-element forum\" id=\"forum-7\"><div class=\"forum-status read\"><i class=\"fas fa-comments\"><\/i><\/div><div class=\"forum-name\"><a class=\"forum-title\" href=\"https:\/\/mregio.de\/es\/forum\/forum\/elements-web\/\">Mitteilungen - Notifications<\/a><small class=\"forum-description\">Wichtige Mitteilungen des Herstellers - Important notifications from the manufacturer<\/small><small class=\"forum-stats\">0 debates&nbsp;&middot;&nbsp;0 publicaciones<\/small><small class=\"forum-lastpost-small\"><small class=\"no-topics\">\u00a1Sin temas todav\u00eda!<\/small><\/small><small class=\"forum-subforums\"><b>Subforos:<\/b>&nbsp;<a href=\"https:\/\/mregio.de\/es\/forum\/forum\/projekte\/\">DE<\/a>&nbsp;&middot;&nbsp;<a href=\"https:\/\/mregio.de\/es\/forum\/forum\/artikel\/\">US<\/a>&nbsp;&middot;&nbsp;<a href=\"https:\/\/mregio.de\/es\/forum\/forum\/sonstiges\/\">ES<\/a>&nbsp;&middot;&nbsp;<a href=\"https:\/\/mregio.de\/es\/forum\/forum\/fr-3\/\">FR<\/a>&nbsp;&middot;&nbsp;<a href=\"https:\/\/mregio.de\/es\/forum\/forum\/it-3\/\">IT<\/a><\/small><\/div><div class=\"forum-poster\"><small class=\"no-topics\">\u00a1Sin temas todav\u00eda!<\/small><\/div><\/div><\/div><div class=\"title-element\" id=\"forum-category-27\">Allgemein - Common<span class=\"last-post-headline\">\u00daltima publicaci\u00f3n<\/span><\/div><div class=\"content-container\"><div class=\"content-element forum\" id=\"forum-5\"><div class=\"forum-status unread\"><i class=\"fas fa-comments\"><\/i><\/div><div class=\"forum-name\"><a class=\"forum-title\" href=\"https:\/\/mregio.de\/es\/forum\/forum\/wichtige-mitteilungen-des-herstellers\/\">Allgemein - Common<\/a><small class=\"forum-description\">Allgemeine Anwenderfragen - Common user questions<\/small><small class=\"forum-stats\">1 debate&nbsp;&middot;&nbsp;1 publicaci\u00f3n<\/small><small class=\"forum-lastpost-small\">\u00daltima entrada:&nbsp;<a href=\"https:\/\/mregio.de\/es\/forum\/topic\/veroeffentlichung-link-zum-online-schrankplaner\/#postid-2\">Ver\u00f6ffentlichung \/ Link zum Online &#8230;<\/a>&nbsp;&middot;&nbsp;<a href=\"https:\/\/mregio.de\/es\/forum\/topic\/veroeffentlichung-link-zum-online-schrankplaner\/#postid-2\">hace 6 a\u00f1os<\/a>&nbsp;&middot;&nbsp;<a class=\"profile-link highlight-admin\" href=\"https:\/\/mregio.de\/es\/forum\/profile\/joel\/\">joel<\/a><\/small><small class=\"forum-subforums\"><b>Subforos:<\/b>&nbsp;<a href=\"https:\/\/mregio.de\/es\/forum\/forum\/de\/\">DE<\/a>&nbsp;&middot;&nbsp;<a href=\"https:\/\/mregio.de\/es\/forum\/forum\/us\/\">US<\/a>&nbsp;&middot;&nbsp;<a href=\"https:\/\/mregio.de\/es\/forum\/forum\/es\/\">ES<\/a>&nbsp;&middot;&nbsp;<a href=\"https:\/\/mregio.de\/es\/forum\/forum\/fr\/\">FR<\/a>&nbsp;&middot;&nbsp;<a href=\"https:\/\/mregio.de\/es\/forum\/forum\/it\/\">IT<\/a><\/small><\/div><div class=\"forum-poster\"><div class=\"forum-poster-summary\"><a href=\"https:\/\/mregio.de\/es\/forum\/topic\/veroeffentlichung-link-zum-online-schrankplaner\/#postid-2\">Ver\u00f6ffentlichung \/ Link z &#8230;<\/a><br><small><a href=\"https:\/\/mregio.de\/es\/forum\/topic\/veroeffentlichung-link-zum-online-schrankplaner\/#postid-2\">hace 6 a\u00f1os<\/a><span>&nbsp;&middot;&nbsp;<\/span><a class=\"profile-link highlight-admin\" href=\"https:\/\/mregio.de\/es\/forum\/profile\/joel\/\">joel<\/a><\/small><\/div><\/div><\/div><\/div><div class=\"title-element\" id=\"forum-category-29\">Online M\u00f6belplaner - Online furnishing planner<span class=\"last-post-headline\">\u00daltima publicaci\u00f3n<\/span><\/div><div class=\"content-container\"><div class=\"content-element forum\" id=\"forum-6\"><div class=\"forum-status read\"><i class=\"fas fa-comments\"><\/i><\/div><div class=\"forum-name\"><a class=\"forum-title\" href=\"https:\/\/mregio.de\/es\/forum\/forum\/online-schrankplaner\/\">Online Schrankplaner - Online cabinet maker<\/a><small class=\"forum-description\">Forum Online Schrankplaner - Online cabinet maker<\/small><small class=\"forum-stats\">0 debates&nbsp;&middot;&nbsp;0 publicaciones<\/small><small class=\"forum-lastpost-small\"><small class=\"no-topics\">\u00a1Sin temas todav\u00eda!<\/small><\/small><small class=\"forum-subforums\"><b>Subforos:<\/b>&nbsp;<a href=\"https:\/\/mregio.de\/es\/forum\/forum\/de-2\/\">DE<\/a>&nbsp;&middot;&nbsp;<a href=\"https:\/\/mregio.de\/es\/forum\/forum\/us-2\/\">US<\/a>&nbsp;&middot;&nbsp;<a href=\"https:\/\/mregio.de\/es\/forum\/forum\/es-2\/\">ES<\/a>&nbsp;&middot;&nbsp;<a href=\"https:\/\/mregio.de\/es\/forum\/forum\/fr-2\/\">FR<\/a>&nbsp;&middot;&nbsp;<a href=\"https:\/\/mregio.de\/es\/forum\/forum\/it-2\/\">IT<\/a><\/small><\/div><div class=\"forum-poster\"><small class=\"no-topics\">\u00a1Sin temas todav\u00eda!<\/small><\/div><\/div><\/div><div id=\"read-unread\"><span class=\"indicator unread\"><\/span><span class=\"indicator-label\">Nuevas publicaciones<\/span><span class=\"indicator read\"><\/span><span class=\"indicator-label\">Nada nuevo<\/span><span class=\"indicator-label\"><span class=\"fas fa-check\"><\/span><a href=\"https:\/\/mregio.de\/es\/forum\/markallread\/?_wpnonce=0347f7f87d\">Marcar todo como le\u00eddo<\/a><\/span><span class=\"indicator-label\"><span class=\"fas fa-history\"><\/span><a href=\"https:\/\/mregio.de\/es\/forum\/unread\/\">Mostrar los debates sin leer<\/a><\/span><div class=\"clear\"><\/div><\/div><div id=\"bottom-navigation\"><\/div><div class=\"clear\"><\/div><\/div>\n","protected":false},"excerpt":{"rendered":"<p>El Foro MRegio es una valiosa fuente para el intercambio de informaci\u00f3n para clientes privados, (interiores) arquitectos, carpinteros, planificadores, constructores de muebles o carpinteros. Reg\u00edstrese para crear sus propias cantidades y utilizar la funcionalidad completa del foro. Puede encontrar m\u00e1s informaci\u00f3n sobre c\u00f3mo usarlo en las reglas del foro.<\/p>\n","protected":false},"author":1,"featured_media":0,"parent":0,"menu_order":0,"comment_status":"closed","ping_status":"closed","template":"","meta":{"footnotes":""},"class_list":["post-781","page","type-page","status-publish","hentry"],"_links":{"self":[{"href":"https:\/\/mregio.de\/es\/wp-json\/wp\/v2\/pages\/781","targetHints":{"allow":["GET"]}}],"collection":[{"href":"https:\/\/mregio.de\/es\/wp-json\/wp\/v2\/pages"}],"about":[{"href":"https:\/\/mregio.de\/es\/wp-json\/wp\/v2\/types\/page"}],"author":[{"embeddable":true,"href":"https:\/\/mregio.de\/es\/wp-json\/wp\/v2\/users\/1"}],"replies":[{"embeddable":true,"href":"https:\/\/mregio.de\/es\/wp-json\/wp\/v2\/comments?post=781"}],"version-history":[{"count":1,"href":"https:\/\/mregio.de\/es\/wp-json\/wp\/v2\/pages\/781\/revisions"}],"predecessor-version":[{"id":10077,"href":"https:\/\/mregio.de\/es\/wp-json\/wp\/v2\/pages\/781\/revisions\/10077"}],"wp:attachment":[{"href":"https:\/\/mregio.de\/es\/wp-json\/wp\/v2\/media?parent=781"}],"curies":[{"name":"wp","href":"https:\/\/api.w.org\/{rel}","templated":true}]}}