{"id":2669,"date":"2023-10-23T11:30:27","date_gmt":"2023-10-23T09:30:27","guid":{"rendered":"https:\/\/mregio.de\/conviertete-en-socio\/"},"modified":"2023-10-25T15:13:57","modified_gmt":"2023-10-25T13:13:57","slug":"conviertete-en-socio","status":"publish","type":"page","link":"https:\/\/mregio.de\/es\/conviertete-en-socio\/","title":{"rendered":"Convi\u00e9rtase en un socio afiliado"},"content":{"rendered":"<h2><span style=\"font-family: Arial, Helvetica, sans-serif;\">\u00a1Convi\u00e9rtase en nuestro socio afiliado ahora!<\/span><\/h2>\n<p><span style=\"font-family: Arial, Helvetica, sans-serif;\">\u00bfEst\u00e1 interesado en nuestros productos?<\/span><\/p>\n<p><span style=\"font-family: Arial, Helvetica, sans-serif;\">\u00bfTiene su propio sitio web o canales de redes sociales que se visitan regularmente?  <\/span><\/p>\n<p><span style=\"font-family: Arial, Helvetica, sans-serif;\">\u00a1Entonces trabajemos juntos! A trav\u00e9s de nuestro programa de socios afiliados, puede comercializar todos los art\u00edculos que aparecen en nuestra tienda bajo <a href=\"https:\/\/shop.edv-cad.de\" target=\"_blank\" rel=\"noopener sponsored nofollow\">shop.edv-cad.de<\/a> .  <\/span><\/p>\n<p><span style=\"font-family: Arial, Helvetica, sans-serif;\">En nuestro surtido encontrar\u00e1 productos que carpinteros, planificadores, arquitectos (de interiores), instaladores de tiendas, ferias y montadores de interiores necesitan para su trabajo diario de oficina.<\/span><\/p>\n<p><span style=\"font-family: Arial, Helvetica, sans-serif;\">  Con nuestro programa de socios afiliados, puede ganar atractivas comisiones.  <\/span><\/p>\n<p><span style=\"font-family: Arial, Helvetica, sans-serif;\">Recibir\u00e1 una comisi\u00f3n de hasta el 40% por cada pedido confirmado, se pueden acordar otras condiciones.<\/span><\/p>\n<h3><strong><span style=\"font-family: Arial, Helvetica, sans-serif;\">\u00bfPor qu\u00e9 anunciarse como socio afiliado?<\/span><\/strong><\/h3>\n<ul>\n<li><span style=\"font-family: Arial, Helvetica, sans-serif;\"><span style=\"font-family: Arial, Helvetica, sans-serif;\">Inscripci\u00f3n y participaci\u00f3n f\u00e1cil y gratuita<\/span><\/span><\/li>\n<li><span style=\"font-family: Arial, Helvetica, sans-serif;\"><span style=\"font-family: Arial, Helvetica, sans-serif;\">El programa de afiliados se gestiona c\u00f3modamente a trav\u00e9s de nuestra plataforma de tienda<\/span><\/span><\/li>\n<li><span style=\"font-family: Arial, Helvetica, sans-serif;\"><span style=\"font-family: Arial, Helvetica, sans-serif;\">La tecnolog\u00eda de seguimiento probada garantiza que obtenga la comisi\u00f3n correcta<\/span><\/span><\/li>\n<li><span style=\"font-family: Arial, Helvetica, sans-serif;\"><span style=\"font-family: Arial, Helvetica, sans-serif;\">Acceso directo a anuncios de texto y banners publicitarios<\/span><\/span><\/li>\n<li><span style=\"font-family: Arial, Helvetica, sans-serif;\"><span style=\"font-family: Arial, Helvetica, sans-serif;\">Datos de alta calidad sobre todos los productos gestionados<\/span><\/span><\/li>\n<li><span style=\"font-family: Arial, Helvetica, sans-serif;\">Respuesta r\u00e1pida<\/span><\/li>\n<\/ul>\n<p>&nbsp;<\/p>\n<p><span style=\"text-decoration: underline; background-color: #99ccff; font-size: 24pt;\"><a style=\"background-color: #99ccff;\" href=\"https:\/\/shop.edv-cad.de\" target=\"_blank\" rel=\"noopener nofollow\"><span style=\"background-color: #99ccff;\"><strong><span style=\"font-family: Arial, Helvetica, sans-serif; color: #800000; text-decoration: underline;\">\u00a1S\u00ed, quiero participar!<\/span><\/strong><\/span><\/a><\/span><\/p>\n<ol>\n<li><span style=\"font-family: Arial, Helvetica, sans-serif;\">Reg\u00edstrese en <a href=\"https:\/\/shop.edv-cad.de\/de\/anmeldung\" target=\"_blank\" rel=\"noopener nofollow\">https:\/\/shop.edv-cad.de<\/a><\/span><\/li>\n<li><span style=\"font-family: Arial, Helvetica, sans-serif;\">Reg\u00edstrese y haga clic en el enlace del socio afiliado<\/span><span style=\"font-family: Arial, Helvetica, sans-serif;\"><img decoding=\"async\" class=\"alignnone size-medium wp-image-2657\" src=\"https:\/\/mregio.de\/wp-content\/uploads\/2023\/10\/Prestashop-become-partner-affiliate-software-interior-planungen-138x300.png\" alt=\"Prestashop-convi\u00e9rtete-en-socio-afiliado-software-planeaci\u00f3n-de-interiores\" width=\"138\" height=\"300\" title=\"\" srcset=\"https:\/\/mregio.de\/wp-content\/uploads\/2023\/10\/Prestashop-become-partner-affiliate-software-interior-planungen-138x300.png 138w, https:\/\/mregio.de\/wp-content\/uploads\/2023\/10\/Prestashop-become-partner-affiliate-software-interior-planungen-473x1024.png 473w, https:\/\/mregio.de\/wp-content\/uploads\/2023\/10\/Prestashop-become-partner-affiliate-software-interior-planungen.png 553w\" sizes=\"(max-width: 138px) 100vw, 138px\" \/><\/span><\/li>\n<li><span style=\"font-family: Arial, Helvetica, sans-serif;\">Introduzca sus datos de contacto, sitio web y URL del sitio web&#8230;<\/span><\/li>\n<\/ol>\n<p><img decoding=\"async\" class=\"alignnone size-medium wp-image-2673\" src=\"https:\/\/mregio.de\/wp-content\/uploads\/2023\/10\/formular-affiliate-partner-webseite-300x145.png\" alt=\"Formulario Sitio web de socios afiliados\" width=\"300\" height=\"145\" title=\"\" srcset=\"https:\/\/mregio.de\/wp-content\/uploads\/2023\/10\/formular-affiliate-partner-webseite-300x145.png 300w, https:\/\/mregio.de\/wp-content\/uploads\/2023\/10\/formular-affiliate-partner-webseite-1024x494.png 1024w, https:\/\/mregio.de\/wp-content\/uploads\/2023\/10\/formular-affiliate-partner-webseite-768x371.png 768w, https:\/\/mregio.de\/wp-content\/uploads\/2023\/10\/formular-affiliate-partner-webseite.png 1366w\" sizes=\"(max-width: 300px) 100vw, 300px\" \/><\/p>\n<p><span style=\"font-family: Arial, Helvetica, sans-serif;\">\u00abCanales de destino para el marketing de afiliaci\u00f3n\u00bb: Ingrese sus enlaces aqu\u00ed con los que comercializar\u00e1 nuestros productos en su sitio web y canales.<\/span><\/p>\n<hr>\n<p><span style=\"font-family: Arial, Helvetica, sans-serif;\"><br \/>\nUna vez que haya enviado la solicitud, su solicitud ser\u00e1 revisada por nosotros.<\/span><\/p>\n<p><span style=\"font-family: Arial, Helvetica, sans-serif;\">A continuaci\u00f3n, le asignaremos las comisiones y activaremos su cuenta.<\/span><\/p>\n<h3><strong><span style=\"font-family: Arial, Helvetica, sans-serif;\">Listo: \u00a1su cuenta de socio ya est\u00e1 activada!<\/span><\/strong><\/h3>\n<p><img decoding=\"async\" class=\"alignnone size-medium wp-image-2698\" src=\"https:\/\/mregio.de\/wp-content\/uploads\/2023\/10\/Prestashop-partnerkonto-affiliate-software-interior-planungen-145x300.png\" alt=\"Prestashop-cuenta-afiliada-software-afiliado-interior-planificaci\u00f3n\" width=\"145\" height=\"300\" title=\"\" srcset=\"https:\/\/mregio.de\/wp-content\/uploads\/2023\/10\/Prestashop-partnerkonto-affiliate-software-interior-planungen-145x300.png 145w, https:\/\/mregio.de\/wp-content\/uploads\/2023\/10\/Prestashop-partnerkonto-affiliate-software-interior-planungen.png 473w\" sizes=\"(max-width: 145px) 100vw, 145px\" \/><\/p>\n<p>&nbsp;<\/p>\n<h3><strong><span style=\"font-family: Arial, Helvetica, sans-serif;\">Ahora puede acceder a las siguientes \u00e1reas:<\/span><\/strong><\/h3>\n<h4><strong><span style=\"font-family: Arial, Helvetica, sans-serif;\">Mi cuenta de socio<\/span><\/strong><br \/>\n<img loading=\"lazy\" decoding=\"async\" class=\"alignnone size-large wp-image-2864\" src=\"https:\/\/mregio.de\/wp-content\/uploads\/2023\/10\/Prestashop-partnerkonto-ads-affiliate-software-interior-planungen-1024x193.png\" alt=\"Prestashop-cuenta-afiliada-anuncios-software-afiliado-interior-planificaci\u00f3n\" width=\"1024\" height=\"193\" title=\"\" srcset=\"https:\/\/mregio.de\/wp-content\/uploads\/2023\/10\/Prestashop-partnerkonto-ads-affiliate-software-interior-planungen-1024x193.png 1024w, https:\/\/mregio.de\/wp-content\/uploads\/2023\/10\/Prestashop-partnerkonto-ads-affiliate-software-interior-planungen-300x57.png 300w, https:\/\/mregio.de\/wp-content\/uploads\/2023\/10\/Prestashop-partnerkonto-ads-affiliate-software-interior-planungen-768x145.png 768w, https:\/\/mregio.de\/wp-content\/uploads\/2023\/10\/Prestashop-partnerkonto-ads-affiliate-software-interior-planungen-1536x290.png 1536w, https:\/\/mregio.de\/wp-content\/uploads\/2023\/10\/Prestashop-partnerkonto-ads-affiliate-software-interior-planungen-2048x387.png 2048w\" sizes=\"(max-width: 1024px) 100vw, 1024px\" \/><\/h4>\n<p><span style=\"font-family: Arial, Helvetica, sans-serif;\">Aqu\u00ed puedes encontrar el enlace de afiliado a nuestra tienda. Tan pronto como un cliente hace clic en este enlace, aterriza en nuestra tienda.<\/span><br \/>\n<span style=\"font-family: Arial, Helvetica, sans-serif;\">Su enlace de socio es \u00abrastreado\u00bb, es decir, se rastrea, por ejemplo, si el cliente compra productos y cu\u00e1les.<\/span><\/p>\n<p><span style=\"font-family: Arial, Helvetica, sans-serif;\">Si los anuncios publicitarios est\u00e1n almacenados en nuestro backend, los botones correspondientes aparecer\u00e1n en la esquina superior derecha.<\/span><br \/>\n<span style=\"font-family: Arial, Helvetica, sans-serif;\">Puede utilizar estos enlaces para explotar el contenido o el c\u00f3digo fuente directamente.<\/span><\/p>\n<p><img loading=\"lazy\" decoding=\"async\" class=\"alignnone wp-image-2869 size-medium\" src=\"https:\/\/mregio.de\/wp-content\/uploads\/2023\/10\/Prestashop-partnerkonto-werbeanzeige-affiliate-software-interior-planungen-195x300.png\" alt=\"Prestashop-cuenta-afiliado-ad-afiliado-software-interior-planificaci\u00f3n\" width=\"195\" height=\"300\" title=\"\" srcset=\"https:\/\/mregio.de\/wp-content\/uploads\/2023\/10\/Prestashop-partnerkonto-werbeanzeige-affiliate-software-interior-planungen-195x300.png 195w, https:\/\/mregio.de\/wp-content\/uploads\/2023\/10\/Prestashop-partnerkonto-werbeanzeige-affiliate-software-interior-planungen-666x1024.png 666w, https:\/\/mregio.de\/wp-content\/uploads\/2023\/10\/Prestashop-partnerkonto-werbeanzeige-affiliate-software-interior-planungen-768x1182.png 768w, https:\/\/mregio.de\/wp-content\/uploads\/2023\/10\/Prestashop-partnerkonto-werbeanzeige-affiliate-software-interior-planungen-998x1536.png 998w, https:\/\/mregio.de\/wp-content\/uploads\/2023\/10\/Prestashop-partnerkonto-werbeanzeige-affiliate-software-interior-planungen.png 1014w\" sizes=\"(max-width: 195px) 100vw, 195px\" \/><\/p>\n<p>&nbsp;<\/p>\n<h4><strong><span style=\"font-family: Arial, Helvetica, sans-serif;\">Resumen<\/span><\/strong><br \/>\n<span style=\"font-family: Arial, Helvetica, sans-serif;\"><img loading=\"lazy\" decoding=\"async\" class=\"alignnone wp-image-2708 size-large\" src=\"https:\/\/mregio.de\/wp-content\/uploads\/2023\/10\/Prestashop-partnerkonto-zusammenfassung-affiliate-software-interior-planungen-1024x372.png\" alt=\"Prestashop-affiliate-account-summary-affiliate-software-interior-planning\" width=\"1024\" height=\"372\" title=\"\" srcset=\"https:\/\/mregio.de\/wp-content\/uploads\/2023\/10\/Prestashop-partnerkonto-zusammenfassung-affiliate-software-interior-planungen-1024x372.png 1024w, https:\/\/mregio.de\/wp-content\/uploads\/2023\/10\/Prestashop-partnerkonto-zusammenfassung-affiliate-software-interior-planungen-300x109.png 300w, https:\/\/mregio.de\/wp-content\/uploads\/2023\/10\/Prestashop-partnerkonto-zusammenfassung-affiliate-software-interior-planungen-768x279.png 768w, https:\/\/mregio.de\/wp-content\/uploads\/2023\/10\/Prestashop-partnerkonto-zusammenfassung-affiliate-software-interior-planungen-1536x557.png 1536w, https:\/\/mregio.de\/wp-content\/uploads\/2023\/10\/Prestashop-partnerkonto-zusammenfassung-affiliate-software-interior-planungen-2048x743.png 2048w\" sizes=\"(max-width: 1024px) 100vw, 1024px\" \/><\/span><\/h4>\n<p><span style=\"font-family: Arial, Helvetica, sans-serif;\">Aqu\u00ed puedes ver un resumen de tus ventas<\/span><\/p>\n<h4><strong><span style=\"font-family: Arial, Helvetica, sans-serif;\">Campa\u00f1a<\/span><\/strong><br \/>\n<span style=\"font-family: Arial, Helvetica, sans-serif;\"><img loading=\"lazy\" decoding=\"async\" class=\"alignnone wp-image-2713 size-large\" src=\"https:\/\/mregio.de\/wp-content\/uploads\/2023\/10\/Prestashop-partnerkonto-kampagne-affiliate-software-interior-planungen-1024x201.png\" alt=\"Prestashop-cuenta-afiliada-campa\u00f1a-afiliado-software-interior-planificacion\" width=\"1024\" height=\"201\" title=\"\" srcset=\"https:\/\/mregio.de\/wp-content\/uploads\/2023\/10\/Prestashop-partnerkonto-kampagne-affiliate-software-interior-planungen-1024x201.png 1024w, https:\/\/mregio.de\/wp-content\/uploads\/2023\/10\/Prestashop-partnerkonto-kampagne-affiliate-software-interior-planungen-300x59.png 300w, https:\/\/mregio.de\/wp-content\/uploads\/2023\/10\/Prestashop-partnerkonto-kampagne-affiliate-software-interior-planungen-768x151.png 768w, https:\/\/mregio.de\/wp-content\/uploads\/2023\/10\/Prestashop-partnerkonto-kampagne-affiliate-software-interior-planungen-1536x301.png 1536w, https:\/\/mregio.de\/wp-content\/uploads\/2023\/10\/Prestashop-partnerkonto-kampagne-affiliate-software-interior-planungen-2048x402.png 2048w\" sizes=\"(max-width: 1024px) 100vw, 1024px\" \/><\/span><\/h4>\n<p><span style=\"font-family: Arial, Helvetica, sans-serif;\">Aqu\u00ed puedes crear tus propias campa\u00f1as. Se generan enlaces individuales para estas campa\u00f1as, de modo que se obtienen evaluaciones muy espec\u00edficas.<\/span><\/p>\n<p><span style=\"font-family: Arial, Helvetica, sans-serif;\"><img loading=\"lazy\" decoding=\"async\" class=\"alignnone wp-image-2733 size-medium\" src=\"https:\/\/mregio.de\/wp-content\/uploads\/2023\/10\/Prestashop-partnerkonto-kampagne-detail-affiliate-software-interior-planungen-300x184.png\" alt=\"Prestashop-affiliate-account-campaign-detail--affiliate-software-interior-planning\" width=\"300\" height=\"184\" title=\"\" srcset=\"https:\/\/mregio.de\/wp-content\/uploads\/2023\/10\/Prestashop-partnerkonto-kampagne-detail-affiliate-software-interior-planungen-300x184.png 300w, https:\/\/mregio.de\/wp-content\/uploads\/2023\/10\/Prestashop-partnerkonto-kampagne-detail-affiliate-software-interior-planungen-1024x627.png 1024w, https:\/\/mregio.de\/wp-content\/uploads\/2023\/10\/Prestashop-partnerkonto-kampagne-detail-affiliate-software-interior-planungen-768x470.png 768w, https:\/\/mregio.de\/wp-content\/uploads\/2023\/10\/Prestashop-partnerkonto-kampagne-detail-affiliate-software-interior-planungen-1536x940.png 1536w, https:\/\/mregio.de\/wp-content\/uploads\/2023\/10\/Prestashop-partnerkonto-kampagne-detail-affiliate-software-interior-planungen.png 2014w\" sizes=\"(max-width: 300px) 100vw, 300px\" \/><\/span><\/p>\n<p>&nbsp;<\/p>\n<h4><strong><span style=\"font-family: Arial, Helvetica, sans-serif;\">Productos y Comisiones<\/span><\/strong><br \/>\n<span style=\"font-family: Arial, Helvetica, sans-serif;\"><img loading=\"lazy\" decoding=\"async\" class=\"alignnone size-large wp-image-2718\" src=\"https:\/\/mregio.de\/wp-content\/uploads\/2023\/10\/Prestashop-partnerkonto-produkte-provisionen-affiliate-software-interior-planungen-1024x310.png\" alt=\"Prestashop-cuenta-de-afiliado-productos-comisiones-software-afiliado-planeaci\u00f3n-de-interiores\" width=\"1024\" height=\"310\" title=\"\" srcset=\"https:\/\/mregio.de\/wp-content\/uploads\/2023\/10\/Prestashop-partnerkonto-produkte-provisionen-affiliate-software-interior-planungen-1024x310.png 1024w, https:\/\/mregio.de\/wp-content\/uploads\/2023\/10\/Prestashop-partnerkonto-produkte-provisionen-affiliate-software-interior-planungen-300x91.png 300w, https:\/\/mregio.de\/wp-content\/uploads\/2023\/10\/Prestashop-partnerkonto-produkte-provisionen-affiliate-software-interior-planungen-768x232.png 768w, https:\/\/mregio.de\/wp-content\/uploads\/2023\/10\/Prestashop-partnerkonto-produkte-provisionen-affiliate-software-interior-planungen-1536x465.png 1536w, https:\/\/mregio.de\/wp-content\/uploads\/2023\/10\/Prestashop-partnerkonto-produkte-provisionen-affiliate-software-interior-planungen-2048x620.png 2048w\" sizes=\"(max-width: 1024px) 100vw, 1024px\" \/><\/span><\/h4>\n<p><span style=\"font-family: Arial, Helvetica, sans-serif;\">Todos los productos de la tienda se enumeran aqu\u00ed&#8230;<\/span><\/p>\n<p>&nbsp;<\/p>\n<h4><strong><span style=\"font-family: Arial, Helvetica, sans-serif;\">Ventas y Comisiones<\/span><\/strong><\/h4>\n<p><span style=\"font-family: Arial, Helvetica, sans-serif;\"><img loading=\"lazy\" decoding=\"async\" class=\"alignnone size-large wp-image-2723\" src=\"https:\/\/mregio.de\/wp-content\/uploads\/2023\/10\/Prestashop-partnerkonto-verkaeufe-provisionen-affiliate-software-interior-planungen-1024x155.png\" alt=\"Prestashop-cuenta-de-afiliado-ventas-comisiones-software-afiliado-planeaci\u00f3n-de-interiores\" width=\"1024\" height=\"155\" title=\"\" srcset=\"https:\/\/mregio.de\/wp-content\/uploads\/2023\/10\/Prestashop-partnerkonto-verkaeufe-provisionen-affiliate-software-interior-planungen-1024x155.png 1024w, https:\/\/mregio.de\/wp-content\/uploads\/2023\/10\/Prestashop-partnerkonto-verkaeufe-provisionen-affiliate-software-interior-planungen-300x45.png 300w, https:\/\/mregio.de\/wp-content\/uploads\/2023\/10\/Prestashop-partnerkonto-verkaeufe-provisionen-affiliate-software-interior-planungen-768x116.png 768w, https:\/\/mregio.de\/wp-content\/uploads\/2023\/10\/Prestashop-partnerkonto-verkaeufe-provisionen-affiliate-software-interior-planungen-1536x232.png 1536w, https:\/\/mregio.de\/wp-content\/uploads\/2023\/10\/Prestashop-partnerkonto-verkaeufe-provisionen-affiliate-software-interior-planungen-2048x309.png 2048w\" sizes=\"(max-width: 1024px) 100vw, 1024px\" \/><\/span><\/p>\n<p><span style=\"font-family: Arial, Helvetica, sans-serif;\">Aqu\u00ed puede ver un resumen de sus ventas &#8230;<\/span><\/p>\n<p>&nbsp;<\/p>\n<h4><strong><span style=\"font-family: Arial, Helvetica, sans-serif;\">Mis membres\u00edas de por vida<\/span><\/strong><\/h4>\n<p><span style=\"font-family: Arial, Helvetica, sans-serif;\"><img loading=\"lazy\" decoding=\"async\" class=\"alignnone size-large wp-image-2728\" src=\"https:\/\/mregio.de\/wp-content\/uploads\/2023\/10\/Prestashop-partnerkonto-lebenslange-mitgliedschaften-affiliate-software-interior-planungen-1024x152.png\" alt=\"prestashop-cuenta-de-afiliado-membres\u00edas-de-por vida-software-de-afiliado-interior-planificaci\u00f3n\" width=\"1024\" height=\"152\" title=\"\" srcset=\"https:\/\/mregio.de\/wp-content\/uploads\/2023\/10\/Prestashop-partnerkonto-lebenslange-mitgliedschaften-affiliate-software-interior-planungen-1024x152.png 1024w, https:\/\/mregio.de\/wp-content\/uploads\/2023\/10\/Prestashop-partnerkonto-lebenslange-mitgliedschaften-affiliate-software-interior-planungen-300x45.png 300w, https:\/\/mregio.de\/wp-content\/uploads\/2023\/10\/Prestashop-partnerkonto-lebenslange-mitgliedschaften-affiliate-software-interior-planungen-768x114.png 768w, https:\/\/mregio.de\/wp-content\/uploads\/2023\/10\/Prestashop-partnerkonto-lebenslange-mitgliedschaften-affiliate-software-interior-planungen-1536x228.png 1536w, https:\/\/mregio.de\/wp-content\/uploads\/2023\/10\/Prestashop-partnerkonto-lebenslange-mitgliedschaften-affiliate-software-interior-planungen-2048x304.png 2048w\" sizes=\"(max-width: 1024px) 100vw, 1024px\" \/><\/span><\/p>\n<p><span style=\"font-family: Arial, Helvetica, sans-serif;\">Aqu\u00ed puedes ver si la configuraci\u00f3n de las comisiones de por vida est\u00e1 activa.<\/span><br \/>\n<span style=\"font-family: Arial, Helvetica, sans-serif;\">Cuando esta opci\u00f3n est\u00e1 habilitada, cada cliente que sea llevado a su sitio por un afiliado recibir\u00e1 comisiones de por vida sobre todas sus ventas.  <\/span><br \/>\n<span style=\"font-family: Arial, Helvetica, sans-serif;\">El socio de por vida solo se asigna cuando el cliente realiza un pedido  <\/span><\/p>\n","protected":false},"excerpt":{"rendered":"<p>\u00a1Convi\u00e9rtase en nuestro socio afiliado ahora! \u00bfEst\u00e1 interesado en nuestros productos? \u00bfTiene su propio sitio web o canales de redes sociales que se visitan regularmente? \u00a1Entonces trabajemos juntos! A trav\u00e9s de nuestro programa de socios afiliados, puede comercializar todos los art\u00edculos que aparecen en nuestra tienda bajo shop.edv-cad.de . En nuestro surtido encontrar\u00e1 productos que [&hellip;]<\/p>\n","protected":false},"author":1,"featured_media":0,"parent":0,"menu_order":0,"comment_status":"closed","ping_status":"closed","template":"","meta":{"footnotes":""},"class_list":["post-2669","page","type-page","status-publish","hentry"],"_links":{"self":[{"href":"https:\/\/mregio.de\/es\/wp-json\/wp\/v2\/pages\/2669","targetHints":{"allow":["GET"]}}],"collection":[{"href":"https:\/\/mregio.de\/es\/wp-json\/wp\/v2\/pages"}],"about":[{"href":"https:\/\/mregio.de\/es\/wp-json\/wp\/v2\/types\/page"}],"author":[{"embeddable":true,"href":"https:\/\/mregio.de\/es\/wp-json\/wp\/v2\/users\/1"}],"replies":[{"embeddable":true,"href":"https:\/\/mregio.de\/es\/wp-json\/wp\/v2\/comments?post=2669"}],"version-history":[{"count":0,"href":"https:\/\/mregio.de\/es\/wp-json\/wp\/v2\/pages\/2669\/revisions"}],"wp:attachment":[{"href":"https:\/\/mregio.de\/es\/wp-json\/wp\/v2\/media?parent=2669"}],"curies":[{"name":"wp","href":"https:\/\/api.w.org\/{rel}","templated":true}]}}