{"id":10667,"date":"2024-11-14T11:08:47","date_gmt":"2024-11-14T10:08:47","guid":{"rendered":"https:\/\/mregio.de\/renuncia-2\/"},"modified":"2024-11-14T11:11:34","modified_gmt":"2024-11-14T10:11:34","slug":"renuncia-2","status":"publish","type":"page","link":"https:\/\/mregio.de\/es\/legal\/renuncia-2\/","title":{"rendered":"Renuncia"},"content":{"rendered":"\n<p>Al utilizar el <a href=\"https:\/\/mregio.de\/es\/\">sitio web https:\/\/ mregio\/<\/a> (el \u00abSitio web\u00bb) y las caracter\u00edsticas de dise\u00f1o de nuestro software de dise\u00f1o (el \u00abSoftware\u00bb) disponibles a trav\u00e9s del sitio web, incluida, entre otras, la capacidad de cargar contenido como iconos, texturas (im\u00e1genes o cualquier otro contenido, por ejemplo, contenido gr\u00e1fico), usted reconoce y acepta lo siguiente:<\/p>\n\n<p>Usted, el Usuario, es el \u00fanico responsable de todo el contenido que cargue en el Sitio web y el Software o que incorpore a sus dise\u00f1os, incluidas, entre otras, las im\u00e1genes y los iconos (colectivamente, \u00abContenido cargado\u00bb). Usted declara y garantiza que posee todos los derechos de propiedad intelectual de dicho Contenido Cargado o que ha obtenido todas las licencias, consentimientos o permisos necesarios para la carga y el uso legales de dicho Contenido en el Sitio.<\/p>\n\n<h2 class=\"wp-block-heading\"><strong>Derechos de propiedad intelectual (DPI) y concesi\u00f3n de licencias<\/strong><\/h2>\n\n<p>Al cargar contenido, usted declara que su contenido cargado no infringe ning\u00fan derecho de propiedad intelectual de terceros, incluidos, entre otros, los derechos de autor, marcas comerciales o patentes. Tambi\u00e9n garantiza que Su Contenido no viola ninguna licencia, ley o reglamento aplicable, incluidas, entre otras, las leyes locales, nacionales o internacionales de propiedad intelectual, privacidad o contratos. No supervisamos ni revisamos activamente el contenido subido por los usuarios para comprobar que cumple con las leyes de propiedad intelectual u otros requisitos legales. La responsabilidad de garantizar que el contenido cargado sea legal, no infrinja los derechos y tenga la licencia adecuada recae \u00fanicamente en usted, el usuario.<\/p>\n\n<h2 class=\"wp-block-heading\"><strong>Reclamaciones de terceros<\/strong><\/h2>\n\n<p>En caso de cualquier reclamaci\u00f3n o acci\u00f3n contra el Sitio Web o sus operadores debido al contenido cargado por los Usuarios, el Usuario se compromete a indemnizar y eximir de responsabilidad a la Compa\u00f1\u00eda, sus afiliados y empleados por cualquier da\u00f1o, responsabilidad o costo legal.<\/p>\n\n<h2 class=\"wp-block-heading\"><strong>Limitaci\u00f3n de responsabilidad<\/strong><\/h2>\n\n<p>En ning\u00fan caso el Sitio Web, sus propietarios, empleados, filiales o socios ser\u00e1n responsables de ninguna reclamaci\u00f3n, da\u00f1o o acci\u00f3n legal derivada de los contenidos subidos por los usuarios. Esto incluye, entre otros, reclamos relacionados con infracci\u00f3n de derechos de autor, infracci\u00f3n de marcas comerciales o uso ilegal del contenido cargado, incluidas im\u00e1genes o \u00edconos en dise\u00f1os de muebles creados con el Sitio.<\/p>\n\n<h2 class=\"wp-block-heading\"><strong>Compensaci\u00f3n<\/strong><\/h2>\n\n<p>Usted se compromete a indemnizar y eximir de responsabilidad al Sitio, a sus propietarios, afiliados y empleados de y contra todas y cada una de las reclamaciones, responsabilidades, p\u00e9rdidas, da\u00f1os y gastos (incluidos los honorarios razonables de los abogados) que surjan de o en relaci\u00f3n con cualquiera de los siguientes<\/p>\n\n<ol class=\"wp-block-list\">\n<li>Cualquier incumplimiento de sus declaraciones y garant\u00edas con respecto al Contenido Cargado;<\/li>\n\n\n\n<li>Cualquier uso del sitio web o del software de dise\u00f1o que infrinja cualquier ley aplicable o los derechos de terceros; o<\/li>\n\n\n\n<li>Cualquier litigio o reclamaci\u00f3n de un tercero en relaci\u00f3n con su Contenido Cargado.<\/li>\n<\/ol>\n\n<p>Nos reservamos el derecho de cambiar o actualizar este descargo de responsabilidad sin previo aviso. Al utilizar este sitio web y el software, usted acepta estar sujeto a los T\u00e9rminos y Condiciones, este Descargo de Responsabilidad y otras pol\u00edticas. Si no est\u00e1 de acuerdo con los T\u00e9rminos de uso y el Descargo de responsabilidad, no utilice nuestro sitio web y\/o software.<\/p>\n","protected":false},"excerpt":{"rendered":"<p>Al utilizar el sitio web https:\/\/ mregio\/ (el \u00abSitio web\u00bb) y las caracter\u00edsticas de dise\u00f1o de nuestro software de dise\u00f1o (el \u00abSoftware\u00bb) disponibles a trav\u00e9s del sitio web, incluida, entre otras, la capacidad de cargar contenido como iconos, texturas (im\u00e1genes o cualquier otro contenido, por ejemplo, contenido gr\u00e1fico), usted reconoce y acepta lo siguiente: Usted, [&hellip;]<\/p>\n","protected":false},"author":4,"featured_media":0,"parent":10677,"menu_order":0,"comment_status":"closed","ping_status":"closed","template":"","meta":{"footnotes":""},"class_list":["post-10667","page","type-page","status-publish","hentry"],"_links":{"self":[{"href":"https:\/\/mregio.de\/es\/wp-json\/wp\/v2\/pages\/10667","targetHints":{"allow":["GET"]}}],"collection":[{"href":"https:\/\/mregio.de\/es\/wp-json\/wp\/v2\/pages"}],"about":[{"href":"https:\/\/mregio.de\/es\/wp-json\/wp\/v2\/types\/page"}],"author":[{"embeddable":true,"href":"https:\/\/mregio.de\/es\/wp-json\/wp\/v2\/users\/4"}],"replies":[{"embeddable":true,"href":"https:\/\/mregio.de\/es\/wp-json\/wp\/v2\/comments?post=10667"}],"version-history":[{"count":1,"href":"https:\/\/mregio.de\/es\/wp-json\/wp\/v2\/pages\/10667\/revisions"}],"predecessor-version":[{"id":10668,"href":"https:\/\/mregio.de\/es\/wp-json\/wp\/v2\/pages\/10667\/revisions\/10668"}],"up":[{"embeddable":true,"href":"https:\/\/mregio.de\/es\/wp-json\/wp\/v2\/pages\/10677"}],"wp:attachment":[{"href":"https:\/\/mregio.de\/es\/wp-json\/wp\/v2\/media?parent=10667"}],"curies":[{"name":"wp","href":"https:\/\/api.w.org\/{rel}","templated":true}]}}